{"id":33659,"date":"2016-02-03T12:51:26","date_gmt":"2016-02-03T11:51:26","guid":{"rendered":"https:\/\/ventesengros.fr\/grossiste\/graine-de-nigelle-sanouj\/"},"modified":"2022-11-09T09:28:18","modified_gmt":"2022-11-09T08:28:18","slug":"graine-de-nigelle-sanouj","status":"publish","type":"product","link":"https:\/\/ventesengros.fr\/pt\/grossiste\/sanouj-de-sementes-de-cominho-preto\/","title":{"rendered":"Sementes de Nigella por quilo (sanouj)"},"content":{"rendered":"<p><strong>Sementes de cominhos pretos marroquinos (sanouj).<\/strong><\/p>\n<p>Propriedade:<\/p>\n<p>-Melhora o sistema imunit\u00e1rio e d\u00e1 energia ao corpo.<\/p>\n<p>-Combate a astenia f\u00edsica, intelectual e sexual.<\/p>\n<p>-Tonifica\u00e7\u00e3o<\/p>\n<p>Para um efeito completo e eficaz, \u00e9 aconselh\u00e1vel tomar cominho preto em p\u00f3 numa base permanente.<\/p>\n<p><strong>Peso :<\/strong> 1 kg.<\/p>","protected":false},"excerpt":{"rendered":"<p>Oferecemos-lhe <strong>Sementes de cominho preto por quilo (sanouj)<\/strong><strong>\u00a0<\/strong>vendido em embalagens de 1 kg.<\/p>\n<p>1 lote :\u00a0<span style=\"color: #0ad227;\">9,90\u20ac\/pe\u00e7a<\/span><\/p>\n<p>&nbsp;<\/p>\n<p>&nbsp;<\/p>\n<p style=\"text-align: center;\">","protected":false},"featured_media":33664,"template":"","meta":[],"product_brand":[],"product_cat":[360,59],"product_tag":[836,258,77,974,975,362,361],"class_list":{"0":"post-33659","1":"product","2":"type-product","3":"status-publish","4":"has-post-thumbnail","6":"product_cat-produit-naturel-en-vrac","7":"product_cat-soin-et-bien-etre","8":"product_tag-darabie","9":"product_tag-en-gros","10":"product_tag-graine-de-nigelle","11":"product_tag-grossiste","12":"product_tag-naturel","13":"product_tag-produit","14":"product_tag-vrac","15":"pa_lot-158","16":"pa_lot-160","17":"pa_lot-159","19":"first","20":"instock","21":"shipping-taxable","22":"purchasable","23":"product-type-simple"},"_links":{"self":[{"href":"https:\/\/ventesengros.fr\/pt\/wp-json\/wp\/v2\/product\/33659","targetHints":{"allow":["GET"]}}],"collection":[{"href":"https:\/\/ventesengros.fr\/pt\/wp-json\/wp\/v2\/product"}],"about":[{"href":"https:\/\/ventesengros.fr\/pt\/wp-json\/wp\/v2\/types\/product"}],"wp:featuredmedia":[{"embeddable":true,"href":"https:\/\/ventesengros.fr\/pt\/wp-json\/wp\/v2\/media\/33664"}],"wp:attachment":[{"href":"https:\/\/ventesengros.fr\/pt\/wp-json\/wp\/v2\/media?parent=33659"}],"wp:term":[{"taxonomy":"product_brand","embeddable":true,"href":"https:\/\/ventesengros.fr\/pt\/wp-json\/wp\/v2\/product_brand?post=33659"},{"taxonomy":"product_cat","embeddable":true,"href":"https:\/\/ventesengros.fr\/pt\/wp-json\/wp\/v2\/product_cat?post=33659"},{"taxonomy":"product_tag","embeddable":true,"href":"https:\/\/ventesengros.fr\/pt\/wp-json\/wp\/v2\/product_tag?post=33659"}],"curies":[{"name":"wp","href":"https:\/\/api.w.org\/{rel}","templated":true}]}}