{"id":33425,"date":"2016-01-04T16:06:55","date_gmt":"2016-01-04T15:06:55","guid":{"rendered":"https:\/\/ventesengros.fr\/grossiste\/pompe-hijama-haute-qualite%e2%80%8f\/"},"modified":"2022-06-30T23:13:33","modified_gmt":"2022-06-30T22:13:33","slug":"pompe-hijama-haute-qualite","status":"publish","type":"product","link":"https:\/\/ventesengros.fr\/pt\/grossiste\/bomba-hijama-de-alta-qualidade\/","title":{"rendered":"Bomba hijama de alta qualidade (lote de 12 pe\u00e7as)"},"content":{"rendered":"<p><strong>Propriedade:<\/strong><\/p>\n<p>Bomba manual de alta qualidade para hijama vendida isoladamente sem o kit por um valor de 3,35\u20ac, esta bomba est\u00e1 muito bem adaptada \u00e0s ventosas que permitem uma boa suc\u00e7\u00e3o com facilidade.<\/p>\n<p><b>Peso:<\/b>80g\/pe\u00e7a<\/p>","protected":false},"excerpt":{"rendered":"<p>Oferecemos-lhe\u00a0<strong>Bomba hijama de alta qualidade <\/strong>vendido em embalagens de 12 unidades a 3,35 euros cada.<\/p>\n<p>Pre\u00e7o de retalho recomendado 7,50 euros.<\/p>\n<p>1 lote : <span style=\"color: #0ad227;\">3,35\/pe\u00e7a X 12 = 40,20 euros<\/span><\/p>\n<p>&nbsp;<\/p>\n<p>&nbsp;<\/p>","protected":false},"featured_media":33429,"template":"","meta":[],"product_brand":[],"product_cat":[60,234],"product_tag":[258,974,1111],"class_list":{"0":"post-33425","1":"product","2":"type-product","3":"status-publish","4":"has-post-thumbnail","6":"product_cat-bazar","7":"product_cat-kit-hijama","8":"product_tag-en-gros","9":"product_tag-grossiste","10":"product_tag-pompe-hijama-haute-qualite","11":"pa_lot-158","12":"pa_lot-160","13":"pa_lot-159","15":"first","16":"instock","17":"shipping-taxable","18":"purchasable","19":"product-type-simple"},"_links":{"self":[{"href":"https:\/\/ventesengros.fr\/pt\/wp-json\/wp\/v2\/product\/33425","targetHints":{"allow":["GET"]}}],"collection":[{"href":"https:\/\/ventesengros.fr\/pt\/wp-json\/wp\/v2\/product"}],"about":[{"href":"https:\/\/ventesengros.fr\/pt\/wp-json\/wp\/v2\/types\/product"}],"wp:featuredmedia":[{"embeddable":true,"href":"https:\/\/ventesengros.fr\/pt\/wp-json\/wp\/v2\/media\/33429"}],"wp:attachment":[{"href":"https:\/\/ventesengros.fr\/pt\/wp-json\/wp\/v2\/media?parent=33425"}],"wp:term":[{"taxonomy":"product_brand","embeddable":true,"href":"https:\/\/ventesengros.fr\/pt\/wp-json\/wp\/v2\/product_brand?post=33425"},{"taxonomy":"product_cat","embeddable":true,"href":"https:\/\/ventesengros.fr\/pt\/wp-json\/wp\/v2\/product_cat?post=33425"},{"taxonomy":"product_tag","embeddable":true,"href":"https:\/\/ventesengros.fr\/pt\/wp-json\/wp\/v2\/product_tag?post=33425"}],"curies":[{"name":"wp","href":"https:\/\/api.w.org\/{rel}","templated":true}]}}