{"id":33413,"date":"2016-01-04T09:41:59","date_gmt":"2016-01-04T08:41:59","guid":{"rendered":"https:\/\/ventesengros.fr\/grossiste\/gelee-royale-aphrodisiaque-20g%e2%80%8f\/"},"modified":"2026-02-10T09:44:33","modified_gmt":"2026-02-10T08:44:33","slug":"miel-du-soudan","status":"publish","type":"product","link":"https:\/\/ventesengros.fr\/pt\/grossiste\/mel-do-sudao\/","title":{"rendered":"Mel afrodis\u00edaco real do Sud\u00e3o 10 g X 24"},"content":{"rendered":"<p>O mel do Sud\u00e3o \u00e9 um mel de qualidade superior. A sua f\u00f3rmula enriquecida faz dele um cocktail de luxo para ser utilizado subtilmente em ocasi\u00f5es especiais. Pouco conhecido em Fran\u00e7a, a sua fun\u00e7\u00e3o afrodis\u00edaca \u00e9 uma alternativa de primeira ordem para os problemas de impot\u00eancia nos homens.<\/p>\n<h2><b>Mel do Sud\u00e3o: um cocktail super-poderoso<\/b><\/h2>\n<p>O mel do Sud\u00e3o \u00e9 uma mistura de mel, geleia real e ervas tropicais vendida numa saqueta de 25 gramas. O lote completo \u00e9 composto por dez unidades. \u00c9 um afrodis\u00edaco natural muito eficaz. Acelera a circula\u00e7\u00e3o sangu\u00ednea no corpo, irrigando o m\u00fasculo reprodutor.<\/p>\n<p>\u00c9 essa a sua principal fun\u00e7\u00e3o. O mel, e mais ainda a geleia real, s\u00e3o grandes impulsionadores de energia. D\u00e3o um impulso incr\u00edvel ao sistema imunit\u00e1rio e proporcionam uma for\u00e7a deslumbrante. Ao justapor produtos de elevado valor acrescentado, o mel sudan\u00eas em vagem permite restaurar os m\u00fasculos e a coragem, estimulando o esfor\u00e7o f\u00edsico.<\/p>\n<h2><b>Especiarias de Tongkat Ali: uma planta not\u00e1vel<\/b><\/h2>\n<p>Muitas das plantas medicinais do mundo prov\u00eam da medicina chinesa ou fazem parte da farmacopeia do Sudeste Asi\u00e1tico. Estes rem\u00e9dios eficazes incluem<span class=\"Apple-converted-space\">\u00a0 <\/span>a planta de <a href=\"https:\/\/www.ma-fertilite.com\/produit\/tongkat-ali\" target=\"_blank\" rel=\"noopener noreferrer\"><strong>Tongkat Ali<\/strong><\/a>. Esta planta herb\u00e1cea dos tr\u00f3picos h\u00famidos \u00e9 tamb\u00e9m um afrodis\u00edaco surpreendente, dando \u00e0 f\u00f3rmula do mel do Sud\u00e3o um impulso extra. De facto, o mel do Sud\u00e3o n\u00e3o poderia cumprir a sua promessa sem esta preciosa especiaria asi\u00e1tica. Ela d\u00e1 efetivamente o toque final e o poder estimulante ao nosso precioso cocktail.<\/p>\n<p>De facto, o produto da colmeia sudanesa, com todos os seus elementos, continua a ser uma exce\u00e7\u00e3o natural. Nunca antes uma f\u00f3rmula natural tinha produzido tantos resultados positivos num espa\u00e7o de tempo t\u00e3o curto. E isso explica-se pelas misturas sucessivas de produtos afrodis\u00edacos naturais incorporados na f\u00f3rmula.<\/p>\n<p>Fotografia n\u00e3o contratual<\/p>\n<p>Todos os nossos produtos est\u00e3o dispon\u00edveis em marca branca (<a href=\"https:\/\/ventesengros.fr\/pt\/contacto\/\"><strong>a pedido<\/strong><\/a>)<\/p>\n<p>Pre\u00e7o decrescente em 10 lotes desconto de 10% (<a href=\"https:\/\/ventesengros.fr\/pt\/contacto\/\"><strong>a pedido<\/strong><\/a>)<\/p>","protected":false},"excerpt":{"rendered":"<p>Oferecemos paus de <strong>mel do sud\u00e3o<\/strong> vendido em caixas de 24 unidades.<\/p>\n<p><strong>1 lote : <span style=\"color: #0ad227;\">32\u20ac caixa de 24 saquetas<\/span><\/strong><\/p>","protected":false},"featured_media":39696,"template":"","meta":[],"product_brand":[],"product_cat":[206,930,59],"product_tag":[258,1110,974],"class_list":{"0":"post-33413","1":"product","2":"type-product","3":"status-publish","4":"has-post-thumbnail","6":"product_cat-alimentation","7":"product_cat-aphrodisiaque","8":"product_cat-soin-et-bien-etre","9":"product_tag-en-gros","10":"product_tag-gelee-royale-aphrodisiaque-20g","11":"product_tag-grossiste","12":"pa_lot-158","13":"pa_lot-2-lots-economisez-14e","14":"pa_lot-3-lots-economisez-430-euros","16":"first","17":"instock","18":"shipping-taxable","19":"purchasable","20":"product-type-simple"},"_links":{"self":[{"href":"https:\/\/ventesengros.fr\/pt\/wp-json\/wp\/v2\/product\/33413","targetHints":{"allow":["GET"]}}],"collection":[{"href":"https:\/\/ventesengros.fr\/pt\/wp-json\/wp\/v2\/product"}],"about":[{"href":"https:\/\/ventesengros.fr\/pt\/wp-json\/wp\/v2\/types\/product"}],"wp:featuredmedia":[{"embeddable":true,"href":"https:\/\/ventesengros.fr\/pt\/wp-json\/wp\/v2\/media\/39696"}],"wp:attachment":[{"href":"https:\/\/ventesengros.fr\/pt\/wp-json\/wp\/v2\/media?parent=33413"}],"wp:term":[{"taxonomy":"product_brand","embeddable":true,"href":"https:\/\/ventesengros.fr\/pt\/wp-json\/wp\/v2\/product_brand?post=33413"},{"taxonomy":"product_cat","embeddable":true,"href":"https:\/\/ventesengros.fr\/pt\/wp-json\/wp\/v2\/product_cat?post=33413"},{"taxonomy":"product_tag","embeddable":true,"href":"https:\/\/ventesengros.fr\/pt\/wp-json\/wp\/v2\/product_tag?post=33413"}],"curies":[{"name":"wp","href":"https:\/\/api.w.org\/{rel}","templated":true}]}}