{"id":33376,"date":"2016-05-14T09:56:38","date_gmt":"2016-05-14T08:56:38","guid":{"rendered":"https:\/\/ventesengros.fr\/grossiste\/dattes-ajwa-200g\/"},"modified":"2022-06-30T23:08:59","modified_gmt":"2022-06-30T22:08:59","slug":"dattes-ajwa-250g","status":"publish","type":"product","link":"https:\/\/ventesengros.fr\/pt\/grossiste\/tamaras-ajwa-250g\/","title":{"rendered":"T\u00e2maras ajwa em embalagens de 7 ou 250 g"},"content":{"rendered":"<p>Origin\u00e1rias de Medina, as t\u00e2maras Ajwa s\u00e3o conhecidas em todo o mundo pela sua qualidade e benef\u00edcios para a sa\u00fade. E, excecionalmente, estas t\u00e2maras s\u00f3 crescem em Medina, pois n\u00e3o s\u00e3o produzidas em mais lado nenhum!<\/p>\n<p>Visitar <a href=\"https:\/\/www.islam-oumma.fr\" target=\"_blank\" rel=\"noopener noreferrer\"><strong>Isl\u00e3o<\/strong><\/a>, Existem textos aut\u00eanticos do Profeta Maom\u00e9, que a paz e as b\u00ean\u00e7\u00e3os estejam com ele, que citam diretamente a import\u00e2ncia deste fruto:<\/p>\n<p>De acordo com Sa'd ibn abi Waqass, o Profeta, que a paz e as b\u00ean\u00e7\u00e3os estejam com ele, disse: \u00abQuem tomar o pequeno-almo\u00e7o de manh\u00e3 com sete t\u00e2maras \u00abal \u2018Ajwa\u00bb, nada lhe poder\u00e1 fazer mal nesse dia, nem veneno nem feiti\u00e7aria\u00bb.\u00bb<\/p>\n<p><strong>relatado em Sahih al bukhari e Muslim<\/strong>.<\/p>\n<h2>Um pouco de hist\u00f3ria sobre o produto natural t\u00e2maras ajwa<\/h2>\n<p>O <a href=\"https:\/\/www.dattes-ajwa.com\" target=\"_blank\" rel=\"noopener\"><strong>Datas de Al Ajwa<\/strong><\/a> S\u00e3o origin\u00e1rias da cidade de Medina, onde as tamareiras foram plantadas pelo pr\u00f3prio Profeta, que a paz e as b\u00ean\u00e7\u00e3os estejam com ele, o que as torna \u00fanicas no mundo!<\/p>\n<p>Mais precisamente do sudeste de Medina, uma regi\u00e3o mencionada no hadith, o Profeta (que a paz e a salva\u00e7\u00e3o estejam com ele) recomendou que com\u00eassemos estas deliciosas t\u00e2maras.<\/p>\n<p>\u00c9 de notar que alguns s\u00e1bios dizem que o hadith sobre os benef\u00edcios de comer a t\u00e2mara Ajwa se aplica a todas as variedades de t\u00e2maras de Medina, e Al\u00e1 \u00e9 mais conhecedor.<\/p>\n<p>Cultivada h\u00e1 centenas de anos, a t\u00e2mara ajwa faz parte do patrim\u00f3nio da Ar\u00e1bia Saudita e \u00e9 um motivo de orgulho para o povo saudita, que atribui a este fruto nobre um lugar especial, tal como atribui ao seu pr\u00f3prio fruto. <a href=\"https:\/\/www.maktaba-alikhlas.com\/114-dattes\" target=\"_blank\" rel=\"noopener noreferrer\"><strong>datas sukari<\/strong><\/a>.<\/p>\n<p>Apreciado n\u00e3o s\u00f3 na Ar\u00e1bia, mas em todo o mundo, o seu sabor carater\u00edstico conquistou muitas pessoas.<\/p>\n<p>\u00c9 de salientar que as t\u00e2maras ajwa n\u00e3o s\u00e3o nada parecidas com as famosas t\u00e2maras argelinas deglet nour, t\u00e3o famosas em Fran\u00e7a, pois t\u00eam uma cor mais escura e uma forma diferente.<\/p>\n<h3>Saiba mais sobre os benef\u00edcios das datas ajwa abaixo<\/h3>\n<p>A t\u00e2mara ajwa \u00e9 um fruto seco muito rico e nutritivo, sendo a variedade de t\u00e2mara preferida dos <strong>Profeta Mohamed<\/strong>, que a paz e a salva\u00e7\u00e3o estejam com ele.<\/p>\n<p>A sua cor preta \u00e9 particularmente carater\u00edstica, tal como o seu sabor doce e frutado.<\/p>\n<p>Estas t\u00e2maras t\u00eam um sabor a caramelo, com um ligeiro toque de alca\u00e7uz, e na boca t\u00eam uma textura fina e de alta qualidade.<\/p>\n<p>S\u00e3o consumidas pelo seu sabor excecional, mas tamb\u00e9m e sobretudo pelos benef\u00edcios que cont\u00eam, pois as t\u00e2maras ajwa permitem :<\/p>\n<ul>\n<li>Melhorar o tr\u00e2nsito intestinal,<\/li>\n<li>Um impulso de energia,<\/li>\n<li>Ter uma cura para a bruxaria,<\/li>\n<li>Prevenir o risco de inflama\u00e7\u00e3o intestinal,<\/li>\n<li>Melhorar a sa\u00fade do cora\u00e7\u00e3o,<\/li>\n<li>Reduzir a tens\u00e3o arterial,<\/li>\n<li>Reduzir o risco de acidente vascular cerebral,<\/li>\n<li>Tamb\u00e9m fortalece os ossos,<\/li>\n<li>E muito mais...<\/li>\n<\/ul>\n<p>Completaremos a lista destes benef\u00edcios dizendo que as t\u00e2maras ajwa cont\u00eam :<\/p>\n<ul>\n<li>Ferro,<\/li>\n<li>Magn\u00e9sio,<\/li>\n<li>Cont\u00e9m pot\u00e1ssio,<\/li>\n<li>C\u00e1lcio,<\/li>\n<li>F\u00f3sforo,<\/li>\n<li>Vitaminas A, C, B1 e B5.<\/li>\n<\/ul>\n<p>Esta lista \u00e9, evidentemente, exaustiva. Dado o grande n\u00famero de elementos ben\u00e9ficos. Cit\u00e1mos alguns dos <strong>benef\u00edcios das datas<\/strong>. Seria demasiado para o leitor enumer\u00e1-las todas. Em conclus\u00e3o, trata-se de um produto sem aditivos, sem a\u00e7\u00facar adicionado, sem enxofre e 100% natural.<\/p>\n<h3>Modo de utiliza\u00e7\u00e3o<\/h3>\n<p>O consumo de 7 t\u00e2maras Ajwa fornece 15% da dose di\u00e1ria recomendada de ferro e 35% da dose di\u00e1ria recomendada de pot\u00e1ssio.<\/p>\n<p>As t\u00e2maras Ajwa devem ser consumidas de manh\u00e3, em n\u00famero de sete, de acordo com o hadith acima citado.<\/p>\n<p>Recomendamos especialmente esta data para as mulheres gr\u00e1vidas e a amamentar.<\/p>\n<p>No entanto, n\u00e3o tem de os comer em lotes de 7, pode com\u00ea-los apenas como um deleite, porque s\u00e3o muito deliciosos.<\/p>\n<p>Orient Grossiste recomenda com\u00ea-los na sua forma crua. Pode tamb\u00e9m dar asas \u00e0 sua imagina\u00e7\u00e3o, adaptando-as como quiser.<\/p>\n<p>Finalmente, pode oferec\u00ea-los como presentes - s\u00e3o muito apreciados.<\/p>\n<h3>Medidas de conserva\u00e7\u00e3o e de precau\u00e7\u00e3o<\/h3>\n<p>Para conservar estas t\u00e2maras o mais tempo poss\u00edvel, mantenha-as \u00e0 temperatura ambiente entre 10 e 25 graus.<\/p>\n<p>O objetivo \u00e9 preservar as suas propriedades medicinais. A inobserv\u00e2ncia destas indica\u00e7\u00f5es prejudicaria gravemente as qualidades intr\u00ednsecas destas t\u00e2maras.<\/p>\n<p>Todos os nossos produtos est\u00e3o dispon\u00edveis em marca branca (<a href=\"https:\/\/ventesengros.fr\/pt\/contacto\/\"><strong>a pedido<\/strong><\/a>)<\/p>\n<p>Fotografia n\u00e3o contratual<\/p>","protected":false},"excerpt":{"rendered":"<p>Oferecemos esta gama de datas ajwa vendidas por <span style=\"color: #0000ff;\"><strong>pacotes de 6 (250g) ou por lote de 7 t\u00e2maras.<\/strong><\/span><\/p>\n<ul>\n<li><b>Pre\u00e7o unit\u00e1rio para 7 datas\u00a0<span class=\"Apple-converted-space\">\u00a0<\/span>:<\/b>\u00a0<span style=\"color: #ff0000;\"><strong>1,90\u20ac<\/strong><\/span><\/li>\n<li><b>Pre\u00e7o por 250g\u00a0<span class=\"Apple-converted-space\">\u00a0 <\/span>:<\/b>\u00a0<strong><span style=\"color: #ff0000;\">8,50\u20ac<\/span><\/strong><\/li>\n<\/ul>\n<p>Receba um desconto de 10% nas encomendas de mais de 10 lotes (<span style=\"color: #ff0000;\"><a style=\"color: #ff0000;\" href=\"https:\/\/ventesengros.fr\/pt\/contacto\/\"><strong>contactar-nos<\/strong><\/a><\/span>).<\/p>","protected":false},"featured_media":33380,"template":"","meta":[],"product_brand":[],"product_cat":[206,743,59],"product_tag":[1186,801,258,780,191],"class_list":{"0":"post-33376","1":"product","2":"type-product","3":"status-publish","4":"has-post-thumbnail","6":"product_cat-alimentation","7":"product_cat-dattes","8":"product_cat-soin-et-bien-etre","9":"product_tag-datte-ajwa","10":"product_tag-dattes-en-gros","11":"product_tag-en-gros","12":"product_tag-grossiste-maroc","13":"product_tag-pas-cher","14":"pa_lot-1-lot-12-sachets-de-7-dattes-2390e-soit-199e-lunite","15":"pa_lot-2-lots-24-sachets-de-7-dattes-4560e-soit-190e-lunite","17":"first","18":"instock","19":"shipping-taxable","20":"purchasable","21":"product-type-variable"},"_links":{"self":[{"href":"https:\/\/ventesengros.fr\/pt\/wp-json\/wp\/v2\/product\/33376","targetHints":{"allow":["GET"]}}],"collection":[{"href":"https:\/\/ventesengros.fr\/pt\/wp-json\/wp\/v2\/product"}],"about":[{"href":"https:\/\/ventesengros.fr\/pt\/wp-json\/wp\/v2\/types\/product"}],"wp:featuredmedia":[{"embeddable":true,"href":"https:\/\/ventesengros.fr\/pt\/wp-json\/wp\/v2\/media\/33380"}],"wp:attachment":[{"href":"https:\/\/ventesengros.fr\/pt\/wp-json\/wp\/v2\/media?parent=33376"}],"wp:term":[{"taxonomy":"product_brand","embeddable":true,"href":"https:\/\/ventesengros.fr\/pt\/wp-json\/wp\/v2\/product_brand?post=33376"},{"taxonomy":"product_cat","embeddable":true,"href":"https:\/\/ventesengros.fr\/pt\/wp-json\/wp\/v2\/product_cat?post=33376"},{"taxonomy":"product_tag","embeddable":true,"href":"https:\/\/ventesengros.fr\/pt\/wp-json\/wp\/v2\/product_tag?post=33376"}],"curies":[{"name":"wp","href":"https:\/\/api.w.org\/{rel}","templated":true}]}}