{"id":32986,"date":"2015-11-28T09:11:58","date_gmt":"2015-11-28T08:11:58","guid":{"rendered":"https:\/\/ventesengros.fr\/grossiste\/disque-de-gommage-terre-cuite\/"},"modified":"2023-04-28T17:17:56","modified_gmt":"2023-04-28T16:17:56","slug":"disque-de-gommage-terre-cuite","status":"publish","type":"product","link":"https:\/\/ventesengros.fr\/pt\/grossiste\/disco-de-esfregar-em-terracota-2\/","title":{"rendered":"Disco de esfolia\u00e7\u00e3o plano em terracota (lote de 12 discos)"},"content":{"rendered":"<p><strong>Forma:<\/strong> circular e plana<\/p>\n<p><strong>Propriedade:<\/strong><\/p>\n<p>O disco de esfolia\u00e7\u00e3o em terracota conhecido como \u00bbMhekka\u00bb \u00e9 tradicionalmente utilizado para remover a pele morta dos p\u00e9s. A sua utiliza\u00e7\u00e3o \u00e9 muito simples: consiste em remover a pele morta dos p\u00e9s, quer diretamente, quer mergulhando os p\u00e9s numa bacia de \u00e1gua quente para amolecer a superf\u00edcie da pele e aplicando depois a pedra em movimentos circulares.<\/p>\n<p><b>rovenance:<\/b>Marrocos<b><b><b><b><b><b><b><br \/>\n<\/b><\/b><\/b><\/b><\/b><\/b><\/b><b>Peso:<\/b>135g\/pe\u00e7a<\/p>","protected":false},"excerpt":{"rendered":"<p>Oferecemos-lhe este\u00a0<strong>Disco de esfrega de terracota<\/strong><strong>\u00a0<\/strong>vendido em embalagens de 12 unidades.<\/p>\n<p>Pre\u00e7o de retalho recomendado: 3,90-4,90 euros.<\/p>\n<p>1 lote :\u00a0<span style=\"color: #0ad227;\">0,79\/unidade X 12 = 9,48 euros<\/span><\/p>\n<p>&nbsp;<\/p>","protected":false},"featured_media":32991,"template":"","meta":[],"product_brand":[],"product_cat":[401,59],"product_tag":[639,258,974,640],"class_list":{"0":"post-32986","1":"product","2":"type-product","3":"status-publish","4":"has-post-thumbnail","6":"product_cat-produits-du-hammam","7":"product_cat-soin-et-bien-etre","8":"product_tag-disque-de-gommage-en-terre-cuite","9":"product_tag-en-gros","10":"product_tag-grossiste","11":"product_tag-mhekka","12":"pa_lot-158","13":"pa_lot-160","14":"pa_lot-159","16":"first","17":"instock","18":"shipping-taxable","19":"purchasable","20":"product-type-simple"},"_links":{"self":[{"href":"https:\/\/ventesengros.fr\/pt\/wp-json\/wp\/v2\/product\/32986","targetHints":{"allow":["GET"]}}],"collection":[{"href":"https:\/\/ventesengros.fr\/pt\/wp-json\/wp\/v2\/product"}],"about":[{"href":"https:\/\/ventesengros.fr\/pt\/wp-json\/wp\/v2\/types\/product"}],"wp:featuredmedia":[{"embeddable":true,"href":"https:\/\/ventesengros.fr\/pt\/wp-json\/wp\/v2\/media\/32991"}],"wp:attachment":[{"href":"https:\/\/ventesengros.fr\/pt\/wp-json\/wp\/v2\/media?parent=32986"}],"wp:term":[{"taxonomy":"product_brand","embeddable":true,"href":"https:\/\/ventesengros.fr\/pt\/wp-json\/wp\/v2\/product_brand?post=32986"},{"taxonomy":"product_cat","embeddable":true,"href":"https:\/\/ventesengros.fr\/pt\/wp-json\/wp\/v2\/product_cat?post=32986"},{"taxonomy":"product_tag","embeddable":true,"href":"https:\/\/ventesengros.fr\/pt\/wp-json\/wp\/v2\/product_tag?post=32986"}],"curies":[{"name":"wp","href":"https:\/\/api.w.org\/{rel}","templated":true}]}}