{"id":32980,"date":"2015-11-27T15:18:46","date_gmt":"2015-11-27T14:18:46","guid":{"rendered":"https:\/\/ventesengros.fr\/grossiste\/miel-minceur-hamani\/"},"modified":"2022-06-30T23:13:59","modified_gmt":"2022-06-30T22:13:59","slug":"miel-minceur-hamani","status":"publish","type":"product","link":"https:\/\/ventesengros.fr\/pt\/grossiste\/mel-adelgacante-hamani\/","title":{"rendered":"Mel para emagrecer 310 g HEMANI X 6"},"content":{"rendered":"<p>O Mel Adelga\u00e7ante HEMANI 310g tem benef\u00edcios ineg\u00e1veis para o organismo, podendo ser consumido de diversas formas consoante o uso a que se destina. Existem m\u00e9is para tratar uma variedade de doen\u00e7as, tais como problemas de f\u00e9, problemas de tr\u00e2nsito, acne, para ajudar na cura e muitos outros.<\/p>\n<h2><strong>Mel de emagrecimento 310g HEMANI e o seu grossista :\u00a0<\/strong><\/h2>\n<p>O seu <b>atacadista <\/b>em linha <b>Orient Wholesaler<\/b> apresenta-lhe o exclusivo <b>mel para emagrecer<\/b> <b>310 g<\/b> a marca <b>HEMANI <\/b>vendido <b>a granel.<\/b><\/p>\n<p>A marca HEMANI \u00e9 reconhecida pela qualidade dos seus produtos de cosm\u00e9tica natural e de bem-estar, que respeitam a natureza e a sa\u00fade humana.<\/p>\n<p>\u00c9 por estas raz\u00f5es qualitativas que a Orient Grossiste optou por comercializar o <b>mel adelga\u00e7ante com \u00f3leo de cominhos pretos<\/b> do <b>Marrocos<\/b>, O mel \u00e9 um ado\u00e7ante natural, o que o torna uma excelente alternativa ao a\u00e7\u00facar refinado nos nossos cozinhados e bebidas. Uma vez que o mel \u00e9 naturalmente doce, \u00e9 uma excelente forma de substituir o a\u00e7\u00facar refinado nos nossos cozinhados e bebidas.<\/p>\n<h3><strong>Ingredientes com in\u00fameros benef\u00edcios:\u00a0<\/strong><\/h3>\n<p>Os cominhos pretos contidos neste mel s\u00e3o um excelente produto natural para ajudar a perder peso gra\u00e7as \u00e0s suas propriedades adelga\u00e7antes: os cominhos pretos cont\u00eam antioxidantes, ajudam a eliminar as toxinas dos intestinos e dos pulm\u00f5es e reduzem os n\u00edveis de a\u00e7\u00facar no sangue. Al\u00e9m disso, os cominhos pretos t\u00eam muitos outros benef\u00edcios para o organismo, como o refor\u00e7o do sistema imunit\u00e1rio.<\/p>\n<p>H\u00e1 muitas maneiras de utilizar este mel, que substitui o a\u00e7\u00facar utilizado no ch\u00e1, nos bolos, nas infus\u00f5es, etc.<\/p>\n<p>Em particular, \u00e9 poss\u00edvel utilizar o <strong>Mel adelga\u00e7ante 310g HEMANI<\/strong>\u00a0de manh\u00e3, com o est\u00f4mago vazio, misturado com \u00e1gua de nascente, um rem\u00e9dio eficaz para um certo n\u00famero de doen\u00e7as retirado diretamente da medicina prof\u00e9tica.<\/p>\n<p>A embalagem de <b>mel para emagrecer 310g HEMANI<\/b> \u00e9 muito atraente e tem uma pequena colher para medir o mel.<\/p>\n<p>Pode comprar este mel em embalagens de 6 por um pre\u00e7o atrativo de 43,14 euros e beneficiar de um pre\u00e7o unit\u00e1rio mais baixo se comprar 2 ou mais embalagens.<\/p>\n<p>Se tiver alguma d\u00favida, n\u00e3o hesite em contactar o nosso servi\u00e7o de apoio ao cliente.<\/p>\n<h5><\/h5>","protected":false},"excerpt":{"rendered":"<p>Oferecemos-lhe este\u00a0<strong> HEMANI Mel com Nigella<\/strong> vendido a 7,19 euros\/unidade, em embalagens de 6 unidades.<\/p>\n<p>1 lote : <span style=\"color: #0ad227;\">7,19\/unidade X 6 = 43,14 euros<\/span><\/p>\n<p>&nbsp;<\/p>","protected":false},"featured_media":32981,"template":"","meta":[],"product_brand":[],"product_cat":[206,596,59],"product_tag":[258,974,688,1054],"class_list":{"0":"post-32980","1":"product","2":"type-product","3":"status-publish","4":"has-post-thumbnail","6":"product_cat-alimentation","7":"product_cat-miel-alimentation","8":"product_cat-soin-et-bien-etre","9":"product_tag-en-gros","10":"product_tag-grossiste","11":"product_tag-maroc","12":"product_tag-miel-minceur","14":"first","15":"instock","16":"shipping-taxable","17":"purchasable","18":"product-type-simple"},"_links":{"self":[{"href":"https:\/\/ventesengros.fr\/pt\/wp-json\/wp\/v2\/product\/32980","targetHints":{"allow":["GET"]}}],"collection":[{"href":"https:\/\/ventesengros.fr\/pt\/wp-json\/wp\/v2\/product"}],"about":[{"href":"https:\/\/ventesengros.fr\/pt\/wp-json\/wp\/v2\/types\/product"}],"wp:featuredmedia":[{"embeddable":true,"href":"https:\/\/ventesengros.fr\/pt\/wp-json\/wp\/v2\/media\/32981"}],"wp:attachment":[{"href":"https:\/\/ventesengros.fr\/pt\/wp-json\/wp\/v2\/media?parent=32980"}],"wp:term":[{"taxonomy":"product_brand","embeddable":true,"href":"https:\/\/ventesengros.fr\/pt\/wp-json\/wp\/v2\/product_brand?post=32980"},{"taxonomy":"product_cat","embeddable":true,"href":"https:\/\/ventesengros.fr\/pt\/wp-json\/wp\/v2\/product_cat?post=32980"},{"taxonomy":"product_tag","embeddable":true,"href":"https:\/\/ventesengros.fr\/pt\/wp-json\/wp\/v2\/product_tag?post=32980"}],"curies":[{"name":"wp","href":"https:\/\/api.w.org\/{rel}","templated":true}]}}