{"id":32884,"date":"2015-11-16T19:50:09","date_gmt":"2015-11-16T18:50:09","guid":{"rendered":"https:\/\/ventesengros.fr\/?post_type=product&#038;p=32884"},"modified":"2022-06-30T23:14:14","modified_gmt":"2022-06-30T22:14:14","slug":"shampooing-nourrissant-a-lhuile-dargan","status":"publish","type":"product","link":"https:\/\/ventesengros.fr\/pt\/grossiste\/champo-dargan-oleo-nutritivo\/","title":{"rendered":"Champ\u00f4 Nutritivo com \u00d3leo de Arg\u00e3o X 12"},"content":{"rendered":"<p><b>Capacidade :<\/b>200mL<\/p>\n<p><b>Nome da marca:<\/b>Dermargan<\/p>\n<p><b>Proveni\u00eancia:<\/b>Marrocos<br \/>\n<b>Peso:<\/b>217g\/pe\u00e7a<\/p>","protected":false},"excerpt":{"rendered":"<p>Oferecemos-lhe este<strong> Champ\u00f4 nutritivo com \u00f3leo de arg\u00e3o<\/strong><strong>\u00a0<\/strong>vendido em embalagens de 12 unidades.<\/p>\n<p>Pre\u00e7o de venda recomendado: 8 euros<\/p>\n<p>1 lote : <span style=\"color: #0ad227;\">2,69\/unidade X 12 = 32,28 euros<\/span><\/p>","protected":false},"featured_media":32885,"template":"","meta":[],"product_brand":[],"product_cat":[1509],"product_tag":[974,688,1035],"class_list":{"0":"post-32884","1":"product","2":"type-product","3":"status-publish","4":"has-post-thumbnail","6":"product_cat-huiles-de-ricin-en-gros","7":"product_tag-grossiste","8":"product_tag-maroc","9":"product_tag-shampooing-nourrissant-a-lhuile-dargan","11":"first","12":"instock","13":"shipping-taxable","14":"purchasable","15":"product-type-simple"},"_links":{"self":[{"href":"https:\/\/ventesengros.fr\/pt\/wp-json\/wp\/v2\/product\/32884","targetHints":{"allow":["GET"]}}],"collection":[{"href":"https:\/\/ventesengros.fr\/pt\/wp-json\/wp\/v2\/product"}],"about":[{"href":"https:\/\/ventesengros.fr\/pt\/wp-json\/wp\/v2\/types\/product"}],"wp:featuredmedia":[{"embeddable":true,"href":"https:\/\/ventesengros.fr\/pt\/wp-json\/wp\/v2\/media\/32885"}],"wp:attachment":[{"href":"https:\/\/ventesengros.fr\/pt\/wp-json\/wp\/v2\/media?parent=32884"}],"wp:term":[{"taxonomy":"product_brand","embeddable":true,"href":"https:\/\/ventesengros.fr\/pt\/wp-json\/wp\/v2\/product_brand?post=32884"},{"taxonomy":"product_cat","embeddable":true,"href":"https:\/\/ventesengros.fr\/pt\/wp-json\/wp\/v2\/product_cat?post=32884"},{"taxonomy":"product_tag","embeddable":true,"href":"https:\/\/ventesengros.fr\/pt\/wp-json\/wp\/v2\/product_tag?post=32884"}],"curies":[{"name":"wp","href":"https:\/\/api.w.org\/{rel}","templated":true}]}}