{"id":32625,"date":"2015-10-16T11:13:32","date_gmt":"2015-10-16T10:13:32","guid":{"rendered":"https:\/\/ventesengros.fr\/grossiste\/feuille-de-laurier\/"},"modified":"2025-02-08T13:34:35","modified_gmt":"2025-02-08T12:34:35","slug":"feuille-de-laurier","status":"publish","type":"product","link":"https:\/\/ventesengros.fr\/pt\/grossiste\/folha-de-louro\/","title":{"rendered":"Folha de louro por kg"},"content":{"rendered":"<p><strong>Folhas de louro<\/strong>\u00a0s\u00e3o inestim\u00e1veis<strong>\u00a0ervas arom\u00e1ticas\u00a0<\/strong>que s\u00e3o utilizados h\u00e1 s\u00e9culos. Conferem sabor e aroma aos pratos cozinhados. Se est\u00e1 \u00e0 procura de um\u00a0<strong>Grossista de folhas de louro\u00a0<\/strong>n\u00e3o precisa de procurar mais do que a Orient Grossiste.<\/p>\n<h2><strong>Folhas de louro por atacado: sabor, qualidade e pre\u00e7os baixos<\/strong><\/h2>\n<p>No Orient Grossiste, pode encontrar\u00a0<strong>folhas de louro soltas.<\/strong>\u00a0Isto torna-o ideal para restaurantes, catering ou qualquer pessoa que goste de cozinhar com ele.\u00a0<strong>erva arom\u00e1tica<\/strong>.<\/p>\n<p>Estas ervas est\u00e3o dispon\u00edveis em\u00a0<strong>compras por grosso ao quilo<\/strong>. Assim, pode escolher o que melhor se adapta \u00e0s suas necessidades. Quer necessite de uma pequena quantidade ou de v\u00e1rios quilos inteiros de folhas de louro, o seu\u00a0<strong>atacadista online<\/strong>\u00a0pode satisfazer as suas necessidades.<\/p>\n<h2><strong>Folhas de louro por atacado: que propriedades?\u00a0<\/strong><\/h2>\n<p>Para al\u00e9m das suas utiliza\u00e7\u00f5es culin\u00e1rias, este produto natural a granel tem tamb\u00e9m benef\u00edcios para a sa\u00fade. De facto, s\u00e3o conhecidos pelos seus efeitos antioxidantes e anti-inflamat\u00f3rios. O que pode ajudar a apoiar a sa\u00fade geral.<\/p>\n<p>S\u00e3o tamb\u00e9m conhecidas pela sua capacidade de ajudar a digest\u00e3o e aliviar as perturba\u00e7\u00f5es g\u00e1stricas. Podem tamb\u00e9m contribuir para a sa\u00fade do cora\u00e7\u00e3o gra\u00e7as aos seus compostos org\u00e2nicos ben\u00e9ficos. Como a rutina e a cafe\u00edna.<\/p>\n<p>As folhas de louro tamb\u00e9m podem ajudar a regular os n\u00edveis de a\u00e7\u00facar no sangue e a reduzir o colesterol.<\/p>\n<p>No entanto, recomenda-se que consulte um profissional de sa\u00fade antes de utilizar este produto para fins medicinais.<\/p>\n<h3><strong>Um pre\u00e7o competitivo\u00a0<\/strong><\/h3>\n<p>Na venda por grosso de folha de louro, pode beneficiar de pre\u00e7os competitivos. Os pre\u00e7os s\u00e3o acess\u00edveis e pode comprar a granel para poupar ainda mais. Pode ter a certeza de receber esta\u00a0<strong>ervas arom\u00e1ticas por atacado\u00a0<\/strong>da mais alta qualidade, acabados de colher e cuidadosamente embalados.<\/p>\n<p>N\u00e3o se esque\u00e7a de consultar os outros produtos dispon\u00edveis na nossa loja grossista Orient. Como o\u00a0<strong><a href=\"https:\/\/ventesengros.fr\/pt\/grossiste\/folha-de-verbena-seca-biologica\/\">verbena seca<\/a>,<\/strong>\u00a0a\u00a0<a href=\"https:\/\/ventesengros.fr\/pt\/grossiste\/feno-grego-em-po-5kg-a-granel\/\"><strong>feno-grego em p\u00f3<\/strong><\/a>, ou o\u00a0<strong><a href=\"https:\/\/ventesengros.fr\/pt\/grossiste\/argila-verde-5-quilos-a-granel\/\">p\u00f3 de argila verde<\/a>.\u00a0<\/strong><\/p>","protected":false},"excerpt":{"rendered":"<p>Oferecemos-lhe <strong>Folhas de louro<\/strong>\u00a0<strong>\u00a0<\/strong>vendido em embalagens de 1 kg.<\/p>\n<p>&nbsp;<\/p>\n<p>1 lote :\u00a0<span style=\"color: #0ad227;\">9,90\u20ac\/pe\u00e7a<\/span><\/p>","protected":false},"featured_media":32629,"template":"","meta":[],"product_brand":[],"product_cat":[360,59],"product_tag":[258,1003,974,1002,688],"class_list":{"0":"post-32625","1":"product","2":"type-product","3":"status-publish","4":"has-post-thumbnail","6":"product_cat-produit-naturel-en-vrac","7":"product_cat-soin-et-bien-etre","8":"product_tag-en-gros","9":"product_tag-feuille","10":"product_tag-grossiste","11":"product_tag-laurier","12":"product_tag-maroc","13":"pa_lot-158","14":"pa_lot-160","15":"pa_lot-159","17":"first","18":"instock","19":"shipping-taxable","20":"purchasable","21":"product-type-simple"},"_links":{"self":[{"href":"https:\/\/ventesengros.fr\/pt\/wp-json\/wp\/v2\/product\/32625","targetHints":{"allow":["GET"]}}],"collection":[{"href":"https:\/\/ventesengros.fr\/pt\/wp-json\/wp\/v2\/product"}],"about":[{"href":"https:\/\/ventesengros.fr\/pt\/wp-json\/wp\/v2\/types\/product"}],"wp:featuredmedia":[{"embeddable":true,"href":"https:\/\/ventesengros.fr\/pt\/wp-json\/wp\/v2\/media\/32629"}],"wp:attachment":[{"href":"https:\/\/ventesengros.fr\/pt\/wp-json\/wp\/v2\/media?parent=32625"}],"wp:term":[{"taxonomy":"product_brand","embeddable":true,"href":"https:\/\/ventesengros.fr\/pt\/wp-json\/wp\/v2\/product_brand?post=32625"},{"taxonomy":"product_cat","embeddable":true,"href":"https:\/\/ventesengros.fr\/pt\/wp-json\/wp\/v2\/product_cat?post=32625"},{"taxonomy":"product_tag","embeddable":true,"href":"https:\/\/ventesengros.fr\/pt\/wp-json\/wp\/v2\/product_tag?post=32625"}],"curies":[{"name":"wp","href":"https:\/\/api.w.org\/{rel}","templated":true}]}}