{"id":32594,"date":"2014-10-13T14:50:20","date_gmt":"2014-10-13T13:50:20","guid":{"rendered":"https:\/\/ventesengros.fr\/grossiste\/miel-au-gingembre-hemani\/"},"modified":"2022-06-30T23:26:19","modified_gmt":"2022-06-30T22:26:19","slug":"miel-au-gingembre-hemani","status":"publish","type":"product","link":"https:\/\/ventesengros.fr\/pt\/grossiste\/mel-de-gengibre-hemani\/","title":{"rendered":"Mel com gengibre HEMANI X 6"},"content":{"rendered":"<p>Le <b>gengibre<\/b>, A curcuma, membro da fam\u00edlia das curcuma, \u00e9 uma planta origin\u00e1ria da Mal\u00e1sia e da \u00cdndia, mas tamb\u00e9m \u00e9 cultivada em regi\u00f5es tropicais com muito sol. A raiz \u00e9 conhecida e utilizada h\u00e1 6.000 anos na \u00cdndia e na China para tratar problemas de est\u00f4mago, diarreia e n\u00e1useas, mas tamb\u00e9m \u00e9 utilizada para fins culin\u00e1rios.<\/p>\n<h2><strong>Concentre-se no mel de gengibre Hemani:\u00a0<\/strong><\/h2>\n<p>O mel de gengibre \u00e9 uma receita que se tornou popular gra\u00e7as aos seus resultados incr\u00edveis em doentes com cancro. \u00c9 tamb\u00e9m muito eficaz contra a tosse e as dores de garganta.<\/p>\n<p>O seu <a href=\"https:\/\/ventesengros.fr\/pt\/\" target=\"_blank\" rel=\"noopener noreferrer\"><strong>atacadista online<\/strong><\/a> <b>Grossista oriental<\/b> oferece-o para venda <b>a granel<\/b> Mel de gengibre Hemani<b>\u00a0em frascos de 250 gramas\u00a0<\/b>; Esta marca \u00e9 conhecida pelos seus produtos de alta qualidade e totalmente naturais.<\/p>\n<p>Diretamente do <b>Marrocos<\/b>, Este mel est\u00e1 cheio de benef\u00edcios para a sa\u00fade e, misturado com gengibre, \u00e9 um excelente rem\u00e9dio para todos os tipos de doen\u00e7as.<\/p>\n<h3><strong>Mel de gengibre Hemani, conselhos e benef\u00edcios para si :\u00a0<\/strong><\/h3>\n<p>Este mel de gengibre pode ser tomado regularmente para ajudar a digest\u00e3o, fazer com que as constipa\u00e7\u00f5es desapare\u00e7am mais facilmente e \u00e9 tamb\u00e9m eficaz contra o mau colesterol. Pode ser tomado em ch\u00e1 de ervas, por exemplo, e pode ser adicionado um pouco de lim\u00e3o para tornar a bebida ainda mais eficaz.<\/p>\n<p>Pode misturar este mel com outros ingredientes, como o alho, para tratar problemas de sa\u00fade ainda mais comuns.<\/p>\n<p>Orient Grossiste apresenta-lhe o mel de gengibre Hemani vendido por <b>Conjunto de 6 por apenas 40,74 euros, <\/b>um pre\u00e7o imbat\u00edvel.<\/p>\n<p>&nbsp;<\/p>\n<h5><\/h5>","protected":false},"excerpt":{"rendered":"<p>Oferecemos-lhe este\u00a0<strong> HEMANI mel com gengibre <\/strong>\u00a0vendido por 4,79 euros cada.<\/p>\n<p>1 lote : <span style=\"color: #0ad227;\">6,79\/unidade X 6 = 40,74 euros<\/span><\/p>\n<p>&nbsp;<\/p>","protected":false},"featured_media":32601,"template":"","meta":[],"product_brand":[],"product_cat":[206,596,59],"product_tag":[258,974,688,993],"class_list":{"0":"post-32594","1":"product","2":"type-product","3":"status-publish","4":"has-post-thumbnail","6":"product_cat-alimentation","7":"product_cat-miel-alimentation","8":"product_cat-soin-et-bien-etre","9":"product_tag-en-gros","10":"product_tag-grossiste","11":"product_tag-maroc","12":"product_tag-miel-au-ginseng-hemani","14":"first","15":"instock","16":"shipping-taxable","17":"purchasable","18":"product-type-simple"},"_links":{"self":[{"href":"https:\/\/ventesengros.fr\/pt\/wp-json\/wp\/v2\/product\/32594","targetHints":{"allow":["GET"]}}],"collection":[{"href":"https:\/\/ventesengros.fr\/pt\/wp-json\/wp\/v2\/product"}],"about":[{"href":"https:\/\/ventesengros.fr\/pt\/wp-json\/wp\/v2\/types\/product"}],"wp:featuredmedia":[{"embeddable":true,"href":"https:\/\/ventesengros.fr\/pt\/wp-json\/wp\/v2\/media\/32601"}],"wp:attachment":[{"href":"https:\/\/ventesengros.fr\/pt\/wp-json\/wp\/v2\/media?parent=32594"}],"wp:term":[{"taxonomy":"product_brand","embeddable":true,"href":"https:\/\/ventesengros.fr\/pt\/wp-json\/wp\/v2\/product_brand?post=32594"},{"taxonomy":"product_cat","embeddable":true,"href":"https:\/\/ventesengros.fr\/pt\/wp-json\/wp\/v2\/product_cat?post=32594"},{"taxonomy":"product_tag","embeddable":true,"href":"https:\/\/ventesengros.fr\/pt\/wp-json\/wp\/v2\/product_tag?post=32594"}],"curies":[{"name":"wp","href":"https:\/\/api.w.org\/{rel}","templated":true}]}}