{"id":32587,"date":"2014-10-13T11:25:09","date_gmt":"2014-10-13T10:25:09","guid":{"rendered":"https:\/\/ventesengros.fr\/?post_type=product&#038;p=32587"},"modified":"2022-06-30T23:26:20","modified_gmt":"2022-06-30T22:26:20","slug":"miel-ginseng-hemani","status":"publish","type":"product","link":"https:\/\/ventesengros.fr\/pt\/grossiste\/mel-de-ginseng-hemani\/","title":{"rendered":"Mel com ginseng HEMANI X 6"},"content":{"rendered":"<p>H\u00e1 todo o tipo de m\u00e9is com virtudes espec\u00edficas consoante a origem do mel, mas tamb\u00e9m h\u00e1 prepara\u00e7\u00f5es em que o mel \u00e9 combinado com outra planta para obter ainda mais benef\u00edcios.<\/p>\n<h2>Mel com ginseng - uma mistura sumptuosa:<\/h2>\n<p>\u00c9 o caso de <b>mel de ginseng, <\/b>uma combina\u00e7\u00e3o de mel de flores e ginseng para um cocktail de benef\u00edcios para a sa\u00fade.<\/p>\n<p>Le <b>ginseng<\/b> \u00e9 uma planta perene florestal de crescimento lento origin\u00e1ria da China, da Coreia e do Extremo Oriente.<\/p>\n<p>Misturada com mel, esta prepara\u00e7\u00e3o tem muitos benef\u00edcios: refor\u00e7a o sistema imunit\u00e1rio, \u00e9 eficaz contra a diabetes de tipo 2, tonifica o corpo das pessoas fracas e\/ou cansadas e restaura a capacidade f\u00edsica e intelectual, ajudando \u00e0 concentra\u00e7\u00e3o. O mel de ginseng \u00e9 tamb\u00e9m recomendado para as mulheres na menopausa, pois preserva a sa\u00fade das pessoas \u00e0 medida que envelhecem.<\/p>\n<p>Este mel pode ser classificado como um mel de conforto, pois pode ser consumido em qualquer altura do ano. Quando se sente cansado ou stressado, por exemplo, \u00e9 aconselh\u00e1vel tomar uma colher de mel de ginseng todas as manh\u00e3s, de prefer\u00eancia antes do pequeno-almo\u00e7o, para beneficiar da sua efic\u00e1cia.<\/p>\n<p>O seu <b>atacadista online<\/b> Orient Grossiste prop\u00f5e-lhe para venda <b>a granel<\/b> a <b>mel de ginseng<\/b> em frascos de 250 gramas de <b>Marrocos<\/b> da marca HEMANI. Esta marca \u00e9 conhecida pela sua excelente rela\u00e7\u00e3o qualidade\/pre\u00e7o e pela composi\u00e7\u00e3o natural dos seus produtos, pelo que este mel tem a garantia de ser da mais alta qualidade.<\/p>\n<p>O mel de ginseng \u00e9 vendido em embalagens de 6 unidades ao pre\u00e7o de 40,74 euros, ou seja, 6,79 euros cada. A partir de 2 ou mais lotes adquiridos, o pre\u00e7o unit\u00e1rio \u00e9 degressivo.<\/p>\n<p>Pode beneficiar de uma entrega r\u00e1pida e gratuita num ponto de distribui\u00e7\u00e3o para compras de 10 kg ou mais. N\u00e3o hesite em contactar-nos para qualquer informa\u00e7\u00e3o adicional sobre este produto.<\/p>\n<h5><\/h5>\n<h5><\/h5>\n<h5><b>Nome da marca:<\/b>Hemani<\/h5>\n<p><b>Peso:<\/b>280g\/unidade<\/p>","protected":false},"excerpt":{"rendered":"<p>Oferecemos-lhe este\u00a0<strong>\u00a0Mel de HEMANI com ginseng<\/strong>\u00a0vendido por 4,79 euros cada.<\/p>\n<p>1 lote : <span style=\"color: #0ad227;\">6,79\/unidade X 6 = 40,74 euros<\/span><\/p>","protected":false},"featured_media":32603,"template":"","meta":[],"product_brand":[],"product_cat":[206,596,59],"product_tag":[258,974,688,993],"class_list":{"0":"post-32587","1":"product","2":"type-product","3":"status-publish","4":"has-post-thumbnail","6":"product_cat-alimentation","7":"product_cat-miel-alimentation","8":"product_cat-soin-et-bien-etre","9":"product_tag-en-gros","10":"product_tag-grossiste","11":"product_tag-maroc","12":"product_tag-miel-au-ginseng-hemani","14":"first","15":"instock","16":"shipping-taxable","17":"purchasable","18":"product-type-simple"},"_links":{"self":[{"href":"https:\/\/ventesengros.fr\/pt\/wp-json\/wp\/v2\/product\/32587","targetHints":{"allow":["GET"]}}],"collection":[{"href":"https:\/\/ventesengros.fr\/pt\/wp-json\/wp\/v2\/product"}],"about":[{"href":"https:\/\/ventesengros.fr\/pt\/wp-json\/wp\/v2\/types\/product"}],"wp:featuredmedia":[{"embeddable":true,"href":"https:\/\/ventesengros.fr\/pt\/wp-json\/wp\/v2\/media\/32603"}],"wp:attachment":[{"href":"https:\/\/ventesengros.fr\/pt\/wp-json\/wp\/v2\/media?parent=32587"}],"wp:term":[{"taxonomy":"product_brand","embeddable":true,"href":"https:\/\/ventesengros.fr\/pt\/wp-json\/wp\/v2\/product_brand?post=32587"},{"taxonomy":"product_cat","embeddable":true,"href":"https:\/\/ventesengros.fr\/pt\/wp-json\/wp\/v2\/product_cat?post=32587"},{"taxonomy":"product_tag","embeddable":true,"href":"https:\/\/ventesengros.fr\/pt\/wp-json\/wp\/v2\/product_tag?post=32587"}],"curies":[{"name":"wp","href":"https:\/\/api.w.org\/{rel}","templated":true}]}}