{"id":32543,"date":"2015-10-09T02:17:13","date_gmt":"2015-10-09T01:17:13","guid":{"rendered":"https:\/\/ventesengros.fr\/grossiste\/huile-dargan-comestible-125ml\/"},"modified":"2026-04-28T13:28:05","modified_gmt":"2026-04-28T12:28:05","slug":"huile-dargan-comestible-125ml","status":"publish","type":"product","link":"https:\/\/ventesengros.fr\/pt\/grossiste\/oleo-alimentar-dargan-125ml\/","title":{"rendered":"\u00d3leo de Arg\u00e3o comest\u00edvel 125mL X 6"},"content":{"rendered":"<p><b>Capacidade : <\/b>125mL<br \/>\n<b>Peso: <\/b>140g\/pe\u00e7a<\/p>","protected":false},"excerpt":{"rendered":"<p>Oferecemos-lhe este\u00a0<strong>\u00a0\u00d3leo de Arg\u00e3o comest\u00edvel 125mL\u00a0<\/strong> vendido em embalagens de 6 unidades.<\/p>\n<p>1 lote :\u00a0<span style=\"color: #0ad227;\">7,90\/pe\u00e7a X 6 = 47,40 euros<\/span><\/p>","protected":false},"featured_media":81399,"template":"","meta":[],"product_brand":[],"product_cat":[206,1571,985,59],"product_tag":[],"class_list":{"0":"post-32543","1":"product","2":"type-product","3":"status-publish","4":"has-post-thumbnail","6":"product_cat-alimentation","7":"product_cat-grossiste-produits-nabaty","8":"product_cat-huile-dargan","9":"product_cat-soin-et-bien-etre","11":"first","12":"instock","13":"shipping-taxable","14":"purchasable","15":"product-type-simple"},"_links":{"self":[{"href":"https:\/\/ventesengros.fr\/pt\/wp-json\/wp\/v2\/product\/32543","targetHints":{"allow":["GET"]}}],"collection":[{"href":"https:\/\/ventesengros.fr\/pt\/wp-json\/wp\/v2\/product"}],"about":[{"href":"https:\/\/ventesengros.fr\/pt\/wp-json\/wp\/v2\/types\/product"}],"wp:featuredmedia":[{"embeddable":true,"href":"https:\/\/ventesengros.fr\/pt\/wp-json\/wp\/v2\/media\/81399"}],"wp:attachment":[{"href":"https:\/\/ventesengros.fr\/pt\/wp-json\/wp\/v2\/media?parent=32543"}],"wp:term":[{"taxonomy":"product_brand","embeddable":true,"href":"https:\/\/ventesengros.fr\/pt\/wp-json\/wp\/v2\/product_brand?post=32543"},{"taxonomy":"product_cat","embeddable":true,"href":"https:\/\/ventesengros.fr\/pt\/wp-json\/wp\/v2\/product_cat?post=32543"},{"taxonomy":"product_tag","embeddable":true,"href":"https:\/\/ventesengros.fr\/pt\/wp-json\/wp\/v2\/product_tag?post=32543"}],"curies":[{"name":"wp","href":"https:\/\/api.w.org\/{rel}","templated":true}]}}