{"id":32193,"date":"2015-08-15T10:09:46","date_gmt":"2015-08-15T09:09:46","guid":{"rendered":"https:\/\/ventesengros.fr\/?post_type=product&#038;p=32193"},"modified":"2022-06-30T23:16:45","modified_gmt":"2022-06-30T22:16:45","slug":"ghassoul-poudre-kilo","status":"publish","type":"product","link":"https:\/\/ventesengros.fr\/pt\/grossiste\/ghassoul-em-po-quilo\/","title":{"rendered":"Ghassoul (Rassousl) em p\u00f3 (por quilo ou em saquinhos de 200 g)"},"content":{"rendered":"<p>O ghassoul em p\u00f3 \u00e9 uma argila vulc\u00e2nica que se encontra no Anti-Atlas marroquino. A jazida, descoberta h\u00e1 v\u00e1rios s\u00e9culos, \u00e9 a fonte de uma das mais extraordin\u00e1rias solu\u00e7\u00f5es de limpeza do mundo.<\/p>\n<h2><b>P\u00f3 de Ghassoul (Rassoul): uma beleza natural<\/b><\/h2>\n<p>Produto de casa de banho do reino Cherifiano, este p\u00f3 mineral tornou-se a solu\u00e7\u00e3o de limpeza e hidrata\u00e7\u00e3o de refer\u00eancia para os tratamentos de hammam. De facto, o p\u00f3 de ghassoul possui virtudes especiais vindas diretamente das entranhas da Terra. A sua pureza faz dele um cosm\u00e9tico de duche que se adapta perfeitamente a todos os tipos de pele. Utilizado em m\u00e1scaras capilares ou no corpo, \u00e9 uma alternativa nutritiva e amiga da pele ao champ\u00f4 e ao gel de banho. Como todas as argilas naturais <a href=\"https:\/\/natureluxy-shop.com\/collections\/rhassoul\" rel=\"noopener\"><strong>rhassoul<\/strong><\/a> \u00e9 excelente para tratar os pontos negros. Quando aplicado no rosto, a sua lama sedosa elimina as impurezas sem secar a pele.<\/p>\n<h2><b>Como \u00e9 que o aplico no duche?<\/b><\/h2>\n<p>Para aplicar um tratamento \u00e0 base de p\u00f3 de ghassoul, \u00e9 necess\u00e1rio ter algum tempo dispon\u00edvel. \u00c9 aconselh\u00e1vel aplicar outros produtos de cuidados da pele ao mesmo tempo. Misture o p\u00f3 de argila com \u00e1gua e aplique a pasta resultante no seu rosto e corpo. Deixar atuar durante uns bons vinte minutos. Como qualquer mineral, o p\u00f3 de ghassoul deve come\u00e7ar a fazer efeito sobre a pele. Uma vez terminado o tempo de repouso, esfregue o corpo com uma luva de crina de cavalo. Desta forma, colher\u00e1 os benef\u00edcios esfoliantes do p\u00f3 de ghassoul. Assim que a pele morta tiver ca\u00eddo, a sua pele come\u00e7a a respirar e a regenerar-se.<\/p>\n<p>\u00c9 bom saber: pode completar este tratamento aplicando uma lo\u00e7\u00e3o corporal hidratante polvilhada com algumas gotas de\u2019<strong><a href=\"https:\/\/www.amlou.fr\/produit\/huile-d-argan-alimentaire-500ml\/\" rel=\"noopener\">\u00f3leo de arg\u00e3o para alimenta\u00e7\u00e3o<\/a><\/strong>.<span class=\"Apple-converted-space\">\u00a0<\/span><\/p>\n<p>Fotografia n\u00e3o contratual<\/p>","protected":false},"excerpt":{"rendered":"<p>Oferecemos-lhe Ghassoul em p\u00f3 com <span style=\"color: #0000ff;\"><strong>quilo ou em sacos de 200g em embalagens de 12<\/strong><\/span>.<\/p>\n<p><span style=\"color: #000000;\"><strong>Pre\u00e7os de afilamento.<\/strong><\/span><\/p>\n<p><b>Pre\u00e7o por quilo :<\/b>\u00a0<span style=\"color: #ff0000;\"><strong>9,19\u20ac<\/strong><\/span><\/p>\n<p><b>Pre\u00e7o por saco<span class=\"Apple-converted-space\">\u00a0<\/span>:<\/b>\u00a0<strong><span style=\"color: #ff0000;\">2,29\u20ac<\/span><\/strong><\/p>\n<p><span style=\"color: #ff0000;\"><b>Para mais de 3 lotes, selecionar uma quantidade no cesto.<\/b><\/span><\/p>\n<p>Receba um desconto de 10% nas encomendas de mais de 10 lotes (<span style=\"color: #ff0000;\"><a style=\"color: #ff0000;\" href=\"https:\/\/ventesengros.fr\/pt\/contacto\/\"><strong>contactar-nos<\/strong><\/a><\/span>).<\/p>","protected":false},"featured_media":38084,"template":"","meta":[],"product_brand":[],"product_cat":[59,402,360],"product_tag":[176,974,688,191,268,877,361],"class_list":{"0":"post-32193","1":"product","2":"type-product","3":"status-publish","4":"has-post-thumbnail","6":"product_cat-soin-et-bien-etre","7":"product_cat-argile-ghassoul","8":"product_cat-produit-naturel-en-vrac","9":"product_tag-ghassoul","10":"product_tag-grossiste","11":"product_tag-maroc","12":"product_tag-pas-cher","13":"product_tag-poudre","14":"product_tag-semi-gros","15":"product_tag-vrac","16":"pa_lot-1-lot-12-sachets-3108e-soit-259e-le-sachet","17":"pa_lot-1-lot-1kg-999e-soit-999e-le-kilo","18":"pa_lot-2-lot-24-sachets-5736e-soit-239e-le-sachet","19":"pa_lot-2-lots-2kg-1918e-soit-959e-le-kilo","20":"pa_lot-3-lots-36-sachets-8244e-soit-229e-le-sachet","21":"pa_lot-3-lots-3kg-2757e-soit-919e-le-kilo","23":"first","24":"instock","25":"shipping-taxable","26":"purchasable","27":"product-type-variable"},"_links":{"self":[{"href":"https:\/\/ventesengros.fr\/pt\/wp-json\/wp\/v2\/product\/32193","targetHints":{"allow":["GET"]}}],"collection":[{"href":"https:\/\/ventesengros.fr\/pt\/wp-json\/wp\/v2\/product"}],"about":[{"href":"https:\/\/ventesengros.fr\/pt\/wp-json\/wp\/v2\/types\/product"}],"wp:featuredmedia":[{"embeddable":true,"href":"https:\/\/ventesengros.fr\/pt\/wp-json\/wp\/v2\/media\/38084"}],"wp:attachment":[{"href":"https:\/\/ventesengros.fr\/pt\/wp-json\/wp\/v2\/media?parent=32193"}],"wp:term":[{"taxonomy":"product_brand","embeddable":true,"href":"https:\/\/ventesengros.fr\/pt\/wp-json\/wp\/v2\/product_brand?post=32193"},{"taxonomy":"product_cat","embeddable":true,"href":"https:\/\/ventesengros.fr\/pt\/wp-json\/wp\/v2\/product_cat?post=32193"},{"taxonomy":"product_tag","embeddable":true,"href":"https:\/\/ventesengros.fr\/pt\/wp-json\/wp\/v2\/product_tag?post=32193"}],"curies":[{"name":"wp","href":"https:\/\/api.w.org\/{rel}","templated":true}]}}