{"id":32181,"date":"2015-08-13T17:01:02","date_gmt":"2015-08-13T16:01:02","guid":{"rendered":"https:\/\/ventesengros.fr\/?post_type=product&#038;p=32181"},"modified":"2022-06-30T23:16:45","modified_gmt":"2022-06-30T22:16:45","slug":"epingle-panel","status":"publish","type":"product","link":"https:\/\/ventesengros.fr\/pt\/grossiste\/painel-de-pinos\/","title":{"rendered":"Alfinete em painel X 60"},"content":{"rendered":"<p><strong>Capacidade:<\/strong> Um painel cont\u00e9m 40 pins pelo pre\u00e7o de 20 c\u00eantimos, e h\u00e1 60 pain\u00e9is por lote.<\/p>\n<p><b>Proveni\u00eancia:<\/b>China<\/p>\n<p><b>Peso:<\/b>70g\/painel<\/p>","protected":false},"excerpt":{"rendered":"<p>Oferecemos-lhe este\u00a0<strong>estes pinos do painel\u00a0<\/strong>vendido em embalagens de 60 unidades.<\/p>\n<p>Pre\u00e7o de retalho recomendado: 1,90 euros.<\/p>\n<p>1 lote :\u00a0<span style=\"color: #0ad227;\">0,29\/pe\u00e7a X 60 = 17,40 euros<\/span><\/p>","protected":false},"featured_media":32184,"template":"","meta":[],"product_brand":[],"product_cat":[1047,60],"product_tag":[952,953,954,191],"class_list":{"0":"post-32181","1":"product","2":"type-product","3":"status-publish","4":"has-post-thumbnail","6":"product_cat-autres-bazar","7":"product_cat-bazar","8":"product_tag-epingle-grossiste","9":"product_tag-epingle-hijab","10":"product_tag-jilbab","11":"product_tag-pas-cher","13":"first","14":"instock","15":"shipping-taxable","16":"purchasable","17":"product-type-simple"},"_links":{"self":[{"href":"https:\/\/ventesengros.fr\/pt\/wp-json\/wp\/v2\/product\/32181","targetHints":{"allow":["GET"]}}],"collection":[{"href":"https:\/\/ventesengros.fr\/pt\/wp-json\/wp\/v2\/product"}],"about":[{"href":"https:\/\/ventesengros.fr\/pt\/wp-json\/wp\/v2\/types\/product"}],"wp:featuredmedia":[{"embeddable":true,"href":"https:\/\/ventesengros.fr\/pt\/wp-json\/wp\/v2\/media\/32184"}],"wp:attachment":[{"href":"https:\/\/ventesengros.fr\/pt\/wp-json\/wp\/v2\/media?parent=32181"}],"wp:term":[{"taxonomy":"product_brand","embeddable":true,"href":"https:\/\/ventesengros.fr\/pt\/wp-json\/wp\/v2\/product_brand?post=32181"},{"taxonomy":"product_cat","embeddable":true,"href":"https:\/\/ventesengros.fr\/pt\/wp-json\/wp\/v2\/product_cat?post=32181"},{"taxonomy":"product_tag","embeddable":true,"href":"https:\/\/ventesengros.fr\/pt\/wp-json\/wp\/v2\/product_tag?post=32181"}],"curies":[{"name":"wp","href":"https:\/\/api.w.org\/{rel}","templated":true}]}}