{"id":32106,"date":"2015-07-30T17:18:07","date_gmt":"2015-07-30T16:18:07","guid":{"rendered":"https:\/\/ventesengros.fr\/?post_type=product&#038;p=32106"},"modified":"2026-04-28T16:49:49","modified_gmt":"2026-04-28T15:49:49","slug":"creme-a-figue-de-barbarie","status":"publish","type":"product","link":"https:\/\/ventesengros.fr\/pt\/grossiste\/creme-de-pera-espinhosa\/","title":{"rendered":"Creme de figo da \u00cdndia X 12"},"content":{"rendered":"<p><b>Capacidade :<\/b>100mL<br \/>\n<b>Nome da marca:<\/b>\u00a0\u00a0Figamina<\/p>\n<p><b>Proveni\u00eancia:<\/b>Marrocos<\/p>\n<p><b>Peso:<\/b>110g\/unidade<\/p>\n<p><strong>Propriedade: <\/strong>Creme regenerador formulado exclusivamente com \u00f3leo de figo da \u00cdndia, conhecido pela sua riqueza em \u00f3mega 6 e 9 e vitamina E. Regenera a pele seca, combate o envelhecimento cut\u00e2neo e \u00e9 utilizado como tratamento antirrugas.<\/p>","protected":false},"excerpt":{"rendered":"<p>Oferecemos-lhe este\u00a0<strong>Creme de pera espinhosa 100mL\u00a0<\/strong>vendido em embalagens de 12 unidades.<\/p>\n<p>Pre\u00e7o de venda recomendado: 4,00-5,00 euros.<\/p>\n<p>1 lote :\u00a0<span style=\"color: #0ad227;\">1,29\/pe\u00e7a X 12 = 15,48 euros<\/span><\/p>","protected":false},"featured_media":81434,"template":"","meta":[],"product_brand":[],"product_cat":[286,1534,59],"product_tag":[],"class_list":{"0":"post-32106","1":"product","2":"type-product","3":"status-publish","4":"has-post-thumbnail","6":"product_cat-creme-cremeshampoing","7":"product_cat-grossiste-huile-de-pepin-de-figue-de-barbarie","8":"product_cat-soin-et-bien-etre","10":"first","11":"instock","12":"shipping-taxable","13":"purchasable","14":"product-type-simple"},"_links":{"self":[{"href":"https:\/\/ventesengros.fr\/pt\/wp-json\/wp\/v2\/product\/32106","targetHints":{"allow":["GET"]}}],"collection":[{"href":"https:\/\/ventesengros.fr\/pt\/wp-json\/wp\/v2\/product"}],"about":[{"href":"https:\/\/ventesengros.fr\/pt\/wp-json\/wp\/v2\/types\/product"}],"wp:featuredmedia":[{"embeddable":true,"href":"https:\/\/ventesengros.fr\/pt\/wp-json\/wp\/v2\/media\/81434"}],"wp:attachment":[{"href":"https:\/\/ventesengros.fr\/pt\/wp-json\/wp\/v2\/media?parent=32106"}],"wp:term":[{"taxonomy":"product_brand","embeddable":true,"href":"https:\/\/ventesengros.fr\/pt\/wp-json\/wp\/v2\/product_brand?post=32106"},{"taxonomy":"product_cat","embeddable":true,"href":"https:\/\/ventesengros.fr\/pt\/wp-json\/wp\/v2\/product_cat?post=32106"},{"taxonomy":"product_tag","embeddable":true,"href":"https:\/\/ventesengros.fr\/pt\/wp-json\/wp\/v2\/product_tag?post=32106"}],"curies":[{"name":"wp","href":"https:\/\/api.w.org\/{rel}","templated":true}]}}