{"id":31761,"date":"2015-05-30T11:24:59","date_gmt":"2015-05-30T10:24:59","guid":{"rendered":"https:\/\/ventesengros.fr\/?post_type=product&#038;p=31761"},"modified":"2023-02-16T09:29:54","modified_gmt":"2023-02-16T08:29:54","slug":"feuille-de-sene-en-poudre-au-kilo","status":"publish","type":"product","link":"https:\/\/ventesengros.fr\/pt\/grossiste\/folha-de-senna-em-po-por-quilo\/","title":{"rendered":"Folha de sen em p\u00f3 (ao quilo ou em saquinhos de 100 g)"},"content":{"rendered":"<p>Vendidas simplesmente mo\u00eddas na nossa loja online, as folhas de Senna em p\u00f3 facilitar\u00e3o muito a prepara\u00e7\u00e3o das suas tisanas. Tamb\u00e9m simplificam a prepara\u00e7\u00e3o de decoc\u00e7\u00f5es.<\/p>\n<h2><b>Folha de Senna em p\u00f3: uma poupan\u00e7a de tempo consider\u00e1vel<\/b><\/h2>\n<p><span class=\"Apple-converted-space\">\u00a0<\/span>Com as folhas de Senna em p\u00f3, tem acesso em tempo real a<span class=\"Apple-converted-space\">\u00a0 <\/span>de toda a receita atrav\u00e9s de um concentrado. A f\u00f3rmula em p\u00f3, tal como as c\u00e1psulas, permite<span class=\"Apple-converted-space\">\u00a0 <\/span>acesso instant\u00e2neo a<\/p>\n<p>todas as virtudes de Sana Makki \u00e0 sua disposi\u00e7\u00e3o. Basta deitar duas colheres de ch\u00e1 numa ch\u00e1vena de \u00e1gua quente. Isto equivale aproximadamente a n\u00e3o mais de dois gramas. A saqueta de folhas de Senna em p\u00f3 permite, portanto, controlar judiciosamente o tratamento ao fim de dez dias. A sua embalagem ecol\u00f3gica permite-lhe guardar a mat\u00e9ria-prima num canto do seu arm\u00e1rio.<\/p>\n<h2><b>Sana Makki: a solu\u00e7\u00e3o purgativa por excel\u00eancia<\/b><\/h2>\n<p><span class=\"Apple-converted-space\">\u00a0<\/span>Esta solu\u00e7\u00e3o para libertar o tr\u00e2nsito intestinal n\u00e3o \u00e9 nova. De facto, a utiliza\u00e7\u00e3o de folhas de Senna em p\u00f3 \u00e9 t\u00e3o antiga como Matusal\u00e9m. No tempo dos fara\u00f3s, os eg\u00edpcios j\u00e1 utilizavam este rem\u00e9dio laxante, introduzindo uma vara de bambu no reto para combater as dores causadas pela obstipa\u00e7\u00e3o. Embora este m\u00e9todo possa ser arcaico, hoje em dia, uma decoc\u00e7\u00e3o feita a partir de folhas de Senna em p\u00f3 \u00e9 a alternativa ideal para remediar os bloqueios intestinais.<\/p>\n<p><span class=\"Apple-converted-space\">\u00a0<\/span>No entanto, este rem\u00e9dio laxante tem os seus limites. N\u00e3o pode ser utilizado durante mais de uma semana de cada vez, caso contr\u00e1rio pode provocar diarreia aguda. A norma \u00e9 uma utiliza\u00e7\u00e3o controlada em caso de obstipa\u00e7\u00e3o ocasional e dolorosa. Exceder esta recomenda\u00e7\u00e3o pode danificar a flora intestinal e levar a defici\u00eancias de oligoelementos. Se o <a href=\"https:\/\/www.plaisirsdorient.com\/fr\/medecine-prophetique\/17-sana-makki.html\" target=\"_blank\" rel=\"noopener noreferrer\"><strong>Sana Makki<\/strong><\/a> \u00e9 eficaz a curto prazo e deve ser utilizado de manh\u00e3 e \u00e0 noite.<\/p>\n<p>Fotografia n\u00e3o contratual<\/p>\n<p>Todos os nossos produtos est\u00e3o dispon\u00edveis em marca branca (<a href=\"https:\/\/ventesengros.fr\/pt\/contacto\/\"><strong>a pedido<\/strong><\/a>)<\/p>\n<p>Pre\u00e7o decrescente em 10 lotes desconto de 10% (<a href=\"https:\/\/ventesengros.fr\/pt\/contacto\/\"><strong>a pedido<\/strong><\/a>)<\/p>","protected":false},"excerpt":{"rendered":"<p>Oferecemos p\u00f3 de folhas de senna makki\u00a0<span style=\"color: #0000ff;\"><strong>vendido ao quilo ou em sacos de 100 g em embalagens de 12 unidades<\/strong><\/span>. <strong>Pre\u00e7os de afilamento.<\/strong><\/p>\n<p><b>Pre\u00e7o por quilo :<\/b>\u00a0<span style=\"color: #ff0000;\"><strong>9,99\u20ac<\/strong><\/span><\/p>\n<p><b>Pre\u00e7o por saco<span class=\"Apple-converted-space\">\u00a0<\/span>:<\/b>\u00a0<strong><span style=\"color: #ff0000;\">0,99\u20ac<\/span><\/strong><\/p>\n<p><span style=\"color: #ff0000;\"><b>Para mais de 3 lotes, selecionar uma quantidade no cesto.<\/b><\/span><\/p>\n<p>Receba um desconto de 10% nas encomendas de mais de 10 lotes (<span style=\"color: #ff0000;\"><a style=\"color: #ff0000;\" href=\"https:\/\/ventesengros.fr\/pt\/contacto\/\"><strong>contactar-nos<\/strong><\/a><\/span>).<\/p>","protected":false},"featured_media":38014,"template":"","meta":[],"product_brand":[],"product_cat":[360,1372,59],"product_tag":[538,866,974,688],"class_list":{"0":"post-31761","1":"product","2":"type-product","3":"status-publish","4":"has-post-thumbnail","6":"product_cat-produit-naturel-en-vrac","7":"product_cat-roqya","8":"product_cat-soin-et-bien-etre","9":"product_tag-engros","10":"product_tag-feuille-de-sene-en-poudre-au-kilo","11":"product_tag-grossiste","12":"product_tag-maroc","13":"pa_lot-1-lot-12-sachets-1908e-soit-159e-le-sachet","14":"pa_lot-1-lot-1kg-1099e-soit-1099e-le-kilo","15":"pa_lot-2-lots-24-sachets-3576e-soit-149e-le-sachet","16":"pa_lot-2-lots-2kg-2058e-soit-1029e-le-kilo","17":"pa_lot-3-lots-36-sachets-099e-le-sachet","18":"pa_lot-3-lots-3kg-2997e-soit-999e-le-kilo","20":"first","21":"instock","22":"shipping-taxable","23":"purchasable","24":"product-type-variable"},"_links":{"self":[{"href":"https:\/\/ventesengros.fr\/pt\/wp-json\/wp\/v2\/product\/31761","targetHints":{"allow":["GET"]}}],"collection":[{"href":"https:\/\/ventesengros.fr\/pt\/wp-json\/wp\/v2\/product"}],"about":[{"href":"https:\/\/ventesengros.fr\/pt\/wp-json\/wp\/v2\/types\/product"}],"wp:featuredmedia":[{"embeddable":true,"href":"https:\/\/ventesengros.fr\/pt\/wp-json\/wp\/v2\/media\/38014"}],"wp:attachment":[{"href":"https:\/\/ventesengros.fr\/pt\/wp-json\/wp\/v2\/media?parent=31761"}],"wp:term":[{"taxonomy":"product_brand","embeddable":true,"href":"https:\/\/ventesengros.fr\/pt\/wp-json\/wp\/v2\/product_brand?post=31761"},{"taxonomy":"product_cat","embeddable":true,"href":"https:\/\/ventesengros.fr\/pt\/wp-json\/wp\/v2\/product_cat?post=31761"},{"taxonomy":"product_tag","embeddable":true,"href":"https:\/\/ventesengros.fr\/pt\/wp-json\/wp\/v2\/product_tag?post=31761"}],"curies":[{"name":"wp","href":"https:\/\/api.w.org\/{rel}","templated":true}]}}