{"id":31653,"date":"2012-05-26T17:52:37","date_gmt":"2012-05-26T16:52:37","guid":{"rendered":"https:\/\/ventesengros.fr\/?post_type=product&#038;p=31653"},"modified":"2025-01-04T15:25:04","modified_gmt":"2025-01-04T14:25:04","slug":"miel-de-daghmous-250g","status":"publish","type":"product","link":"https:\/\/ventesengros.fr\/pt\/grossiste\/mel-daghmous-250g\/","title":{"rendered":"Mel de Daghmous \u2013 Frascos de 250 g (lote de 8 frascos)"},"content":{"rendered":"<p>O mel de Daghmous 250g \u00e9 um n\u00e9ctar natural muito apreciado que, para al\u00e9m do seu sabor doce e suave, tem muitas virtudes e benef\u00edcios para o nosso corpo e a nossa sa\u00fade, bem como um teor significativo de hidratos de carbono.<\/p>\n<h2><strong>Mel de Daghmous 250g, um dos muitos m\u00e9is :<\/strong><\/h2>\n<p>Existem v\u00e1rios tipos de mel. De diferentes partes do mundo. Com sabores mais ou menos pronunciados, aspectos e aromas diferentes consoante a sua origem, da qual depende muitas vezes a qualidade.<br \/>\nPodemos encontrar m\u00e9is conhecidos como \u00abmonoflorais\u00bb, o que significa que a sua origem prov\u00e9m principalmente de uma \u00fanica variedade de flores, ao contr\u00e1rio dos m\u00e9is \u00abpoliflorais\u00bb, que t\u00eam origem em v\u00e1rias variedades de flores.<\/p>\n<h3><strong>Origens norte-africanas:<\/strong><\/h3>\n<p>H\u00e1 um mel chamado \u00abmel de Euphorbia\u00bb ou tradicionalmente \u00abmel de Daghmous\u00bb que vem de Marrocos. Mais concretamente do planalto do Atlas, que \u00e9 muito apreciado. Este mel, bastante raro, prov\u00e9m de uma planta chamada \u00abCactoid Euphorbia\u00bb, ou mais vulgarmente conhecida como \"Cactus Euphorbia\". <a href=\"https:\/\/www.ferti-nat.com\/produit\/miel-de-daghmous\/\" target=\"_blank\" rel=\"noopener\"><strong>mel de cato<\/strong><\/a>.<br \/>\n\u00c9 muito puro e muito apreciado pelo seu sabor pronunciado, subtil e ligeiramente acre, sem deixar de ser suave e doce como deve ser. Mas, acima de tudo, \u00e9 muito procurado pelos seus extraordin\u00e1rios benef\u00edcios medicinais; de facto, o mel de Daghmous tem a reputa\u00e7\u00e3o de ser revigorante e excelente para as dores de garganta. \u00c9 tamb\u00e9m conhecido por ser um dos raros m\u00e9is que cura completamente a asma e promove a fertilidade nas mulheres, tal como o <a href=\"https:\/\/manelya.com\/produit\/pollen-de-palmier-fertilite-20g\/\" rel=\"noopener\"><strong>p\u00f3len de palmeira<\/strong><\/a>.<\/p>\n<h3><strong>A sua satisfa\u00e7\u00e3o \u00e9 a nossa prioridade:<\/strong><\/h3>\n<p>O mel tem virtudes incr\u00edveis. Quisemos falar-vos dele porque \u00e9 um dos alimentos mencionados no Nobre Cor\u00e3o. E foi-nos recomendado como alimento e medicamento na Sunnah do nosso Mensageiro. Para al\u00e9m de ser excelente para o paladar e para a sa\u00fade, \u00e9 tamb\u00e9m muito utilizado em cosm\u00e9tica, para o corpo, rosto e cabelo.<br \/>\nEsperamos que gostem de descobrir este mel e que os vossos coment\u00e1rios sejam positivos!<\/p>","protected":false},"excerpt":{"rendered":"<p>Oferecemos este mel de Daghmous analisado em laborat\u00f3rio - frasco de 250g <span style=\"color: #0000ff;\"><b>Vendido em embalagens de 8 frascos<\/b><\/span>. <span style=\"color: #000000;\"><strong>Pre\u00e7os de afilamento.<\/strong><\/span><\/p>\n<p><b>Pre\u00e7os<span class=\"Apple-converted-space\">\u00a0<\/span>o pote de mel<span class=\"Apple-converted-space\">\u00a0 <\/span>:<\/b>\u00a0<span style=\"color: #ff0000;\"><b>6,29\u20ac<\/b><\/span><\/p>\n<p><span style=\"color: #ff0000;\"><strong>Para mais de 3 lotes, selecionar uma quantidade no cesto.<\/strong><\/span><\/p>\n<p>Receba um desconto de 10% nas encomendas de mais de 10 lotes (<a href=\"https:\/\/ventesengros.fr\/pt\/contacto\/\"><span style=\"color: #ff0000;\"><strong>contactar-nos<\/strong><\/span><\/a>)<\/p>","protected":false},"featured_media":34448,"template":"","meta":[],"product_brand":[],"product_cat":[206,1515,596,59],"product_tag":[],"class_list":{"0":"post-31653","1":"product","2":"type-product","3":"status-publish","4":"has-post-thumbnail","6":"product_cat-alimentation","7":"product_cat-fertilite","8":"product_cat-miel-alimentation","9":"product_cat-soin-et-bien-etre","10":"pa_lot-1-lot-8-pots-soit-5592e-699e-le-pot","11":"pa_lot-2-lots-16-pots-soit-10544e-659e-le-pot","12":"pa_lot-3-lots-24-pots-soit-15096e-629e-le-pot","14":"first","15":"instock","16":"featured","17":"shipping-taxable","18":"purchasable","19":"product-type-variable"},"_links":{"self":[{"href":"https:\/\/ventesengros.fr\/pt\/wp-json\/wp\/v2\/product\/31653","targetHints":{"allow":["GET"]}}],"collection":[{"href":"https:\/\/ventesengros.fr\/pt\/wp-json\/wp\/v2\/product"}],"about":[{"href":"https:\/\/ventesengros.fr\/pt\/wp-json\/wp\/v2\/types\/product"}],"wp:featuredmedia":[{"embeddable":true,"href":"https:\/\/ventesengros.fr\/pt\/wp-json\/wp\/v2\/media\/34448"}],"wp:attachment":[{"href":"https:\/\/ventesengros.fr\/pt\/wp-json\/wp\/v2\/media?parent=31653"}],"wp:term":[{"taxonomy":"product_brand","embeddable":true,"href":"https:\/\/ventesengros.fr\/pt\/wp-json\/wp\/v2\/product_brand?post=31653"},{"taxonomy":"product_cat","embeddable":true,"href":"https:\/\/ventesengros.fr\/pt\/wp-json\/wp\/v2\/product_cat?post=31653"},{"taxonomy":"product_tag","embeddable":true,"href":"https:\/\/ventesengros.fr\/pt\/wp-json\/wp\/v2\/product_tag?post=31653"}],"curies":[{"name":"wp","href":"https:\/\/api.w.org\/{rel}","templated":true}]}}