{"id":31291,"date":"2015-01-10T15:50:18","date_gmt":"2015-01-10T14:50:18","guid":{"rendered":"https:\/\/ventesengros.fr\/?post_type=product&#038;p=31291"},"modified":"2022-06-30T23:25:59","modified_gmt":"2022-06-30T22:25:59","slug":"dentifrice-poudre-menthe-hervital","status":"publish","type":"product","link":"https:\/\/ventesengros.fr\/pt\/grossiste\/pasta-de-dentes-com-po-de-menta-hervital\/","title":{"rendered":"Pasta de dentes em p\u00f3 Menta HERVITAL X 12"},"content":{"rendered":"<p><strong>Propriedades :\u00a0<em>com hortel\u00e3 fresca\u00a0\u00a0<\/em>actualiza\u00a0<\/strong>refresca e purifica o h\u00e1lito. Gra\u00e7as \u00e0 sua textura, elimina as manchas amarelas causadas pelos corantes e as manchas pretas causadas pela nicotina nos fumadores. Limpa em profundidade os seus dentes, deixando-os excecionalmente limpos. .<\/p>\n<p><strong>Modo de utiliza\u00e7\u00e3o :\u00a0<\/strong>Agite bem o seu estojo compacto antes de o abrir. Humede\u00e7a ligeiramente a sua escova de dentes e aplique-a enquanto bate com o p\u00f3. Feche imediatamente o seu compacto para preservar a frescura do produto e, em seguida, escove os dentes de acordo com os conselhos habituais do seu dentista.<\/p>\n<p><b>Nome da marca:<\/b>\u00a0\u00a0Hervital<\/p>\n<p><b>Peso:<\/b>50g\/unidade<\/p>","protected":false},"excerpt":{"rendered":"<p>Oferecemos-lhe este <strong>Pasta de dentes com p\u00f3 de menta fresca<\/strong><strong>\u00a0<\/strong>vendido em embalagens de 12 unidades.<\/p>\n<p>1 lote :\u00a0<span style=\"color: #0ad227;\">1,45\/unidade X 12 = 17,40 euros<\/span><\/p>","protected":false},"featured_media":31292,"template":"","meta":[],"product_brand":[],"product_cat":[59,297],"product_tag":[781,258,974,688],"class_list":{"0":"post-31291","1":"product","2":"type-product","3":"status-publish","4":"has-post-thumbnail","6":"product_cat-soin-et-bien-etre","7":"product_cat-siwak-siwakdentifrice","8":"product_tag-dentifrice-poudre-menthe-hervital","9":"product_tag-en-gros","10":"product_tag-grossiste","11":"product_tag-maroc","13":"first","14":"instock","15":"shipping-taxable","16":"purchasable","17":"product-type-simple"},"_links":{"self":[{"href":"https:\/\/ventesengros.fr\/pt\/wp-json\/wp\/v2\/product\/31291","targetHints":{"allow":["GET"]}}],"collection":[{"href":"https:\/\/ventesengros.fr\/pt\/wp-json\/wp\/v2\/product"}],"about":[{"href":"https:\/\/ventesengros.fr\/pt\/wp-json\/wp\/v2\/types\/product"}],"wp:featuredmedia":[{"embeddable":true,"href":"https:\/\/ventesengros.fr\/pt\/wp-json\/wp\/v2\/media\/31292"}],"wp:attachment":[{"href":"https:\/\/ventesengros.fr\/pt\/wp-json\/wp\/v2\/media?parent=31291"}],"wp:term":[{"taxonomy":"product_brand","embeddable":true,"href":"https:\/\/ventesengros.fr\/pt\/wp-json\/wp\/v2\/product_brand?post=31291"},{"taxonomy":"product_cat","embeddable":true,"href":"https:\/\/ventesengros.fr\/pt\/wp-json\/wp\/v2\/product_cat?post=31291"},{"taxonomy":"product_tag","embeddable":true,"href":"https:\/\/ventesengros.fr\/pt\/wp-json\/wp\/v2\/product_tag?post=31291"}],"curies":[{"name":"wp","href":"https:\/\/api.w.org\/{rel}","templated":true}]}}