{"id":31260,"date":"2015-01-09T10:15:05","date_gmt":"2015-01-09T09:15:05","guid":{"rendered":"https:\/\/ventesengros.fr\/?post_type=product&#038;p=31260"},"modified":"2023-05-22T19:15:44","modified_gmt":"2023-05-22T18:15:44","slug":"ventouses-pour-hijama-58cm","status":"publish","type":"product","link":"https:\/\/ventesengros.fr\/pt\/grossiste\/ventosas-para-hijama-58cm\/","title":{"rendered":"Ventosas para Hijama 6 cm (lote de 100 ventosas)"},"content":{"rendered":"<p>Ventosas para hijama 6 cm<\/p>\n<p>Fotografia n\u00e3o contratual<\/p>\n<p>O tamanho pode variar alguns mil\u00edmetros<\/p>\n<p>Diminui\u00e7\u00e3o do pre\u00e7o para mais de 10 lotes 10% desconto (sobre a cota\u00e7\u00e3o)<\/p>\n<p>A hijama \u00e9 uma pr\u00e1tica m\u00e9dica muito antiga que ainda hoje \u00e9 praticada e que est\u00e1 a tornar-se cada vez mais popular em todo o mundo. Consiste em extrair o sangue ruim por meio de ventosas colocadas diretamente sobre a pele, que foi previamente incisada para que o sangue possa ser sugado.<\/p>\n<p>O hijama pode ser praticado como medida preventiva, para renovar o sangue e refor\u00e7ar o sistema imunit\u00e1rio. Tamb\u00e9m pode ser praticado para tratar certas doen\u00e7as ou para ajudar a curar certas afec\u00e7\u00f5es, como menstrua\u00e7\u00f5es dolorosas, enxaquecas, problemas de infertilidade, dores nas costas, diminui\u00e7\u00e3o da tens\u00e3o arterial, etc.....<\/p>\n<p><strong>Orient Wholesaler<\/strong> oferece-lhe <strong>grossista<\/strong> a <strong>ventosas para hijama 6cm <\/strong>vendido em embalagens de 100 unidades a 35,00 euros, ou seja, 0,35 euros cada, com um pre\u00e7o vari\u00e1vel para 3 embalagens ou mais.<\/p>\n<p>Os semi-grossistas e retalhistas poder\u00e3o revender este produto ao pre\u00e7o de retalho recomendado de 1,50 euros.<\/p>\n<p>Estas ventosas s\u00e3o adequadas para certas zonas do corpo. No nosso s\u00edtio Web, na categoria cuidados e bem-estar, encontrar\u00e1 uma gama de artigos para a pr\u00e1tica do hijama, incluindo kits e produtos como ventosas de v\u00e1rios tamanhos, l\u00e2minas e bombas especializadas para utiliza\u00e7\u00e3o com ventosas.<\/p>\n<p>A medicina prof\u00e9tica recomenda este tratamento e d\u00e1 uma s\u00e9rie de indica\u00e7\u00f5es, tais como locais espec\u00edficos para as diferentes doen\u00e7as e alturas do ano e do m\u00eas a favorecer para que a hijama seja mais eficaz.<\/p>\n<p>Recordamos que o hijama \u00e9 um medicamento por direito pr\u00f3prio e que s\u00f3 deve ser utilizado com seguran\u00e7a por profissionais.<\/p>\n<p>O seu grossista online em <strong>Marrocos<\/strong> garante a entrega em Fran\u00e7a e no estrangeiro.<\/p>\n<p>Pode contactar o nosso servi\u00e7o de apoio ao cliente para obter mais informa\u00e7\u00f5es sobre este produto ou qualquer outro produto do nosso site.<\/p>\n<p>&nbsp;<\/p>\n<p><strong>Di\u00e2metro interior:<\/strong> 6cm<\/p>","protected":false},"excerpt":{"rendered":"<p>Oferecemos-lhe\u00a0<strong>Ventosa para Hijama 6cm \u00a0<\/strong>vendido em embalagens de 100 .<\/p>\n<p><span style=\"color: #003366;\"><strong>Pre\u00e7o de retalho recomendado 1,50 euros.<\/strong><\/span><\/p>\n<p><strong>1 lote :\u00a0<span style=\"color: #0ad227;\">0,35\/pe\u00e7a X 100 = 35 euros<\/span><\/strong><\/p>","protected":false},"featured_media":34562,"template":"","meta":[],"product_brand":[],"product_cat":[60,234],"product_tag":[258,974,688,768],"class_list":{"0":"post-31260","1":"product","2":"type-product","3":"status-publish","4":"has-post-thumbnail","6":"product_cat-bazar","7":"product_cat-kit-hijama","8":"product_tag-en-gros","9":"product_tag-grossiste","10":"product_tag-maroc","11":"product_tag-ventouses-pour-hijama-58cm","13":"first","14":"instock","15":"shipping-taxable","16":"purchasable","17":"product-type-simple"},"_links":{"self":[{"href":"https:\/\/ventesengros.fr\/pt\/wp-json\/wp\/v2\/product\/31260","targetHints":{"allow":["GET"]}}],"collection":[{"href":"https:\/\/ventesengros.fr\/pt\/wp-json\/wp\/v2\/product"}],"about":[{"href":"https:\/\/ventesengros.fr\/pt\/wp-json\/wp\/v2\/types\/product"}],"wp:featuredmedia":[{"embeddable":true,"href":"https:\/\/ventesengros.fr\/pt\/wp-json\/wp\/v2\/media\/34562"}],"wp:attachment":[{"href":"https:\/\/ventesengros.fr\/pt\/wp-json\/wp\/v2\/media?parent=31260"}],"wp:term":[{"taxonomy":"product_brand","embeddable":true,"href":"https:\/\/ventesengros.fr\/pt\/wp-json\/wp\/v2\/product_brand?post=31260"},{"taxonomy":"product_cat","embeddable":true,"href":"https:\/\/ventesengros.fr\/pt\/wp-json\/wp\/v2\/product_cat?post=31260"},{"taxonomy":"product_tag","embeddable":true,"href":"https:\/\/ventesengros.fr\/pt\/wp-json\/wp\/v2\/product_tag?post=31260"}],"curies":[{"name":"wp","href":"https:\/\/api.w.org\/{rel}","templated":true}]}}