{"id":31257,"date":"2015-01-09T09:47:19","date_gmt":"2015-01-09T08:47:19","guid":{"rendered":"https:\/\/ventesengros.fr\/?post_type=product&#038;p=31257"},"modified":"2023-09-02T10:08:11","modified_gmt":"2023-09-02T09:08:11","slug":"ventouse-pour-hijama-3cm","status":"publish","type":"product","link":"https:\/\/ventesengros.fr\/pt\/grossiste\/ventosa-para-hijama-3cm\/","title":{"rendered":"Ventosas para Hijama 3,4 cm (lote de 100 ventosas)"},"content":{"rendered":"<p>Ventosas para hijama 3,4 cm<\/p>\n<p>La <strong>hijama<\/strong>, que vem da palavra \u00abhijm\u00bb que significa \u00abextrair, absorver\u00bb, \u00e9 uma t\u00e9cnica medicinal que extrai o sangue da superf\u00edcie da epiderme atrav\u00e9s de ventosas especializadas. Nalgumas partes do corpo, pode ser realizada sem incis\u00e3o, noutras \u00e9 necess\u00e1rio fazer uma pequena incis\u00e3o superficial com uma l\u00e2mina, e o ar contido na ventosa deve ser bombeado com uma bomba especializada para criar este efeito de ventosa e permitir que o sangue saia facilmente.<\/p>\n<p>Este <strong>pr\u00e1tica medicinal<\/strong> foi utilizado na medicina tradicional chinesa, no antigo Egito e tamb\u00e9m na medicina prof\u00e9tica. O objetivo destas ventosas de vidro \u00e9 extrair o sangue mau para extrair as toxinas, os venenos e os gl\u00f3bulos vermelhos deformados que o organismo n\u00e3o consegue eliminar por si pr\u00f3prio. O sangue \u00e9 assim regenerado para dar lugar a sangue novo.<\/p>\n<p><strong>Orient Wholesaler <\/strong>\u00e9 um<strong> atacadista <\/strong>em linha em<strong> Marrocos <\/strong>que lhe oferece <strong>a granel <\/strong>a <strong>ventosas para hijama 3cm <\/strong>vendidos em embalagens de 100 unidades a 35 euros, ou seja, 0,35 euros por unidade. Quanto maior for a quantidade comprada, mais baixo ser\u00e1 o pre\u00e7o unit\u00e1rio.<\/p>\n<p>O tamanho das ventosas depende da zona do corpo onde a hijama vai ser realizada. Certifique-se de que \u00e9 efectuada por um profissional, uma vez que a hijama \u00e9 uma ci\u00eancia que requer conhecimentos precisos.<\/p>\n<p>O hijama est\u00e1 a tornar-se cada vez mais popular, uma vez que pode ser utilizado em vez dos medicamentos e antibi\u00f3ticos que estamos habituados a tomar.  \u00c9 mesmo reconhecido pela Organiza\u00e7\u00e3o Mundial de Sa\u00fade desde 2004.<\/p>\n<p>Este medicamento natural pode tratar doen\u00e7as como eczema, acne, diabetes, doen\u00e7as do f\u00edgado, dores nas costas, impot\u00eancia, tens\u00e3o arterial elevada e muitas outras doen\u00e7as.<\/p>\n<p>Para mais informa\u00e7\u00f5es ou perguntas sobre <strong>ventosas para hijama 3cm,<\/strong> pode contactar o nosso servi\u00e7o de apoio ao cliente.<\/p>\n<p>&nbsp;<\/p>\n<p><strong>Di\u00e2metro interior:<\/strong>\u00a03cm<\/p>","protected":false},"excerpt":{"rendered":"<p>Oferecemos-lhe\u00a0<strong>Ventosa para Hijama 3,4cm \u00a0<\/strong>vendido em embalagens de 100 .<\/p>\n<p><span style=\"color: #003366;\"><strong>Pre\u00e7o de retalho recomendado 1,50 euros.<\/strong><\/span><\/p>\n<p><strong>1 lote :\u00a0<span style=\"color: #0ad227;\">0,35\/pe\u00e7a X 100 = 35 euros<\/span><\/strong><\/p>","protected":false},"featured_media":34478,"template":"","meta":[],"product_brand":[],"product_cat":[60,234],"product_tag":[767,766],"class_list":{"0":"post-31257","1":"product","2":"type-product","3":"status-publish","4":"has-post-thumbnail","6":"product_cat-bazar","7":"product_cat-kit-hijama","8":"product_tag-en-gros-grossiste-maroc","9":"product_tag-ventouse-pour-hijama-3cm","11":"first","12":"instock","13":"shipping-taxable","14":"purchasable","15":"product-type-simple"},"_links":{"self":[{"href":"https:\/\/ventesengros.fr\/pt\/wp-json\/wp\/v2\/product\/31257","targetHints":{"allow":["GET"]}}],"collection":[{"href":"https:\/\/ventesengros.fr\/pt\/wp-json\/wp\/v2\/product"}],"about":[{"href":"https:\/\/ventesengros.fr\/pt\/wp-json\/wp\/v2\/types\/product"}],"wp:featuredmedia":[{"embeddable":true,"href":"https:\/\/ventesengros.fr\/pt\/wp-json\/wp\/v2\/media\/34478"}],"wp:attachment":[{"href":"https:\/\/ventesengros.fr\/pt\/wp-json\/wp\/v2\/media?parent=31257"}],"wp:term":[{"taxonomy":"product_brand","embeddable":true,"href":"https:\/\/ventesengros.fr\/pt\/wp-json\/wp\/v2\/product_brand?post=31257"},{"taxonomy":"product_cat","embeddable":true,"href":"https:\/\/ventesengros.fr\/pt\/wp-json\/wp\/v2\/product_cat?post=31257"},{"taxonomy":"product_tag","embeddable":true,"href":"https:\/\/ventesengros.fr\/pt\/wp-json\/wp\/v2\/product_tag?post=31257"}],"curies":[{"name":"wp","href":"https:\/\/api.w.org\/{rel}","templated":true}]}}