{"id":3106,"date":"2014-05-16T13:08:54","date_gmt":"2014-05-16T12:08:54","guid":{"rendered":"http:\/\/pietra-communication.com\/ventesengros.fr\/?post_type=product&#038;p=3106"},"modified":"2022-06-30T23:32:40","modified_gmt":"2022-06-30T22:32:40","slug":"huile-de-noisette-60ml-plantil","status":"publish","type":"product","link":"https:\/\/ventesengros.fr\/pt\/grossiste\/oleo-de-avela-60ml-plantil\/","title":{"rendered":"\u00d3leo de Noz 60mL X 12"},"content":{"rendered":"<p><strong>Propriedade:<\/strong><\/p>\n<p>Este \u00f3leo \u00e9 utilizado nos seguintes casos:<\/p>\n<p>1)\u00d3leo suavizante e calmante<\/p>\n<p>2) Alta penetra\u00e7\u00e3o atrav\u00e9s da pele<\/p>\n<p>3)Muito popular para massagens<\/p>\n<p>4)Evita a desidrata\u00e7\u00e3o da pele \u00a0 \u00a0 \u00a0 \u00a0 \u00a0 \u00a0 \u00a0 \u00a0 \u00a0 \u00a0 \u00a0 \u00a0 \u00a0 \u00a0 \u00a0 \u00a0 \u00a0 \u00a0 \u00a0 \u00a0 \u00a0 \u00a0 \u00a0 \u00a0 \u00a0 \u00a0 \u00a0 \u00a0 \u00a0 \u00a0 \u00a0 \u00a0 \u00a0 \u00a0 \u00a0 \u00a0 \u00a0 \u00a0 \u00a0 \u00a0 \u00a0 \u00a0 <span style=\"color: #000000;\"><b>\u00a0 \u00a0 \u00a0 \u00a0 \u00a0 \u00a0 \u00a0 \u00a0 \u00a0 \u00a0 \u00a0 \u00a0 \u00a0 \u00a0 \u00a0 \u00a0 \u00a0 \u00a0 \u00a0 \u00a0 \u00a0 \u00a0 \u00a0 \u00a0 \u00a0 \u00a0 \u00a0 \u00a0 \u00a0 \u00a0 \u00a0 \u00a0 \u00a0 \u00a0 \u00a0 \u00a0 \u00a0 \u00a0 \u00a0 \u00a0 \u00a0 \u00a0 \u00a0 \u00a0 \u00a0 <\/b><\/span>\u00a0<strong>Como o utilizar:<\/strong>\u00a0apenas para uso cosm\u00e9tico<\/p>\n<p><b>Capacidade :<\/b>\u00a060mL<br \/>\n<b><\/b><\/p>\n<p><b>Nome da marca:<\/b>\u00a0Plantil<\/p>\n<p><b>Proveni\u00eancia:<\/b>Marrocos<\/p>\n<p><b>Peso:<\/b>142g<\/p>","protected":false},"excerpt":{"rendered":"<p>Oferecemos-lhe este\u00a0<strong>\u00d3leo de caro\u00e7o de alperce 60mL<\/strong><strong>\u00a0<\/strong><strong>PLANTIL<\/strong><strong>\u00a0<\/strong>vendido em embalagens de 12 unidades.<\/p>\n<p>Pre\u00e7o de venda recomendado: 6,90-7,90 euros.<\/p>\n<p>1 lote :\u00a0<span style=\"color: #0ad227;\">2,29\/unidade X 12 = 27,49 euros<\/span><\/p>\n<p>&nbsp;<\/p>\n<p style=\"text-align: center;\">","protected":false},"featured_media":3111,"template":"","meta":[],"product_brand":[],"product_cat":[201,327,59],"product_tag":[303,972,320,977],"class_list":{"0":"post-3106","1":"product","2":"type-product","3":"status-publish","4":"has-post-thumbnail","6":"product_cat-huiles-soin-et-bien-etre","7":"product_cat-huile-plantil-60ml","8":"product_cat-soin-et-bien-etre","9":"product_tag-60ml","10":"product_tag-huile","11":"product_tag-noisette","12":"product_tag-plantil","13":"pa_lot-158","14":"pa_lot-160","15":"pa_lot-159","17":"first","18":"instock","19":"shipping-taxable","20":"purchasable","21":"product-type-simple"},"_links":{"self":[{"href":"https:\/\/ventesengros.fr\/pt\/wp-json\/wp\/v2\/product\/3106","targetHints":{"allow":["GET"]}}],"collection":[{"href":"https:\/\/ventesengros.fr\/pt\/wp-json\/wp\/v2\/product"}],"about":[{"href":"https:\/\/ventesengros.fr\/pt\/wp-json\/wp\/v2\/types\/product"}],"wp:featuredmedia":[{"embeddable":true,"href":"https:\/\/ventesengros.fr\/pt\/wp-json\/wp\/v2\/media\/3111"}],"wp:attachment":[{"href":"https:\/\/ventesengros.fr\/pt\/wp-json\/wp\/v2\/media?parent=3106"}],"wp:term":[{"taxonomy":"product_brand","embeddable":true,"href":"https:\/\/ventesengros.fr\/pt\/wp-json\/wp\/v2\/product_brand?post=3106"},{"taxonomy":"product_cat","embeddable":true,"href":"https:\/\/ventesengros.fr\/pt\/wp-json\/wp\/v2\/product_cat?post=3106"},{"taxonomy":"product_tag","embeddable":true,"href":"https:\/\/ventesengros.fr\/pt\/wp-json\/wp\/v2\/product_tag?post=3106"}],"curies":[{"name":"wp","href":"https:\/\/api.w.org\/{rel}","templated":true}]}}