{"id":3009,"date":"2014-05-11T15:56:23","date_gmt":"2014-05-11T14:56:23","guid":{"rendered":"http:\/\/pietra-communication.com\/ventesengros.fr\/?post_type=product&#038;p=3009"},"modified":"2024-08-17T10:14:08","modified_gmt":"2024-08-17T09:14:08","slug":"savon-au-soufre","status":"publish","type":"product","link":"https:\/\/ventesengros.fr\/pt\/grossiste\/sabao-de-enxofre\/","title":{"rendered":"Sabonete com enxofre (lote de 12 sabonetes)"},"content":{"rendered":"<p><strong>Propriedade:<\/strong><\/p>\n<p><span style=\"color: #000000;\">O enxofre tem propriedades anti-s\u00e9pticas. \u00c9 um sab\u00e3o ben\u00e9fico para uma pele saud\u00e1vel,\u00a0<span style=\"color: #333333;\">Este sabonete tem uma a\u00e7\u00e3o cicatrizante ao mesmo tempo que purifica e trata as peles com tend\u00eancia acneica. Alivia a comich\u00e3o, incluindo o eczema. .<\/span><\/span><\/p>\n<p>marcas de acordo com o stock<\/p>","protected":false},"excerpt":{"rendered":"<p>Oferecemos-lhe este <strong>Sab\u00e3o de enxofre<\/strong> vendido em embalagens de 12 unidades a 1,19 euros\/unidade, pre\u00e7o de retalho recomendado 3,99 euros.<\/p>\n<p>1 lote :\u00a0<span style=\"color: #0ad227;\">1,19\/pe\u00e7a x 12 = 14,28 euros<\/span><\/p>\n<p>&nbsp;<\/p>\n<p style=\"text-align: center;\">","protected":false},"featured_media":3013,"template":"","meta":[],"product_brand":[],"product_cat":[1556,200,59],"product_tag":[974,177,294],"class_list":{"0":"post-3009","1":"product","2":"type-product","3":"status-publish","4":"has-post-thumbnail","6":"product_cat-grossiste-produits-a-base-de-soufre","7":"product_cat-savon-soin-et-bien-etre","8":"product_cat-soin-et-bien-etre","9":"product_tag-grossiste","10":"product_tag-savon","11":"product_tag-soufre","12":"pa_lot-158","13":"pa_lot-160","14":"pa_lot-159","16":"first","17":"instock","18":"shipping-taxable","19":"purchasable","20":"product-type-simple"},"_links":{"self":[{"href":"https:\/\/ventesengros.fr\/pt\/wp-json\/wp\/v2\/product\/3009","targetHints":{"allow":["GET"]}}],"collection":[{"href":"https:\/\/ventesengros.fr\/pt\/wp-json\/wp\/v2\/product"}],"about":[{"href":"https:\/\/ventesengros.fr\/pt\/wp-json\/wp\/v2\/types\/product"}],"wp:featuredmedia":[{"embeddable":true,"href":"https:\/\/ventesengros.fr\/pt\/wp-json\/wp\/v2\/media\/3013"}],"wp:attachment":[{"href":"https:\/\/ventesengros.fr\/pt\/wp-json\/wp\/v2\/media?parent=3009"}],"wp:term":[{"taxonomy":"product_brand","embeddable":true,"href":"https:\/\/ventesengros.fr\/pt\/wp-json\/wp\/v2\/product_brand?post=3009"},{"taxonomy":"product_cat","embeddable":true,"href":"https:\/\/ventesengros.fr\/pt\/wp-json\/wp\/v2\/product_cat?post=3009"},{"taxonomy":"product_tag","embeddable":true,"href":"https:\/\/ventesengros.fr\/pt\/wp-json\/wp\/v2\/product_tag?post=3009"}],"curies":[{"name":"wp","href":"https:\/\/api.w.org\/{rel}","templated":true}]}}