{"id":29828,"date":"2014-09-14T08:22:18","date_gmt":"2014-09-14T07:22:18","guid":{"rendered":"http:\/\/pietra-communication.com\/ventesengros.fr\/?post_type=product&#038;p=29828"},"modified":"2025-02-08T13:34:27","modified_gmt":"2025-02-08T12:34:27","slug":"rose-sechee","status":"publish","type":"product","link":"https:\/\/ventesengros.fr\/pt\/grossiste\/rosa-seca\/","title":{"rendered":"Rosas secas (vendidas ao quilo)"},"content":{"rendered":"<p><strong>Propriedade:<\/strong><\/p>\n<p>A rosa marroquina \u00e9 uma das culturas espec\u00edficas de Ouarzazate, utilizada na produ\u00e7\u00e3o de v\u00e1rios produtos:<\/p>\n<p>&nbsp;<\/p>\n<p align=\"justify\">- bet\u00e3o rosa e absoluto rosa.<\/p>\n<p align=\"justify\">- bot\u00f5es de flores secas,<\/p>\n<p align=\"justify\">- ess\u00eancia de rosa<\/p>\n<p align=\"justify\">- \u00e1gua de rosas<\/p>\n<p align=\"justify\"><strong>Peso :<\/strong> 1000 g.<\/p>\n<p>&nbsp;<\/p>","protected":false},"excerpt":{"rendered":"<p style=\"color: #000000;\">Oferecemos-lhe <strong>rosas secas a granel<\/strong><strong>\u00a0<\/strong>vendido em embalagens de 1kg<\/p>\n<p>1 lote :\u00a0<span style=\"color: #0ad227;\">23 \u20ac\/unidade = 1000 gr<\/span><\/p>\n<p>1\u00aa qualidade<\/p>","protected":false},"featured_media":30245,"template":"","meta":[],"product_brand":[],"product_cat":[360,59],"product_tag":[655,258,974,654],"class_list":{"0":"post-29828","1":"product","2":"type-product","3":"status-publish","4":"has-post-thumbnail","6":"product_cat-produit-naturel-en-vrac","7":"product_cat-soin-et-bien-etre","8":"product_tag-1kg","9":"product_tag-en-gros","10":"product_tag-grossiste","11":"product_tag-rose-sechee","12":"pa_lot-158","13":"pa_lot-160","14":"pa_lot-159","16":"first","17":"instock","18":"shipping-taxable","19":"purchasable","20":"product-type-simple"},"_links":{"self":[{"href":"https:\/\/ventesengros.fr\/pt\/wp-json\/wp\/v2\/product\/29828","targetHints":{"allow":["GET"]}}],"collection":[{"href":"https:\/\/ventesengros.fr\/pt\/wp-json\/wp\/v2\/product"}],"about":[{"href":"https:\/\/ventesengros.fr\/pt\/wp-json\/wp\/v2\/types\/product"}],"wp:featuredmedia":[{"embeddable":true,"href":"https:\/\/ventesengros.fr\/pt\/wp-json\/wp\/v2\/media\/30245"}],"wp:attachment":[{"href":"https:\/\/ventesengros.fr\/pt\/wp-json\/wp\/v2\/media?parent=29828"}],"wp:term":[{"taxonomy":"product_brand","embeddable":true,"href":"https:\/\/ventesengros.fr\/pt\/wp-json\/wp\/v2\/product_brand?post=29828"},{"taxonomy":"product_cat","embeddable":true,"href":"https:\/\/ventesengros.fr\/pt\/wp-json\/wp\/v2\/product_cat?post=29828"},{"taxonomy":"product_tag","embeddable":true,"href":"https:\/\/ventesengros.fr\/pt\/wp-json\/wp\/v2\/product_tag?post=29828"}],"curies":[{"name":"wp","href":"https:\/\/api.w.org\/{rel}","templated":true}]}}