{"id":29823,"date":"2016-01-23T10:07:23","date_gmt":"2016-01-23T09:07:23","guid":{"rendered":"http:\/\/pietra-communication.com\/ventesengros.fr\/?post_type=product&#038;p=29823"},"modified":"2022-06-30T23:13:18","modified_gmt":"2022-06-30T22:13:18","slug":"encensoirs-petit-format","status":"publish","type":"product","link":"https:\/\/ventesengros.fr\/pt\/grossiste\/pequenos-queimadores-de-incenso\/","title":{"rendered":"Incens\u00e1rio Altura 12,8 cm (lote de 12 incens\u00e1rios)"},"content":{"rendered":"<p><strong>Propriedade:<\/strong><\/p>\n<p>Um incens\u00e1rio n\u00e3o el\u00e9trico de 12,8 cm de altura que pode ser levado para qualquer lugar da sua casa. \u00c9 fornecido com uma tampa.<\/p>\n<p>&nbsp;<\/p>","protected":false},"excerpt":{"rendered":"<p>Oferecemos-lhe este<strong>\u00a0Pequeno incens\u00f3rio <\/strong>\u00a0vendido em embalagens de 12 unidades.<\/p>\n<p><strong>Pre\u00e7o por unidade <span style=\"color: #ff0000;\">7,90\u20ac\/pe\u00e7a<\/span>.<\/strong><\/p>\n<p>1 lote : <span style=\"color: #0ad227;\">7,90\/pe\u00e7a X 12 = 94,80 euros<\/span><\/p>","protected":false},"featured_media":33566,"template":"","meta":[],"product_brand":[],"product_cat":[60,207],"product_tag":[651,258,129,974],"class_list":{"0":"post-29823","1":"product","2":"type-product","3":"status-publish","4":"has-post-thumbnail","6":"product_cat-bazar","7":"product_cat-encensoires","8":"product_tag-charbon","9":"product_tag-en-gros","10":"product_tag-encensoirs","11":"product_tag-grossiste","12":"pa_lot-158","13":"pa_lot-2-lots-economisez-960-euros","14":"pa_lot-3-lots-economisez-36-euros","16":"first","17":"instock","18":"shipping-taxable","19":"purchasable","20":"product-type-simple"},"_links":{"self":[{"href":"https:\/\/ventesengros.fr\/pt\/wp-json\/wp\/v2\/product\/29823","targetHints":{"allow":["GET"]}}],"collection":[{"href":"https:\/\/ventesengros.fr\/pt\/wp-json\/wp\/v2\/product"}],"about":[{"href":"https:\/\/ventesengros.fr\/pt\/wp-json\/wp\/v2\/types\/product"}],"wp:featuredmedia":[{"embeddable":true,"href":"https:\/\/ventesengros.fr\/pt\/wp-json\/wp\/v2\/media\/33566"}],"wp:attachment":[{"href":"https:\/\/ventesengros.fr\/pt\/wp-json\/wp\/v2\/media?parent=29823"}],"wp:term":[{"taxonomy":"product_brand","embeddable":true,"href":"https:\/\/ventesengros.fr\/pt\/wp-json\/wp\/v2\/product_brand?post=29823"},{"taxonomy":"product_cat","embeddable":true,"href":"https:\/\/ventesengros.fr\/pt\/wp-json\/wp\/v2\/product_cat?post=29823"},{"taxonomy":"product_tag","embeddable":true,"href":"https:\/\/ventesengros.fr\/pt\/wp-json\/wp\/v2\/product_tag?post=29823"}],"curies":[{"name":"wp","href":"https:\/\/api.w.org\/{rel}","templated":true}]}}