{"id":29759,"date":"2015-02-05T11:37:05","date_gmt":"2015-02-05T10:37:05","guid":{"rendered":"http:\/\/pietra-communication.com\/ventesengros.fr\/?post_type=product&#038;p=29759"},"modified":"2022-06-30T23:21:18","modified_gmt":"2022-06-30T22:21:18","slug":"shampoing-lhuile-serpent","status":"publish","type":"product","link":"https:\/\/ventesengros.fr\/pt\/grossiste\/champo-de-oleo-de-cobra\/","title":{"rendered":"Champ\u00f4 de \u00f3leo de cobra X 12"},"content":{"rendered":"<p><strong>Propriedade:<\/strong><\/p>\n<p>O champ\u00f4 de \u00f3leo de cobra \u00e9 ideal para pessoas que est\u00e3o a perder cabelo, uma vez que ajudar\u00e1 a fortalecer o couro cabeludo. Este champ\u00f4 \u00e9 muito raro na sua categoria e o seu pre\u00e7o acess\u00edvel ir\u00e1 distingui-lo de outros retalhistas.<\/p>\n<h5><b>Capacidade :<\/b>300ml<br \/>\n<b><\/b><\/h5>\n<p><b>Nome da marca:<\/b>\u00a0 Cobra<\/p>\n<p><b>Proveni\u00eancia:<\/b>Marrocos<\/p>\n<p><b>Peso:<\/b>340g\/pe\u00e7a<\/p>","protected":false},"excerpt":{"rendered":"<p>Oferecemos-lhe este<strong> Champ\u00f4 \u00d3leo de Serpente 300ml<\/strong><strong>\u00a0<\/strong>vendido em embalagens de 12 unidades.<\/p>\n<p>Pre\u00e7o de venda recomendado: 10,50 euros.<\/p>\n<p>1 lote :\u00a0<span style=\"color: #0ad227;\">3,39\/pe\u00e7a X 12 = 40,68 euros<\/span><\/p>","protected":false},"featured_media":35234,"template":"","meta":[],"product_brand":[],"product_cat":[1458,59],"product_tag":[258,974,305,649],"class_list":{"0":"post-29759","1":"product","2":"type-product","3":"status-publish","4":"has-post-thumbnail","6":"product_cat-huile-de-serpent","7":"product_cat-soin-et-bien-etre","8":"product_tag-en-gros","9":"product_tag-grossiste","10":"product_tag-hemani","11":"product_tag-shampoing-a-lhuile-de-serpent","12":"pa_lot-158","13":"pa_lot-160","14":"pa_lot-159","16":"first","17":"instock","18":"shipping-taxable","19":"purchasable","20":"product-type-simple"},"_links":{"self":[{"href":"https:\/\/ventesengros.fr\/pt\/wp-json\/wp\/v2\/product\/29759","targetHints":{"allow":["GET"]}}],"collection":[{"href":"https:\/\/ventesengros.fr\/pt\/wp-json\/wp\/v2\/product"}],"about":[{"href":"https:\/\/ventesengros.fr\/pt\/wp-json\/wp\/v2\/types\/product"}],"wp:featuredmedia":[{"embeddable":true,"href":"https:\/\/ventesengros.fr\/pt\/wp-json\/wp\/v2\/media\/35234"}],"wp:attachment":[{"href":"https:\/\/ventesengros.fr\/pt\/wp-json\/wp\/v2\/media?parent=29759"}],"wp:term":[{"taxonomy":"product_brand","embeddable":true,"href":"https:\/\/ventesengros.fr\/pt\/wp-json\/wp\/v2\/product_brand?post=29759"},{"taxonomy":"product_cat","embeddable":true,"href":"https:\/\/ventesengros.fr\/pt\/wp-json\/wp\/v2\/product_cat?post=29759"},{"taxonomy":"product_tag","embeddable":true,"href":"https:\/\/ventesengros.fr\/pt\/wp-json\/wp\/v2\/product_tag?post=29759"}],"curies":[{"name":"wp","href":"https:\/\/api.w.org\/{rel}","templated":true}]}}