{"id":29718,"date":"2014-09-07T22:13:41","date_gmt":"2014-09-07T21:13:41","guid":{"rendered":"http:\/\/pietra-communication.com\/ventesengros.fr\/?post_type=product&#038;p=29718"},"modified":"2023-11-13T11:49:25","modified_gmt":"2023-11-13T10:49:25","slug":"farine-dorge-bio","status":"publish","type":"product","link":"https:\/\/ventesengros.fr\/pt\/grossiste\/farinha-biologica-dorge\/","title":{"rendered":"Farinha de cevada por kg"},"content":{"rendered":"<p><strong>Propriedade:<\/strong><\/p>\n<p>Origem: Sul de Marrocos<\/p>\n<p>A farinha de cevada \u00e9 um dos principais ingredientes da talbina, conhecida pelos seus benef\u00edcios nutricionais. Estamos a oferec\u00ea-la a granel, para que possa reutiliz\u00e1-la para fazer as suas pr\u00f3prias receitas ou revend\u00ea-la.<\/p>\n<p>Textura: P\u00f3 fino<\/p>\n<p><strong>Peso :<\/strong> 3 kg.<\/p>","protected":false},"excerpt":{"rendered":"<p>Oferecemos-lhe <strong>\u00a0Farinha de cevada a granel <\/strong><strong>\u00a0<\/strong>vendido em embalagens de 3 kg.<\/p>\n<p>Pre\u00e7o de retalho recomendado: 9-12 euros.<\/p>\n<p>1 lote :\u00a0<span style=\"color: #0ad227;\">5.30\u20ac\/pe\u00e7a<\/span><\/p>\n<p>&nbsp;<\/p>","protected":false},"featured_media":29722,"template":"","meta":[],"product_brand":[],"product_cat":[360,59],"product_tag":[973,258,645,974],"class_list":{"0":"post-29718","1":"product","2":"type-product","3":"status-publish","4":"has-post-thumbnail","6":"product_cat-produit-naturel-en-vrac","7":"product_cat-soin-et-bien-etre","8":"product_tag-bio","9":"product_tag-en-gros","10":"product_tag-farine-dorge","11":"product_tag-grossiste","12":"pa_lot-158","13":"pa_lot-160","14":"pa_lot-159","16":"first","17":"instock","18":"shipping-taxable","19":"purchasable","20":"product-type-simple"},"_links":{"self":[{"href":"https:\/\/ventesengros.fr\/pt\/wp-json\/wp\/v2\/product\/29718","targetHints":{"allow":["GET"]}}],"collection":[{"href":"https:\/\/ventesengros.fr\/pt\/wp-json\/wp\/v2\/product"}],"about":[{"href":"https:\/\/ventesengros.fr\/pt\/wp-json\/wp\/v2\/types\/product"}],"wp:featuredmedia":[{"embeddable":true,"href":"https:\/\/ventesengros.fr\/pt\/wp-json\/wp\/v2\/media\/29722"}],"wp:attachment":[{"href":"https:\/\/ventesengros.fr\/pt\/wp-json\/wp\/v2\/media?parent=29718"}],"wp:term":[{"taxonomy":"product_brand","embeddable":true,"href":"https:\/\/ventesengros.fr\/pt\/wp-json\/wp\/v2\/product_brand?post=29718"},{"taxonomy":"product_cat","embeddable":true,"href":"https:\/\/ventesengros.fr\/pt\/wp-json\/wp\/v2\/product_cat?post=29718"},{"taxonomy":"product_tag","embeddable":true,"href":"https:\/\/ventesengros.fr\/pt\/wp-json\/wp\/v2\/product_tag?post=29718"}],"curies":[{"name":"wp","href":"https:\/\/api.w.org\/{rel}","templated":true}]}}