{"id":29664,"date":"2014-08-23T08:39:04","date_gmt":"2014-08-23T07:39:04","guid":{"rendered":"http:\/\/pietra-communication.com\/ventesengros.fr\/?post_type=product&#038;p=29664"},"modified":"2023-05-17T20:47:51","modified_gmt":"2023-05-17T19:47:51","slug":"miel-sidr-hemani-310g","status":"publish","type":"product","link":"https:\/\/ventesengros.fr\/pt\/grossiste\/mel-sidr-hemani-310g\/","title":{"rendered":"Mel de Sidr HEMANI 310 g X 6"},"content":{"rendered":"<p><strong>Propriedade:<\/strong><\/p>\n<p>Mel de <strong>Sidr<\/strong> ou<strong> \u00e1rvore de jujuba<\/strong> prov\u00e9m da \u00e1rvore Jujuba, um mel puro e cru do Paquist\u00e3o. A marca <strong>Hemani<\/strong> conhecida pelos seus produtos de qualidade, alarga agora a sua gama a este mel.<\/p>","protected":false},"excerpt":{"rendered":"<p>Oferecemos-lhe este<strong>\u00a0Sidr HEMANI mel<\/strong>\u00a0vendido em embalagens de 6 unidades a 8,20 euros cada, pre\u00e7o de retalho recomendado 16,90 euros.<\/p>\n<p>1 lote : <span style=\"color: #0ad227;\">8,20\/pe\u00e7a X 6 = 49,20 euros<\/span><\/p>\n<p>&nbsp;<\/p>","protected":false},"featured_media":29669,"template":"","meta":[],"product_brand":[],"product_cat":[206,596,59],"product_tag":[682,258,974,305,643,642],"class_list":{"0":"post-29664","1":"product","2":"type-product","3":"status-publish","4":"has-post-thumbnail","6":"product_cat-alimentation","7":"product_cat-miel-alimentation","8":"product_cat-soin-et-bien-etre","9":"product_tag-310g","10":"product_tag-en-gros","11":"product_tag-grossiste","12":"product_tag-hemani","13":"product_tag-miel-de-sidr","14":"product_tag-miel-sidr","15":"pa_lot-158","16":"pa_lot-160","17":"pa_lot-159","19":"first","20":"instock","21":"shipping-taxable","22":"purchasable","23":"product-type-simple"},"_links":{"self":[{"href":"https:\/\/ventesengros.fr\/pt\/wp-json\/wp\/v2\/product\/29664","targetHints":{"allow":["GET"]}}],"collection":[{"href":"https:\/\/ventesengros.fr\/pt\/wp-json\/wp\/v2\/product"}],"about":[{"href":"https:\/\/ventesengros.fr\/pt\/wp-json\/wp\/v2\/types\/product"}],"wp:featuredmedia":[{"embeddable":true,"href":"https:\/\/ventesengros.fr\/pt\/wp-json\/wp\/v2\/media\/29669"}],"wp:attachment":[{"href":"https:\/\/ventesengros.fr\/pt\/wp-json\/wp\/v2\/media?parent=29664"}],"wp:term":[{"taxonomy":"product_brand","embeddable":true,"href":"https:\/\/ventesengros.fr\/pt\/wp-json\/wp\/v2\/product_brand?post=29664"},{"taxonomy":"product_cat","embeddable":true,"href":"https:\/\/ventesengros.fr\/pt\/wp-json\/wp\/v2\/product_cat?post=29664"},{"taxonomy":"product_tag","embeddable":true,"href":"https:\/\/ventesengros.fr\/pt\/wp-json\/wp\/v2\/product_tag?post=29664"}],"curies":[{"name":"wp","href":"https:\/\/api.w.org\/{rel}","templated":true}]}}