{"id":29597,"date":"2016-10-17T09:41:59","date_gmt":"2016-10-17T08:41:59","guid":{"rendered":"http:\/\/pietra-communication.com\/ventesengros.fr\/?post_type=product&#038;p=29597"},"modified":"2022-09-07T09:23:58","modified_gmt":"2022-09-07T08:23:58","slug":"pompe-hijama","status":"publish","type":"product","link":"https:\/\/ventesengros.fr\/pt\/grossiste\/bomba-hijama\/","title":{"rendered":"Bomba para Hijama (lote de 12 bombas)"},"content":{"rendered":"<p><strong>Propriedade:<\/strong><\/p>\n<p>Bomba manual para hijama vendida isoladamente sem o kit por um valor de 2,25\u20ac, esta bomba est\u00e1 muito bem adaptada \u00e0s ventosas que permitem uma boa suc\u00e7\u00e3o com facilidade.<\/p>\n<p><b>Peso:<\/b>90g\/pe\u00e7a<\/p>","protected":false},"excerpt":{"rendered":"<p>Oferecemos-lhe<strong> Bombas para Hijama<\/strong> vendido em embalagens de 12 unidades a 2,25 euros cada.<\/p>\n<p>Pre\u00e7o de retalho recomendado 5,90 euros.<\/p>\n<p>1 lote : <span style=\"color: #0ad227;\">2,25\u20ac\/pe\u00e7a<\/span><\/p>","protected":false},"featured_media":35615,"template":"","meta":[],"product_brand":[],"product_cat":[60,234],"product_tag":[258,974,633],"class_list":{"0":"post-29597","1":"product","2":"type-product","3":"status-publish","4":"has-post-thumbnail","6":"product_cat-bazar","7":"product_cat-kit-hijama","8":"product_tag-en-gros","9":"product_tag-grossiste","10":"product_tag-pompe-pour-hijama","11":"pa_lot-158","12":"pa_lot-160","13":"pa_lot-159","15":"first","16":"instock","17":"shipping-taxable","18":"purchasable","19":"product-type-simple"},"_links":{"self":[{"href":"https:\/\/ventesengros.fr\/pt\/wp-json\/wp\/v2\/product\/29597","targetHints":{"allow":["GET"]}}],"collection":[{"href":"https:\/\/ventesengros.fr\/pt\/wp-json\/wp\/v2\/product"}],"about":[{"href":"https:\/\/ventesengros.fr\/pt\/wp-json\/wp\/v2\/types\/product"}],"wp:featuredmedia":[{"embeddable":true,"href":"https:\/\/ventesengros.fr\/pt\/wp-json\/wp\/v2\/media\/35615"}],"wp:attachment":[{"href":"https:\/\/ventesengros.fr\/pt\/wp-json\/wp\/v2\/media?parent=29597"}],"wp:term":[{"taxonomy":"product_brand","embeddable":true,"href":"https:\/\/ventesengros.fr\/pt\/wp-json\/wp\/v2\/product_brand?post=29597"},{"taxonomy":"product_cat","embeddable":true,"href":"https:\/\/ventesengros.fr\/pt\/wp-json\/wp\/v2\/product_cat?post=29597"},{"taxonomy":"product_tag","embeddable":true,"href":"https:\/\/ventesengros.fr\/pt\/wp-json\/wp\/v2\/product_tag?post=29597"}],"curies":[{"name":"wp","href":"https:\/\/api.w.org\/{rel}","templated":true}]}}