{"id":29569,"date":"2014-08-12T22:51:23","date_gmt":"2014-08-12T21:51:23","guid":{"rendered":"http:\/\/pietra-communication.com\/ventesengros.fr\/?post_type=product&#038;p=29569"},"modified":"2023-06-13T07:39:00","modified_gmt":"2023-06-13T06:39:00","slug":"creme-massage-lhuile-dautruche","status":"publish","type":"product","link":"https:\/\/ventesengros.fr\/pt\/grossiste\/creme-de-massagem-com-oleo-de-avestruz\/","title":{"rendered":"Creme de Massagem com \u00d3leo de Avestruz X 12"},"content":{"rendered":"<p><strong>Propriedade:<\/strong><\/p>\n<p>Creme de massagem hemani, para utilizar em caso de dores nas articula\u00e7\u00f5es, costas, ombros, pesco\u00e7o e pernas.<\/p>\n<p>O \u00f3leo de avestruz tem muitas virtudes.<\/p>\n<p><b>Proveni\u00eancia:<\/b>Marrocos<b><b><b><br \/>\n<\/b><\/b><\/b><b>Peso:<\/b>70g\/pe\u00e7a<\/p>","protected":false},"excerpt":{"rendered":"<p>Oferecemos-lhe este\u00a0<strong>Creme de \u00f3leo de avestruz Hemani<\/strong><strong>\u00a0<\/strong>vendido em embalagens de 12 unidades.<\/p>\n<p>Pre\u00e7o de venda recomendado: 5,90 euros.<\/p>\n<p>1 lote :\u00a0<span style=\"color: #0ad227;\">1,49\/unidade X 12 = 17,88 euros<\/span><\/p>\n<p>&nbsp;<\/p>\n<p>&nbsp;<\/p>","protected":false},"featured_media":35077,"template":"","meta":[],"product_brand":[],"product_cat":[286,59],"product_tag":[630,258,974,631],"class_list":{"0":"post-29569","1":"product","2":"type-product","3":"status-publish","4":"has-post-thumbnail","6":"product_cat-creme-cremeshampoing","7":"product_cat-soin-et-bien-etre","8":"product_tag-creme-de-massage","9":"product_tag-en-gros","10":"product_tag-grossiste","11":"product_tag-huile-dautruche","12":"pa_lot-158","13":"pa_lot-160","14":"pa_lot-159","16":"first","17":"instock","18":"shipping-taxable","19":"purchasable","20":"product-type-simple"},"_links":{"self":[{"href":"https:\/\/ventesengros.fr\/pt\/wp-json\/wp\/v2\/product\/29569","targetHints":{"allow":["GET"]}}],"collection":[{"href":"https:\/\/ventesengros.fr\/pt\/wp-json\/wp\/v2\/product"}],"about":[{"href":"https:\/\/ventesengros.fr\/pt\/wp-json\/wp\/v2\/types\/product"}],"wp:featuredmedia":[{"embeddable":true,"href":"https:\/\/ventesengros.fr\/pt\/wp-json\/wp\/v2\/media\/35077"}],"wp:attachment":[{"href":"https:\/\/ventesengros.fr\/pt\/wp-json\/wp\/v2\/media?parent=29569"}],"wp:term":[{"taxonomy":"product_brand","embeddable":true,"href":"https:\/\/ventesengros.fr\/pt\/wp-json\/wp\/v2\/product_brand?post=29569"},{"taxonomy":"product_cat","embeddable":true,"href":"https:\/\/ventesengros.fr\/pt\/wp-json\/wp\/v2\/product_cat?post=29569"},{"taxonomy":"product_tag","embeddable":true,"href":"https:\/\/ventesengros.fr\/pt\/wp-json\/wp\/v2\/product_tag?post=29569"}],"curies":[{"name":"wp","href":"https:\/\/api.w.org\/{rel}","templated":true}]}}