{"id":2930,"date":"2014-04-08T12:02:14","date_gmt":"2014-04-08T11:02:14","guid":{"rendered":"http:\/\/pietra-communication.com\/ventesengros.fr\/?post_type=product&#038;p=2930"},"modified":"2023-03-12T17:00:20","modified_gmt":"2023-03-12T16:00:20","slug":"confiture-de-fenugrec-210g","status":"publish","type":"product","link":"https:\/\/ventesengros.fr\/pt\/grossiste\/compota-de-feno-grego-210g\/","title":{"rendered":"Compota de Feno-grego 210 g X 12"},"content":{"rendered":"<p>Cosm\u00e9ticos, cuidados com a pele, perfumes e tecidos... agora est\u00e1 a voltar a sua aten\u00e7\u00e3o para\u00a0<strong>produtos alimentares\u00a0<\/strong>grosso modo?\u00a0<strong>Compota de feno-grego<\/strong>\u00a0\u00e9 um toque doce que atrair\u00e1 os seus clientes como abelhas!<\/p>\n<h2><strong>Doce de feno-grego a granel: algo novo a descobrir!\u00a0<\/strong><\/h2>\n<p>O seu\u00a0<strong>atacadista online<\/strong>\u00a0destaca a marca Al moumtaz, para o ajudar a descobrir o artesanato desta regi\u00e3o.\u00a0<strong>produto natural marroquino 100%<\/strong>. Esta marca, que \u00e9 nova para alguns, est\u00e1 a tornar-se um must-have para outros!<\/p>\n<p>Inclui\u00a0<strong>feno-grego e gengibre<\/strong>, Este tesouro marroquino est\u00e1 cheio de propriedades ben\u00e9ficas para o corpo!<\/p>\n<p>Em embalagens de 12 unidades, cada uma pesando 210 gramas, o seu\u00a0<strong>grossista online barato\u00a0<\/strong>tem sempre o plano certo para si!<\/p>\n<h2><strong>Os benef\u00edcios da compota de feno-grego\u00a0<\/strong><\/h2>\n<p>Mime-se com\u00a0<strong>uma iguaria<\/strong>\u00a0Quem disse que n\u00e3o se pode sentir bem consigo pr\u00f3prio comendo as coisas certas? A compota \u00e9 normalmente demasiado doce, demasiado rica em calorias, demasiado, demasiado...<\/p>\n<p>Este produto natural pode ser um verdadeiro trunfo na vida quotidiana! Sobretudo para as pessoas preocupadas com a sa\u00fade, mas tamb\u00e9m para os desportistas.<\/p>\n<p>Eis algumas das vantagens:<\/p>\n<ul>\n<li>Pode ser consumido por pessoas que est\u00e3o a tentar engordar, pois estimula o apetite, tal como<strong>\u00a0<a href=\"https:\/\/ventesengros.fr\/pt\/grossiste\/compota-de-gengibre-e-ginseng-210g\/\">compota de gengibre e ginseng<\/a>\u00a0<\/strong>;<\/li>\n<li>Suplemento alimentar ;<\/li>\n<li>\u00datil contra as constipa\u00e7\u00f5es; ;<\/li>\n<li>Pode ajudar a refor\u00e7ar os espermatoz\u00f3ides; ;<\/li>\n<li><strong><a href=\"https:\/\/ventesengros.fr\/pt\/product-category\/aphrodisiaque\/\">Afrodis\u00edaco natural<\/a>.\u00a0<\/strong><\/li>\n<\/ul>\n<h3><strong>Como \u00e9 que se come?\u00a0<\/strong><\/h3>\n<p>De manh\u00e3, ao meio-dia, \u00e0 noite, porque n\u00e3o? Numa fatia de p\u00e3o, com iogurte ou mesmo com uma colher, \u00e9 poss\u00edvel!<\/p>\n<p>Este\u00a0<strong>compota barata a granel<\/strong>\u00a0\u00e9 uma del\u00edcia natural para o corpo. N\u00e3o ficar\u00e1 desapontado se o partilhar com amigos ou tomar o pequeno-almo\u00e7o com o seu parceiro!<\/p>\n<p>Al\u00e9m disso, a sua loja tamb\u00e9m oferece\u00a0<strong>Ch\u00e1 verde marroquino<\/strong>, o\u00a0<strong>mel por atacado\u00a0<\/strong>bem como muitas outras coisas para acompanhar a sua compota de feno-grego.<\/p>","protected":false},"excerpt":{"rendered":"<p>Oferecemos-lhe <strong>Compota de gengibre e feno-grego<\/strong><strong>\u00a0<\/strong>vendido em embalagens de 12 unidades.<\/p>\n<p>Pre\u00e7o de venda recomendado: 10,00 euros.<\/p>\n<p>1 lote :<span style=\"color: #0ad227;\">2,69\/unidade X 12 = 32,28 euros<\/span><\/p>","protected":false},"featured_media":2933,"template":"","meta":[],"product_brand":[],"product_cat":[206,284,1532,59],"product_tag":[684,91,280],"class_list":{"0":"post-2930","1":"product","2":"type-product","3":"status-publish","4":"has-post-thumbnail","6":"product_cat-alimentation","7":"product_cat-confitures","8":"product_cat-grossiste-fenugrec","9":"product_cat-soin-et-bien-etre","10":"product_tag-210g","11":"product_tag-confiture","12":"product_tag-fenugrec","13":"pa_lot-158","14":"pa_lot-160","15":"pa_lot-159","17":"first","18":"instock","19":"shipping-taxable","20":"purchasable","21":"product-type-simple"},"_links":{"self":[{"href":"https:\/\/ventesengros.fr\/pt\/wp-json\/wp\/v2\/product\/2930","targetHints":{"allow":["GET"]}}],"collection":[{"href":"https:\/\/ventesengros.fr\/pt\/wp-json\/wp\/v2\/product"}],"about":[{"href":"https:\/\/ventesengros.fr\/pt\/wp-json\/wp\/v2\/types\/product"}],"wp:featuredmedia":[{"embeddable":true,"href":"https:\/\/ventesengros.fr\/pt\/wp-json\/wp\/v2\/media\/2933"}],"wp:attachment":[{"href":"https:\/\/ventesengros.fr\/pt\/wp-json\/wp\/v2\/media?parent=2930"}],"wp:term":[{"taxonomy":"product_brand","embeddable":true,"href":"https:\/\/ventesengros.fr\/pt\/wp-json\/wp\/v2\/product_brand?post=2930"},{"taxonomy":"product_cat","embeddable":true,"href":"https:\/\/ventesengros.fr\/pt\/wp-json\/wp\/v2\/product_cat?post=2930"},{"taxonomy":"product_tag","embeddable":true,"href":"https:\/\/ventesengros.fr\/pt\/wp-json\/wp\/v2\/product_tag?post=2930"}],"curies":[{"name":"wp","href":"https:\/\/api.w.org\/{rel}","templated":true}]}}