{"id":2926,"date":"2014-04-08T11:53:56","date_gmt":"2014-04-08T10:53:56","guid":{"rendered":"http:\/\/pietra-communication.com\/ventesengros.fr\/?post_type=product&#038;p=2926"},"modified":"2022-06-30T23:34:45","modified_gmt":"2022-06-30T22:34:45","slug":"confiture-de-gingembre-cannelle-210g","status":"publish","type":"product","link":"https:\/\/ventesengros.fr\/pt\/grossiste\/compota-de-gengibre-e-canela-210g\/","title":{"rendered":"Compota de gengibre e canela 210g X 12"},"content":{"rendered":"<p><strong>Benef\u00edcios da canela<\/strong><\/p>\n<p>1) Contra a indigest\u00e3o<\/p>\n<p>2) Tomar medidas contra o incha\u00e7o da barriga<\/p>\n<p>3)Para evitar a acumula\u00e7\u00e3o de g\u00e1s<\/p>\n<p>4) Bom para o c\u00e9rebro, os intestinos, o peito, o ba\u00e7o...<\/p>\n<p>5)Contra doen\u00e7as das gengivas e dos dentes<\/p>\n<p>&nbsp;<\/p>\n<p><strong>Os benef\u00edcios do gengibre<\/strong><\/p>\n<p>1) D\u00e1-lhe apetite<\/p>\n<p>2) Aumenta os espermatoz\u00f3ides e fortalece-os<\/p>\n<p>3) Aquece o corpo<\/p>\n<p>4) Contra gripes e constipa\u00e7\u00f5es<\/p>\n<p>5) Afrodis\u00edaco para homens e mulheres<\/p>\n<p><strong>Nome da marca:<\/strong>\u00a0Al moumtaz<\/p>\n<p><strong>Proveni\u00eancia:<\/strong>MARROCOS<\/p>\n<p><strong>Peso:<\/strong>210 g<\/p>\n<p><strong><span style=\"color: #ff0000;\">Este produto \u00e9 entregue com uma tampa branca.<\/span><\/strong><\/p>","protected":false},"excerpt":{"rendered":"<p>Oferecemos-lhe <strong>Compota de gengibre e canela<\/strong><strong>\u00a0<\/strong>vendido em embalagens de 12 unidades.<\/p>\n<p>Pre\u00e7o de venda recomendado: 10,00 euros.<\/p>\n<p>1 lote :\u00a0<span style=\"color: #0ad227;\">2,69\/unidade X 12 = 32,28 euros<\/span><\/p>","protected":false},"featured_media":2929,"template":"","meta":[],"product_brand":[],"product_cat":[206,284,59],"product_tag":[684,279,91,76],"class_list":{"0":"post-2926","1":"product","2":"type-product","3":"status-publish","4":"has-post-thumbnail","6":"product_cat-alimentation","7":"product_cat-confitures","8":"product_cat-soin-et-bien-etre","9":"product_tag-210g","10":"product_tag-cannelle","11":"product_tag-confiture","12":"product_tag-gingembre","13":"pa_lot-158","14":"pa_lot-160","15":"pa_lot-159","17":"first","18":"instock","19":"shipping-taxable","20":"purchasable","21":"product-type-simple"},"_links":{"self":[{"href":"https:\/\/ventesengros.fr\/pt\/wp-json\/wp\/v2\/product\/2926","targetHints":{"allow":["GET"]}}],"collection":[{"href":"https:\/\/ventesengros.fr\/pt\/wp-json\/wp\/v2\/product"}],"about":[{"href":"https:\/\/ventesengros.fr\/pt\/wp-json\/wp\/v2\/types\/product"}],"wp:featuredmedia":[{"embeddable":true,"href":"https:\/\/ventesengros.fr\/pt\/wp-json\/wp\/v2\/media\/2929"}],"wp:attachment":[{"href":"https:\/\/ventesengros.fr\/pt\/wp-json\/wp\/v2\/media?parent=2926"}],"wp:term":[{"taxonomy":"product_brand","embeddable":true,"href":"https:\/\/ventesengros.fr\/pt\/wp-json\/wp\/v2\/product_brand?post=2926"},{"taxonomy":"product_cat","embeddable":true,"href":"https:\/\/ventesengros.fr\/pt\/wp-json\/wp\/v2\/product_cat?post=2926"},{"taxonomy":"product_tag","embeddable":true,"href":"https:\/\/ventesengros.fr\/pt\/wp-json\/wp\/v2\/product_tag?post=2926"}],"curies":[{"name":"wp","href":"https:\/\/api.w.org\/{rel}","templated":true}]}}