{"id":2922,"date":"2014-04-08T11:48:52","date_gmt":"2014-04-08T10:48:52","guid":{"rendered":"http:\/\/pietra-communication.com\/ventesengros.fr\/?post_type=product&#038;p=2922"},"modified":"2025-01-16T19:44:30","modified_gmt":"2025-01-16T18:44:30","slug":"confiture-de-gingembre-clou-de-girofle-210g","status":"publish","type":"product","link":"https:\/\/ventesengros.fr\/pt\/grossiste\/compota-de-gengibre-e-cravinho-210g\/","title":{"rendered":"Compota de gengibre e cravinho 210g X 12"},"content":{"rendered":"<p><strong>Benef\u00edcios do cravinho<\/strong><\/p>\n<p>1) Para problemas estomacais e intestinais<\/p>\n<p>2) D\u00e1-lhe apetite<\/p>\n<p>3)Para evitar a acumula\u00e7\u00e3o de g\u00e1s<\/p>\n<p>4) Contra a indigest\u00e3o<\/p>\n<p>5) Contra o reumatismo<\/p>\n<p>6) Fortalece o cora\u00e7\u00e3o<\/p>\n<p><strong>Os benef\u00edcios do gengibre<\/strong><\/p>\n<p>1) D\u00e1-lhe apetite<\/p>\n<p>2) Aumenta os espermatoz\u00f3ides e fortalece-os<\/p>\n<p>3) Aquece o corpo<\/p>\n<p>4) Contra gripes e constipa\u00e7\u00f5es<\/p>\n<p>5) Afrodis\u00edaco para homens e mulheres<\/p>\n<p><strong>Nome da marca:<\/strong>\u00a0Al moumtaz<\/p>\n<p><strong>Proveni\u00eancia:<\/strong>MARROCOS<\/p>\n<p><strong>Peso:<\/strong>210 g<\/p>\n<p><strong><span style=\"color: #ff0000;\">Este produto \u00e9 entregue com uma tampa branca.<\/span><\/strong><\/p>\n<p>&nbsp;<\/p>","protected":false},"excerpt":{"rendered":"<p>Oferecemos-lhe <strong>Compota de gengibre e gorifle Cluo<\/strong><strong>\u00a0<\/strong>vendido em embalagens de 12 unidades.<\/p>\n<p>Pre\u00e7o de venda recomendado: 10,00 euros.<\/p>\n<p>1 lote :\u00a0<span style=\"color: #0ad227;\">2,69\/pe\u00e7a X 12 = 32,28<\/span><span style=\"color: #0ad227;\">\u20ac<\/span><\/p>\n<p>&nbsp;<\/p>\n<p>&nbsp;<\/p>","protected":false},"featured_media":2925,"template":"","meta":[],"product_brand":[],"product_cat":[206,284,1563,59],"product_tag":[684,278,91,76],"class_list":{"0":"post-2922","1":"product","2":"type-product","3":"status-publish","4":"has-post-thumbnail","6":"product_cat-alimentation","7":"product_cat-confitures","8":"product_cat-grossiste-produits-a-base-de-clous-de-girofle","9":"product_cat-soin-et-bien-etre","10":"product_tag-210g","11":"product_tag-clou-de-girofle","12":"product_tag-confiture","13":"product_tag-gingembre","14":"pa_lot-158","15":"pa_lot-160","16":"pa_lot-159","18":"first","19":"instock","20":"shipping-taxable","21":"purchasable","22":"product-type-simple"},"_links":{"self":[{"href":"https:\/\/ventesengros.fr\/pt\/wp-json\/wp\/v2\/product\/2922","targetHints":{"allow":["GET"]}}],"collection":[{"href":"https:\/\/ventesengros.fr\/pt\/wp-json\/wp\/v2\/product"}],"about":[{"href":"https:\/\/ventesengros.fr\/pt\/wp-json\/wp\/v2\/types\/product"}],"wp:featuredmedia":[{"embeddable":true,"href":"https:\/\/ventesengros.fr\/pt\/wp-json\/wp\/v2\/media\/2925"}],"wp:attachment":[{"href":"https:\/\/ventesengros.fr\/pt\/wp-json\/wp\/v2\/media?parent=2922"}],"wp:term":[{"taxonomy":"product_brand","embeddable":true,"href":"https:\/\/ventesengros.fr\/pt\/wp-json\/wp\/v2\/product_brand?post=2922"},{"taxonomy":"product_cat","embeddable":true,"href":"https:\/\/ventesengros.fr\/pt\/wp-json\/wp\/v2\/product_cat?post=2922"},{"taxonomy":"product_tag","embeddable":true,"href":"https:\/\/ventesengros.fr\/pt\/wp-json\/wp\/v2\/product_tag?post=2922"}],"curies":[{"name":"wp","href":"https:\/\/api.w.org\/{rel}","templated":true}]}}