{"id":2918,"date":"2014-04-08T11:28:23","date_gmt":"2014-04-08T10:28:23","guid":{"rendered":"http:\/\/pietra-communication.com\/ventesengros.fr\/?post_type=product&#038;p=2918"},"modified":"2022-12-09T23:18:43","modified_gmt":"2022-12-09T22:18:43","slug":"confiture-de-gingembre-ginseng-210g","status":"publish","type":"product","link":"https:\/\/ventesengros.fr\/pt\/grossiste\/compota-de-gengibre-e-ginseng-210g\/","title":{"rendered":"Compota de Gengibre e Ginseng 210g X 12"},"content":{"rendered":"<p><strong>Os benef\u00edcios do Ginseng<\/strong><\/p>\n<p>1)Energizante<\/p>\n<p>2) Actua contra a fadiga<\/p>\n<p>3) Bom para o cora\u00e7\u00e3o e para o f\u00edgado<\/p>\n<p>4) Regula o sangue<\/p>\n<p>5) D\u00e1-lhe apetite<\/p>\n<p>6) Reduz os n\u00edveis de a\u00e7\u00facar no sangue<\/p>\n<p>&nbsp;<\/p>\n<p><strong>Os benef\u00edcios do gengibre<\/strong><\/p>\n<p>1) D\u00e1-lhe apetite<\/p>\n<p>2) Aumenta os espermatoz\u00f3ides e fortalece-os<\/p>\n<p>3) Aquece o corpo<\/p>\n<p>4) Contra gripes e constipa\u00e7\u00f5es<\/p>\n<p>5) Afrodis\u00edaco para homens e mulheres<\/p>\n<p><strong>Nome da marca:<\/strong>\u00a0Al moumtaz<\/p>\n<p><strong>Proveni\u00eancia:<\/strong>MARROCOS<\/p>\n<p><strong>Peso:<\/strong>210 g<\/p>\n<p><strong><span style=\"color: #ff0000;\">Este produto \u00e9 entregue com uma tampa branca.<\/span><\/strong><\/p>","protected":false},"excerpt":{"rendered":"<p>Oferecemos-lhe <strong>Compota de gengibre e ginseng<\/strong><strong>\u00a0<\/strong>vendido em embalagens de 12 unidades.<\/p>\n<p>Pre\u00e7o de venda recomendado: 10,00 euros.<\/p>\n<p>1 lote :\u00a0<span style=\"color: #0ad227;\">2,69\/pe\u00e7a X 12 = 32,28<\/span><span style=\"color: #0ad227;\">\u20ac<\/span><\/p>\n<p>&nbsp;<\/p>\n<p style=\"text-align: center;\">","protected":false},"featured_media":2921,"template":"","meta":[],"product_brand":[],"product_cat":[206,284,59],"product_tag":[684,91,76,277],"class_list":{"0":"post-2918","1":"product","2":"type-product","3":"status-publish","4":"has-post-thumbnail","6":"product_cat-alimentation","7":"product_cat-confitures","8":"product_cat-soin-et-bien-etre","9":"product_tag-210g","10":"product_tag-confiture","11":"product_tag-gingembre","12":"product_tag-ginseng","13":"pa_lot-158","14":"pa_lot-160","15":"pa_lot-159","17":"first","18":"instock","19":"shipping-taxable","20":"purchasable","21":"product-type-simple"},"_links":{"self":[{"href":"https:\/\/ventesengros.fr\/pt\/wp-json\/wp\/v2\/product\/2918","targetHints":{"allow":["GET"]}}],"collection":[{"href":"https:\/\/ventesengros.fr\/pt\/wp-json\/wp\/v2\/product"}],"about":[{"href":"https:\/\/ventesengros.fr\/pt\/wp-json\/wp\/v2\/types\/product"}],"wp:featuredmedia":[{"embeddable":true,"href":"https:\/\/ventesengros.fr\/pt\/wp-json\/wp\/v2\/media\/2921"}],"wp:attachment":[{"href":"https:\/\/ventesengros.fr\/pt\/wp-json\/wp\/v2\/media?parent=2918"}],"wp:term":[{"taxonomy":"product_brand","embeddable":true,"href":"https:\/\/ventesengros.fr\/pt\/wp-json\/wp\/v2\/product_brand?post=2918"},{"taxonomy":"product_cat","embeddable":true,"href":"https:\/\/ventesengros.fr\/pt\/wp-json\/wp\/v2\/product_cat?post=2918"},{"taxonomy":"product_tag","embeddable":true,"href":"https:\/\/ventesengros.fr\/pt\/wp-json\/wp\/v2\/product_tag?post=2918"}],"curies":[{"name":"wp","href":"https:\/\/api.w.org\/{rel}","templated":true}]}}