{"id":29067,"date":"2014-06-15T13:11:00","date_gmt":"2014-06-15T12:11:00","guid":{"rendered":"http:\/\/pietra-communication.com\/ventesengros.fr\/?post_type=product&#038;p=29067"},"modified":"2022-06-30T23:29:28","modified_gmt":"2022-06-30T22:29:28","slug":"huile-dargan-60ml-plantil","status":"publish","type":"product","link":"https:\/\/ventesengros.fr\/pt\/grossiste\/oleo-de-dargan-60ml-plantil\/","title":{"rendered":"\u00d3leo de Arg\u00e3o 60mL X 12"},"content":{"rendered":"<p><strong>Propriedades:<\/strong><\/p>\n<p>-Revitaliza a pele, restaura a barreira cut\u00e2nea<\/p>\n<p>-O seu elevado teor de vitamina E estimula a s\u00edntese das fibras de elastina e de colag\u00e9nio, evitando a sua deteriora\u00e7\u00e3o.<\/p>\n<p>-Proporciona uma agrad\u00e1vel sensa\u00e7\u00e3o de pele firme<\/p>\n<p>-Repara os cabelos secos, danificados e ba\u00e7os<\/p>\n<p>-Fortalece as unhas quebradi\u00e7as \u00a0 \u00a0 \u00a0 \u00a0 \u00a0 \u00a0 \u00a0 \u00a0 \u00a0 \u00a0 \u00a0 \u00a0 \u00a0 \u00a0 \u00a0 \u00a0 \u00a0 \u00a0 \u00a0 \u00a0 \u00a0 \u00a0 \u00a0 \u00a0 \u00a0 \u00a0 \u00a0 \u00a0 \u00a0 \u00a0 \u00a0 \u00a0 \u00a0 \u00a0 \u00a0 \u00a0 \u00a0 \u00a0 \u00a0 \u00a0 \u00a0 \u00a0 \u00a0 \u00a0 \u00a0 \u00a0 \u00a0 \u00a0 \u00a0 \u00a0 \u00a0 \u00a0 \u00a0 \u00a0 \u00a0 \u00a0 \u00a0 \u00a0 \u00a0 \u00a0 \u00a0 \u00a0 \u00a0 \u00a0 \u00a0 \u00a0 \u00a0 \u00a0 \u00a0 \u00a0 \u00a0 \u00a0 \u00a0 \u00a0 \u00a0 \u00a0 \u00a0 \u00a0 \u00a0 \u00a0 \u00a0 \u00a0 \u00a0 \u00a0 \u00a0 \u00a0 \u00a0 \u00a0 \u00a0 \u00a0 \u00a0 \u00a0 \u00a0 \u00a0 \u00a0 \u00a0 \u00a0<strong>Como o utilizar:<\/strong>\u00a0apenas para uso cosm\u00e9tico<\/p>\n<div id=\":9n.co\" class=\"tL8wMe xAWnQc\" dir=\"ltr\"><b>Capacidade :<\/b>60mL<\/div>\n<div class=\"tL8wMe xAWnQc\" dir=\"ltr\"><b>Nome da marca:<\/b>\u00a0 Plantil<br \/>\n<b>Proveni\u00eancia:<\/b>Marrocos<br \/>\n<b>Peso:<\/b>142g\/pe\u00e7a<\/div>\n<p>&nbsp;<\/p>","protected":false},"excerpt":{"rendered":"<p>Oferecemos-lhe este\u00a0<strong>\u00d3leo de Arg\u00e3o 60mL PLANTIL<\/strong><strong>\u00a0<\/strong>vendido em embalagens de 12 unidades.<\/p>\n<p>Pre\u00e7o de venda recomendado: 6,50-7,50 euros.<\/p>\n<p>1 lote :\u00a0<span style=\"color: #0ad227;\">2,69\/unidade X 12 = 32,28 euros<\/span><\/p>","protected":false},"featured_media":29071,"template":"","meta":[],"product_brand":[],"product_cat":[201,327,59],"product_tag":[565,258,974,82,501],"class_list":{"0":"post-29067","1":"product","2":"type-product","3":"status-publish","4":"has-post-thumbnail","6":"product_cat-huiles-soin-et-bien-etre","7":"product_cat-huile-plantil-60ml","8":"product_cat-soin-et-bien-etre","9":"product_tag-60ml-plantil","10":"product_tag-en-gros","11":"product_tag-grossiste","12":"product_tag-huile-dargan","13":"product_tag-huile-plantil-2","14":"pa_lot-158","15":"pa_lot-160","16":"pa_lot-159","18":"first","19":"instock","20":"shipping-taxable","21":"purchasable","22":"product-type-simple"},"_links":{"self":[{"href":"https:\/\/ventesengros.fr\/pt\/wp-json\/wp\/v2\/product\/29067","targetHints":{"allow":["GET"]}}],"collection":[{"href":"https:\/\/ventesengros.fr\/pt\/wp-json\/wp\/v2\/product"}],"about":[{"href":"https:\/\/ventesengros.fr\/pt\/wp-json\/wp\/v2\/types\/product"}],"wp:featuredmedia":[{"embeddable":true,"href":"https:\/\/ventesengros.fr\/pt\/wp-json\/wp\/v2\/media\/29071"}],"wp:attachment":[{"href":"https:\/\/ventesengros.fr\/pt\/wp-json\/wp\/v2\/media?parent=29067"}],"wp:term":[{"taxonomy":"product_brand","embeddable":true,"href":"https:\/\/ventesengros.fr\/pt\/wp-json\/wp\/v2\/product_brand?post=29067"},{"taxonomy":"product_cat","embeddable":true,"href":"https:\/\/ventesengros.fr\/pt\/wp-json\/wp\/v2\/product_cat?post=29067"},{"taxonomy":"product_tag","embeddable":true,"href":"https:\/\/ventesengros.fr\/pt\/wp-json\/wp\/v2\/product_tag?post=29067"}],"curies":[{"name":"wp","href":"https:\/\/api.w.org\/{rel}","templated":true}]}}