{"id":28914,"date":"2020-03-10T11:53:19","date_gmt":"2020-03-10T10:53:19","guid":{"rendered":"http:\/\/pietra-communication.com\/ventesengros.fr\/?post_type=product&#038;p=28914"},"modified":"2022-06-30T23:04:36","modified_gmt":"2022-06-30T22:04:36","slug":"costus-marin-1kg","status":"publish","type":"product","link":"https:\/\/ventesengros.fr\/pt\/grossiste\/costus-marin-1kg\/","title":{"rendered":"Costus Marin em p\u00f3 (por quilo ou em saquinhos de 20 g)"},"content":{"rendered":"<p>P\u00f3 de costus marinho e <a href=\"https:\/\/natureluxy-shop.com\/collections\/costus-indien\" target=\"_blank\" rel=\"noopener noreferrer\"><strong>Costo indiano<\/strong><\/a> representa praticamente a mesma coisa. Se as qualidades intr\u00ednsecas n\u00e3o se alterarem, diz-se que o costus marinho tem um aspeto branco. Quanto ao costus indiano, diz-se que \u00e9 da cor da casca (preto) e mais quente do que o costus mar\u00edtimo.<\/p>\n<h2><b>P\u00f3 de costus marinho, o rem\u00e9dio definitivo<\/b><\/h2>\n<p>Numa \u00e9poca em que a ind\u00fastria farmac\u00eautica era inexistente, o costus marinho era o rem\u00e9dio de que os \u00e1rabes e os indianos dispunham para tratar um grande n\u00famero de doen\u00e7as e causas menores. Muito apreciado na medicina prof\u00e9tica e ayurv\u00e9dica, diz-se que o oud indiano \u00e9 a receita milagrosa para tratar as dores de cabe\u00e7a e as muitas infec\u00e7\u00f5es que dizimavam os povos da antiguidade.<\/p>\n<h3><b>Detalhes das doen\u00e7as curadas pelo costus mar\u00edtimo<\/b><\/h3>\n<p>Entre os males e desconfortos provocados pelo organismo, o costus do mar ajuda a combater problemas g\u00e1stricos, diarreia, asma e enxaquecas.<\/p>\n<p><span class=\"Apple-converted-space\">\u00a0<\/span>Entre os milagres e as doen\u00e7as que causaram tantos danos \u00e0 humanidade. O costo indiano tem desempenhado um papel preponderante no tratamento da tuberculose. Mas tamb\u00e9m no tratamento de doen\u00e7as sexualmente transmiss\u00edveis. Em particular, a gonorreia, que os m\u00e9dicos chamam coloquialmente de \u00abmijo quente\u00bb em Fran\u00e7a e que continua a causar estragos.<span class=\"Apple-converted-space\">\u00a0<\/span><\/p>\n<h3><b>As diferentes formas de utiliza\u00e7\u00e3o do costus marinho em p\u00f3<\/b><\/h3>\n<p>O oud indiano \u00e9 utilizado sob diversas formas. A sua madeira assemelha-se a um <a href=\"https:\/\/ventesengros.fr\/pt\/grossiste\/siwak-nature-fin-vrac\/\"><strong>siwak<\/strong><\/a> ao sabor de <a href=\"https:\/\/goutte-damour.com\/produit\/gelule-de-gingembre-aphrodisiaque\/\" target=\"_blank\" rel=\"noopener noreferrer\"><strong>gengibre afrodis\u00edaco<\/strong><\/a> (o antepassado da escova de dentes no M\u00e9dio Oriente) pode ser utilizada de forma rudimentar.<\/p>\n<p><span class=\"Apple-converted-space\">\u00a0<\/span>De facto, diz-se que a casca enfiada entre os dentes alivia a gengivite e previne o aparecimento de quistos orais.<span class=\"Apple-converted-space\">\u00a0 <\/span>Na sua forma oleosa, o costus marinho \u00e9 aplicado na testa para tratar as enxaquecas. Outra forma de utiliza\u00e7\u00e3o consiste em queimar a casca da madeira da \u00cdndia e respirar o fumo. Finalmente, reduzido a p\u00f3 e misturado com \u00e1gua, o costus marin \u00e9 inalado suavemente pelas narinas sob a forma de gotas.<\/p>\n<p>Fotografia n\u00e3o contratual<\/p>\n<p>Todos os nossos produtos est\u00e3o dispon\u00edveis em marca branca (<a href=\"https:\/\/ventesengros.fr\/pt\/contacto\/\"><strong>a pedido<\/strong><\/a>)<\/p>\n<p>Pre\u00e7o decrescente em 10 lotes desconto de 10% (<a href=\"https:\/\/ventesengros.fr\/pt\/contacto\/\"><strong>a pedido<\/strong><\/a>)<\/p>\n<p>&nbsp;<\/p>","protected":false},"excerpt":{"rendered":"<p>Oferecemos-lhe p\u00f3 de costus marinho\u00a0<span style=\"color: #0000ff;\"><strong>vendido ao quilo ou em saquetas de 20 g em embalagens de 12 unidades<\/strong><\/span>. Com ou sem etiqueta.<\/p>\n<p><b>Pre\u00e7o por quilo :<\/b>\u00a0<span style=\"color: #ff0000;\"><strong>28,99\u20ac<\/strong><\/span><\/p>\n<p><b>Pre\u00e7o por saco<span class=\"Apple-converted-space\">\u00a0<\/span>:<\/b>\u00a0<strong><span style=\"color: #ff0000;\">0,99\u20ac<\/span><\/strong><\/p>\n<p><span style=\"color: #ff0000;\"><b>Para mais de 3 lotes, selecionar uma quantidade no cesto.<\/b><\/span><\/p>\n<p>Pre\u00e7o decrescente em 10 lotes desconto de 10% (<span style=\"color: #ff0000;\"><a style=\"color: #ff0000;\" href=\"https:\/\/ventesengros.fr\/pt\/contacto\/\"><strong>contactar-nos<\/strong><\/a><\/span>).<\/p>","protected":false},"featured_media":37870,"template":"","meta":[],"product_brand":[],"product_cat":[60,239,360,59],"product_tag":[537,538,974],"class_list":{"0":"post-28914","1":"product","2":"type-product","3":"status-publish","4":"has-post-thumbnail","6":"product_cat-bazar","7":"product_cat-costus-indien","8":"product_cat-produit-naturel-en-vrac","9":"product_cat-soin-et-bien-etre","10":"product_tag-costus-marin-1kg","11":"product_tag-engros","12":"product_tag-grossiste","13":"pa_lot-1-lot-12-sachets-129e-le-sachet","14":"pa_lot-1-lot-1kg-2999e-le-kilo","15":"pa_lot-2-lots-24-sachets-119e-le-sachet","16":"pa_lot-2-lots-2kg-2949e-le-kilo","17":"pa_lot-3-lots-36-sachets-099e-le-sachet","18":"pa_lot-3-lots-3kg-2899e-le-kilo","20":"first","21":"instock","22":"shipping-taxable","23":"purchasable","24":"product-type-variable"},"_links":{"self":[{"href":"https:\/\/ventesengros.fr\/pt\/wp-json\/wp\/v2\/product\/28914","targetHints":{"allow":["GET"]}}],"collection":[{"href":"https:\/\/ventesengros.fr\/pt\/wp-json\/wp\/v2\/product"}],"about":[{"href":"https:\/\/ventesengros.fr\/pt\/wp-json\/wp\/v2\/types\/product"}],"wp:featuredmedia":[{"embeddable":true,"href":"https:\/\/ventesengros.fr\/pt\/wp-json\/wp\/v2\/media\/37870"}],"wp:attachment":[{"href":"https:\/\/ventesengros.fr\/pt\/wp-json\/wp\/v2\/media?parent=28914"}],"wp:term":[{"taxonomy":"product_brand","embeddable":true,"href":"https:\/\/ventesengros.fr\/pt\/wp-json\/wp\/v2\/product_brand?post=28914"},{"taxonomy":"product_cat","embeddable":true,"href":"https:\/\/ventesengros.fr\/pt\/wp-json\/wp\/v2\/product_cat?post=28914"},{"taxonomy":"product_tag","embeddable":true,"href":"https:\/\/ventesengros.fr\/pt\/wp-json\/wp\/v2\/product_tag?post=28914"}],"curies":[{"name":"wp","href":"https:\/\/api.w.org\/{rel}","templated":true}]}}