{"id":28900,"date":"2014-06-01T20:09:42","date_gmt":"2014-06-01T19:09:42","guid":{"rendered":"http:\/\/pietra-communication.com\/ventesengros.fr\/?post_type=product&#038;p=28900"},"modified":"2022-06-30T23:31:32","modified_gmt":"2022-06-30T22:31:32","slug":"flacon-vide-spray-100ml","status":"publish","type":"product","link":"https:\/\/ventesengros.fr\/pt\/grossiste\/frasco-de-spray-vazio-100ml\/","title":{"rendered":"Frasco vazio Spray 100mL X 12"},"content":{"rendered":"<p>Na Orient Grossiste, compreendemos a import\u00e2ncia de um equipamento de qualidade. \u00c9 essencial para qualquer empresa poder vender os seus produtos nas melhores condi\u00e7\u00f5es poss\u00edveis. <b>contentores s\u00f3lidos<\/b>. \u00c9 por isso que reunimos uma gama completa de <b>categoria de embalagem<\/b>, gama de\u00a0<strong>garrafa vazia 100ml por atacado<\/strong>.<\/p>\n<p>Este artigo \u00e9 vendido em embalagens de 12 unidades ao pre\u00e7o baixo de 8,28 euros, ou seja, 0,69 euros cada. Note-se que o pre\u00e7o \u00e9 degressivo para embalagens de 2 ou mais unidades.<span class=\"Apple-converted-space\">\u00a0<\/span><\/p>\n<h2><b>Uma garrafa vazia e uma infinidade de possibilidades<span class=\"Apple-converted-space\">\u00a0<\/span><\/b><\/h2>\n<p>Le <b>frasco de spray vazio <\/b>\u00e9 um recipiente indispens\u00e1vel para apresentar os seus produtos. Tem capacidade para l\u00edquidos at\u00e9 100 ml e \u00e9 muito f\u00e1cil de utilizar.<span class=\"Apple-converted-space\">\u00a0<\/span><\/p>\n<p>Apresenta-se sob a forma de um pequeno frasco.<i> em pl\u00e1stico duro, s\u00f3lido e inquebr\u00e1vel<\/i>. Tem uma bomba com um bocal de pulveriza\u00e7\u00e3o. Isto significa que pode dispensar pequenas doses simplesmente premindo o bocal. Esta <b>frasco de spray vazio<\/b> vem com uma tampa, para que possa fechar a boquilha quando acabar de a utilizar.<span class=\"Apple-converted-space\">\u00a0<\/span><\/p>\n<p>Uma das outras vantagens do pl\u00e1stico duro para frascos de spray \u00e9 o facto de ser <b>transparente<\/b>. Este aspeto \u00e9 muito \u00fatil para saber a quantidade de l\u00edquido que resta no recipiente.<\/p>\n<p>Todas as normas s\u00e3o respeitadas no que respeita \u00e0s mat\u00e9rias-primas utilizadas. Este frasco de spray vazio pode conter <b>l\u00edquidos para uso cosm\u00e9tico e alimentar<\/b>. Pesa apenas 20g e vem diretamente de Marrocos, tal como os nossos outros produtos. <span class=\"Apple-converted-space\">\u00a0<\/span><\/p>\n<h3><b>Uma vasta gama de utiliza\u00e7\u00f5es<span class=\"Apple-converted-space\">\u00a0<\/span><\/b><\/h3>\n<p>Este <b>contentor vazio<\/b> podem ser utilizados numa grande variedade de formas. Pode utilizar estes <b>frascos de spray<\/b> para colocar <i>\u00f3leos, perfumes, \u00e1guas florais, \u00e1guas de desmaquilhagem e qualquer outro l\u00edquido<\/i>. Para uso cosm\u00e9tico e\/ou alimentar.<span class=\"Apple-converted-space\">\u00a0<\/span><\/p>\n<p>Na Orient Grossiste, oferecemos uma vasta gama de\u2019<b>\u00d3leos marroquinos<\/b>. Alguns, como\u2019<b>\u00f3leo de arg\u00e3o alimentar<\/b> de Marrocos. Outros s\u00e3o utilizados para fins cosm\u00e9ticos, tais como\u2019<b><a href=\"https:\/\/www.amlou.fr\/produit\/huile-de-serpent-cheveux-hemani\/\" target=\"_blank\" rel=\"noopener noreferrer\">\u00f3leo de cobra hemani<\/a>.<\/b>\u00a0V\u00e3o ficar \u00f3ptimos nestes frascos de spray!<\/p>\n<p>Tamb\u00e9m \u00e9 poss\u00edvel vender estes frascos a retalho, para que os utilizadores possam utilizar o frasco de spray vazio como desejarem. <span class=\"Apple-converted-space\">\u00a0<\/span><\/p>\n<p>A utiliza\u00e7\u00e3o deste <b>Frasco de spray de 100 ml<\/b> \u00e9 muito simples e muito vantajoso para os l\u00edquidos em compara\u00e7\u00e3o com outros recipientes. \u00c9 <i>muito mais higi\u00e9nico <\/i>para utilizar este tipo de <b>frasco de spray<\/b>. Al\u00e9m disso, isto significa que pode dosear exatamente a quantidade que deseja.<span class=\"Apple-converted-space\">\u00a0<\/span><\/p>\n<h3><b>Garrafa vazia 100ml por atacado: Uma escolha de recipientes<span class=\"Apple-converted-space\">\u00a0<\/span><\/b><\/h3>\n<p>Se gosta deste tipo de garrafa vazia de 100 ml a granel, temos uma vasta escolha nesta gama. Poder\u00e1 estar interessado em <b>Garrafa vazia em 75mL<\/b>, ou <b>60mL<\/b>. Sempre com a sua bomba.<span class=\"Apple-converted-space\">\u00a0<\/span><\/p>\n<p>E se precisar de mais <i>garrafas de pl\u00e1stico transparentes vazias,<\/i> oferecemos <b>recipientes com tampas de alum\u00ednio convencionais<\/b>. S\u00e3o ideais para armazenar champ\u00f4s, cremes e lo\u00e7\u00f5es. Est\u00e3o dispon\u00edveis em 2 quantidades: 30mL e 100mL. E sempre a pre\u00e7os muito atractivos!<span class=\"Apple-converted-space\">\u00a0<\/span><\/p>\n<p>\u00c9 verdade que o pl\u00e1stico \u00e9 um material menos dispendioso em termos de custos de compra e de transporte. No entanto, se precisar de garrafas com um aspeto ainda melhor, pode encontrar as seguintes na nossa loja online <b>garrafas de vidro<\/b>. N\u00e3o hesite em consultar o nosso \u00ab\u00a0<a href=\"https:\/\/ventesengros.fr\/pt\/product-category\/emballage\/\"><b>embalagem<\/b><\/a>\u00a0\u00bbFa\u00e7am a vossa escolha!<span class=\"Apple-converted-space\">\u00a0<\/span><\/p>","protected":false},"excerpt":{"rendered":"<p>Oferecemos-lhe\u00a0<strong>Frascos vazios 100mL<\/strong>\u00a0<strong>\u00a0<\/strong>vendido em embalagens de 12 unidades.<\/p>\n<p>1 lote :\u00a0<span style=\"color: #0ad227;\">0,69\/unidade X 12 = 8,28 euros<\/span><\/p>\n<p>&nbsp;<\/p>","protected":false},"featured_media":28904,"template":"","meta":[],"product_brand":[],"product_cat":[60,323],"product_tag":[258,535,534,974],"class_list":{"0":"post-28900","1":"product","2":"type-product","3":"status-publish","4":"has-post-thumbnail","6":"product_cat-bazar","7":"product_cat-flacon-vide-bazar","8":"product_tag-en-gros","9":"product_tag-flacon-spray","10":"product_tag-flacon-vide-spray-100ml","11":"product_tag-grossiste","12":"pa_lot-158","13":"pa_lot-160","14":"pa_lot-159","16":"first","17":"instock","18":"shipping-taxable","19":"purchasable","20":"product-type-simple"},"_links":{"self":[{"href":"https:\/\/ventesengros.fr\/pt\/wp-json\/wp\/v2\/product\/28900","targetHints":{"allow":["GET"]}}],"collection":[{"href":"https:\/\/ventesengros.fr\/pt\/wp-json\/wp\/v2\/product"}],"about":[{"href":"https:\/\/ventesengros.fr\/pt\/wp-json\/wp\/v2\/types\/product"}],"wp:featuredmedia":[{"embeddable":true,"href":"https:\/\/ventesengros.fr\/pt\/wp-json\/wp\/v2\/media\/28904"}],"wp:attachment":[{"href":"https:\/\/ventesengros.fr\/pt\/wp-json\/wp\/v2\/media?parent=28900"}],"wp:term":[{"taxonomy":"product_brand","embeddable":true,"href":"https:\/\/ventesengros.fr\/pt\/wp-json\/wp\/v2\/product_brand?post=28900"},{"taxonomy":"product_cat","embeddable":true,"href":"https:\/\/ventesengros.fr\/pt\/wp-json\/wp\/v2\/product_cat?post=28900"},{"taxonomy":"product_tag","embeddable":true,"href":"https:\/\/ventesengros.fr\/pt\/wp-json\/wp\/v2\/product_tag?post=28900"}],"curies":[{"name":"wp","href":"https:\/\/api.w.org\/{rel}","templated":true}]}}