{"id":28895,"date":"2014-07-07T15:00:06","date_gmt":"2014-07-07T14:00:06","guid":{"rendered":"http:\/\/pietra-communication.com\/ventesengros.fr\/?post_type=product&#038;p=28895"},"modified":"2023-05-22T19:15:02","modified_gmt":"2023-05-22T18:15:02","slug":"ventouses-hijama","status":"publish","type":"product","link":"https:\/\/ventesengros.fr\/pt\/grossiste\/ventosas-hijama\/","title":{"rendered":"Ventosas para Hijama 5 cm (lote de 100 ventosas)"},"content":{"rendered":"<p>Ventosas para hijama 5cm<\/p>\n<p>&nbsp;<\/p>\n<p><strong>Orient Wholesaler<\/strong> oferece-lhe <strong>grossista<\/strong> a <strong>ventosas para hijama 5cm <\/strong>vendidos em embalagens de 100 unidades a um pre\u00e7o muito competitivo de 35,00 euros, ou seja, 0,35 euros cada.<\/p>\n<p>Estas ventosas s\u00e3o transparentes para facilitar a visualiza\u00e7\u00e3o do sangue a sair depois de colocadas. O di\u00e2metro exterior \u00e9 de 5,8 cm e o di\u00e2metro interior \u00e9 de 5 cm. Este tamanho permite-lhe atingir \u00e1reas maiores, como as costas, etc.<\/p>\n<p>Recomendamos um pre\u00e7o de revenda de 1,50 euros para este produto, com base no pre\u00e7o de compra e nos pre\u00e7os actuais de mercado.<\/p>\n<p>Estas ventosas adaptam-se \u00e0s bombas especializadas que tamb\u00e9m vendemos no nosso site. Tamb\u00e9m pode encontrar ventosas de diferentes tamanhos para tratar diferentes partes do corpo. Tamb\u00e9m pode comprar kits completos de hijama para ter ventosas de diferentes tamanhos.<\/p>\n<p>Recordamos que o hijama \u00e9 uma pr\u00e1tica m\u00e9dica que exige conhecimentos muito precisos e que, por conseguinte, deve ser praticada por um profissional ou por uma pessoa que possua um diploma neste dom\u00ednio.<\/p>\n<p>Esta antiga medicina extrai o sangue ruim para prevenir ou curar doen\u00e7as.<\/p>\n<p>O seu grossista em linha <strong>Orient Wholesaler<\/strong> oferece entrega gratuita num ponto de distribui\u00e7\u00e3o para encomendas de 10 kg ou mais, num prazo de 10 a 14 dias.<\/p>\n<p>N\u00e3o hesite em contactar a nossa equipa de apoio ao cliente, que est\u00e1 dispon\u00edvel em hor\u00e1rios flex\u00edveis para responder a quaisquer quest\u00f5es que possa ter. Os nossos pagamentos s\u00e3o efectuados via PayPal para uma seguran\u00e7a \u00f3ptima e uma prote\u00e7\u00e3o garantida para os nossos clientes em caso de problema.<\/p>\n<p>&nbsp;<\/p>\n<p><strong>Di\u00e2metro interior:<\/strong>\u00a05 cm<\/p>","protected":false},"excerpt":{"rendered":"<p>Oferecemos-lhe <strong>Ventosa para Hijama<\/strong>\u00a0vendido em embalagens de 100 .<\/p>\n<p><span style=\"color: #000080;\"><strong>Pre\u00e7o de retalho recomendado 1,50 euros.<\/strong><\/span><\/p>\n<p><strong>1 lote :\u00a0<span style=\"color: #0ad227;\">0,35\/pe\u00e7a X 100 = 35 euros<\/span><\/strong><\/p>\n<p>&nbsp;<\/p>","protected":false},"featured_media":34563,"template":"","meta":[],"product_brand":[],"product_cat":[60,234],"product_tag":[258,974,235,533],"class_list":{"0":"post-28895","1":"product","2":"type-product","3":"status-publish","4":"has-post-thumbnail","6":"product_cat-bazar","7":"product_cat-kit-hijama","8":"product_tag-en-gros","9":"product_tag-grossiste","10":"product_tag-kit-hijama-2","11":"product_tag-ventouse-de-hijama","12":"pa_lot-158","13":"pa_lot-160","14":"pa_lot-159","16":"first","17":"instock","18":"shipping-taxable","19":"purchasable","20":"product-type-simple"},"_links":{"self":[{"href":"https:\/\/ventesengros.fr\/pt\/wp-json\/wp\/v2\/product\/28895","targetHints":{"allow":["GET"]}}],"collection":[{"href":"https:\/\/ventesengros.fr\/pt\/wp-json\/wp\/v2\/product"}],"about":[{"href":"https:\/\/ventesengros.fr\/pt\/wp-json\/wp\/v2\/types\/product"}],"wp:featuredmedia":[{"embeddable":true,"href":"https:\/\/ventesengros.fr\/pt\/wp-json\/wp\/v2\/media\/34563"}],"wp:attachment":[{"href":"https:\/\/ventesengros.fr\/pt\/wp-json\/wp\/v2\/media?parent=28895"}],"wp:term":[{"taxonomy":"product_brand","embeddable":true,"href":"https:\/\/ventesengros.fr\/pt\/wp-json\/wp\/v2\/product_brand?post=28895"},{"taxonomy":"product_cat","embeddable":true,"href":"https:\/\/ventesengros.fr\/pt\/wp-json\/wp\/v2\/product_cat?post=28895"},{"taxonomy":"product_tag","embeddable":true,"href":"https:\/\/ventesengros.fr\/pt\/wp-json\/wp\/v2\/product_tag?post=28895"}],"curies":[{"name":"wp","href":"https:\/\/api.w.org\/{rel}","templated":true}]}}