{"id":28730,"date":"2014-05-30T12:41:02","date_gmt":"2014-05-30T11:41:02","guid":{"rendered":"http:\/\/pietra-communication.com\/ventesengros.fr\/?post_type=product&#038;p=28730"},"modified":"2025-10-18T17:05:36","modified_gmt":"2025-10-18T16:05:36","slug":"huile-romarin-60ml-plantil","status":"publish","type":"product","link":"https:\/\/ventesengros.fr\/pt\/grossiste\/oleo-de-alecrim-60ml-plantil\/","title":{"rendered":"\u00d3leo de alecrim 60 ml X 12"},"content":{"rendered":"<p><strong>Propriedade:<\/strong><\/p>\n<p>-Suaviza a pele cansada e ressequida<\/p>\n<p>-Alivia a comich\u00e3o no couro cabeludo<\/p>\n<p>-Combate a caspa e a queda de cabelo<\/p>\n<p>-\u00d3leo de massagem<\/p>\n<p>-Cura, desodoriza\u00e7\u00e3o e desinfe\u00e7\u00e3o \u00a0 \u00a0 \u00a0 \u00a0 \u00a0 \u00a0 \u00a0 \u00a0 \u00a0 \u00a0 \u00a0 \u00a0 \u00a0 \u00a0 \u00a0 \u00a0 \u00a0 \u00a0 \u00a0 \u00a0 \u00a0 \u00a0 \u00a0 \u00a0 \u00a0 \u00a0 \u00a0 \u00a0 \u00a0 \u00a0 \u00a0 \u00a0 \u00a0 \u00a0 \u00a0 \u00a0 \u00a0 \u00a0 \u00a0 \u00a0 \u00a0 \u00a0 \u00a0 \u00a0 \u00a0 \u00a0 \u00a0 \u00a0 \u00a0 \u00a0 \u00a0 \u00a0 \u00a0 \u00a0 \u00a0 \u00a0 \u00a0 \u00a0 \u00a0 \u00a0 \u00a0 \u00a0 \u00a0 \u00a0 \u00a0 \u00a0 \u00a0 \u00a0 \u00a0 \u00a0 \u00a0 \u00a0 \u00a0 \u00a0 \u00a0 \u00a0 \u00a0 \u00a0 \u00a0 \u00a0 \u00a0 \u00a0<strong>Como o utilizar:<\/strong>\u00a0apenas para uso cosm\u00e9tico<\/p>\n<h5><b>Capacidade :<\/b>60mL<br \/>\n<b><\/b><\/h5>\n<p><b>Nome da marca:<\/b>\u00a0\u00a0Plantil<\/p>\n<p><b>Proveni\u00eancia:<\/b>Marrocos<\/p>\n<p><b>Peso:<\/b>142g<\/p>\n<p>&nbsp;<\/p>","protected":false},"excerpt":{"rendered":"<p>Oferecemos-lhe este\u00a0<strong>\u00d3leo de Alecrim 60mL PLANTIL<\/strong><strong>\u00a0<\/strong>vendido em embalagens de 12 unidades.<\/p>\n<p>Pre\u00e7o de retalho recomendado: 4,90-5,90 euros.<\/p>\n<p>1 lote :\u00a0<span style=\"color: #0ad227;\">1,59\/unidade X 12 = 19,08 euros<\/span><\/p>","protected":false},"featured_media":76409,"template":"","meta":[],"product_brand":[],"product_cat":[201,327,59],"product_tag":[303,258,974,392,513,977],"class_list":{"0":"post-28730","1":"product","2":"type-product","3":"status-publish","4":"has-post-thumbnail","6":"product_cat-huiles-soin-et-bien-etre","7":"product_cat-huile-plantil-60ml","8":"product_cat-soin-et-bien-etre","9":"product_tag-60ml","10":"product_tag-en-gros","11":"product_tag-grossiste","12":"product_tag-huile-de-romarin","13":"product_tag-huiles-plantil","14":"product_tag-plantil","15":"pa_lot-158","16":"pa_lot-160","17":"pa_lot-159","19":"first","20":"instock","21":"shipping-taxable","22":"purchasable","23":"product-type-simple"},"_links":{"self":[{"href":"https:\/\/ventesengros.fr\/pt\/wp-json\/wp\/v2\/product\/28730","targetHints":{"allow":["GET"]}}],"collection":[{"href":"https:\/\/ventesengros.fr\/pt\/wp-json\/wp\/v2\/product"}],"about":[{"href":"https:\/\/ventesengros.fr\/pt\/wp-json\/wp\/v2\/types\/product"}],"wp:featuredmedia":[{"embeddable":true,"href":"https:\/\/ventesengros.fr\/pt\/wp-json\/wp\/v2\/media\/76409"}],"wp:attachment":[{"href":"https:\/\/ventesengros.fr\/pt\/wp-json\/wp\/v2\/media?parent=28730"}],"wp:term":[{"taxonomy":"product_brand","embeddable":true,"href":"https:\/\/ventesengros.fr\/pt\/wp-json\/wp\/v2\/product_brand?post=28730"},{"taxonomy":"product_cat","embeddable":true,"href":"https:\/\/ventesengros.fr\/pt\/wp-json\/wp\/v2\/product_cat?post=28730"},{"taxonomy":"product_tag","embeddable":true,"href":"https:\/\/ventesengros.fr\/pt\/wp-json\/wp\/v2\/product_tag?post=28730"}],"curies":[{"name":"wp","href":"https:\/\/api.w.org\/{rel}","templated":true}]}}