{"id":28691,"date":"2014-05-21T08:18:03","date_gmt":"2014-05-21T07:18:03","guid":{"rendered":"http:\/\/pietra-communication.com\/ventesengros.fr\/?post_type=product&#038;p=28691"},"modified":"2026-04-28T14:49:58","modified_gmt":"2026-04-28T13:49:58","slug":"huile-lavande-60ml-plantil","status":"publish","type":"product","link":"https:\/\/ventesengros.fr\/pt\/grossiste\/oleo-de-lavanda-60ml-plantil\/","title":{"rendered":"\u00d3leo de Lavanda 60mL PLANTIL X 12"},"content":{"rendered":"<p><strong>Propriedade:<\/strong><\/p>\n<p>A lavanda \u00e9 particularmente conhecida pelas suas propriedades purificantes, cicatrizantes, anti-s\u00e9pticas, regeneradoras e refrescantes.<\/p>\n<p>-Muito ben\u00e9fico para o cuidado da pele, pois actua contra o acne, estrias, queimaduras, p\u00e9s suados, etc.<\/p>\n<p>-Actua contra a celulite, estimula a circula\u00e7\u00e3o e \u00e9 excelente para massagens<\/p>\n<p>-Recomendado para a irrita\u00e7\u00e3o do couro cabeludo \u00a0 \u00a0 \u00a0 \u00a0 \u00a0 \u00a0 \u00a0 \u00a0 \u00a0 \u00a0 \u00a0 \u00a0 \u00a0 \u00a0 \u00a0 \u00a0 \u00a0 \u00a0 \u00a0 \u00a0 \u00a0 \u00a0 \u00a0 \u00a0 \u00a0 \u00a0 \u00a0 \u00a0 \u00a0 \u00a0 \u00a0 \u00a0 \u00a0 \u00a0 \u00a0 \u00a0 \u00a0 \u00a0 \u00a0 \u00a0 \u00a0 \u00a0 \u00a0 \u00a0 \u00a0 \u00a0 \u00a0 \u00a0 \u00a0 \u00a0 \u00a0 \u00a0 \u00a0 \u00a0 \u00a0 \u00a0 \u00a0 \u00a0 \u00a0 \u00a0 \u00a0 \u00a0 \u00a0 \u00a0 \u00a0 \u00a0 \u00a0 \u00a0 \u00a0 \u00a0 \u00a0 \u00a0 \u00a0 \u00a0 \u00a0 \u00a0 \u00a0 \u00a0<strong>Como o utilizar:<\/strong>\u00a0apenas para uso cosm\u00e9tico<\/p>","protected":false},"excerpt":{"rendered":"<p>Oferecemos-lhe este\u00a0<strong>\u00d3leo de Lavanda 60mL\u00a0<\/strong><strong>PLANTIL<\/strong><strong>\u00a0<\/strong>vendido em embalagens de 12 unidades.<\/p>\n<p>Pre\u00e7o de retalho recomendado: 5,90-6,90 euros.<\/p>\n<p>1 lote :\u00a0<span style=\"color: #0ad227;\">2,09\/pe\u00e7a X 12 = 25,08 euros<\/span><\/p>","protected":false},"featured_media":81420,"template":"","meta":[],"product_brand":[],"product_cat":[201,327,59],"product_tag":[],"class_list":{"0":"post-28691","1":"product","2":"type-product","3":"status-publish","4":"has-post-thumbnail","6":"product_cat-huiles-soin-et-bien-etre","7":"product_cat-huile-plantil-60ml","8":"product_cat-soin-et-bien-etre","9":"pa_lot-158","10":"pa_lot-160","11":"pa_lot-159","13":"first","14":"instock","15":"shipping-taxable","16":"purchasable","17":"product-type-simple"},"_links":{"self":[{"href":"https:\/\/ventesengros.fr\/pt\/wp-json\/wp\/v2\/product\/28691","targetHints":{"allow":["GET"]}}],"collection":[{"href":"https:\/\/ventesengros.fr\/pt\/wp-json\/wp\/v2\/product"}],"about":[{"href":"https:\/\/ventesengros.fr\/pt\/wp-json\/wp\/v2\/types\/product"}],"wp:featuredmedia":[{"embeddable":true,"href":"https:\/\/ventesengros.fr\/pt\/wp-json\/wp\/v2\/media\/81420"}],"wp:attachment":[{"href":"https:\/\/ventesengros.fr\/pt\/wp-json\/wp\/v2\/media?parent=28691"}],"wp:term":[{"taxonomy":"product_brand","embeddable":true,"href":"https:\/\/ventesengros.fr\/pt\/wp-json\/wp\/v2\/product_brand?post=28691"},{"taxonomy":"product_cat","embeddable":true,"href":"https:\/\/ventesengros.fr\/pt\/wp-json\/wp\/v2\/product_cat?post=28691"},{"taxonomy":"product_tag","embeddable":true,"href":"https:\/\/ventesengros.fr\/pt\/wp-json\/wp\/v2\/product_tag?post=28691"}],"curies":[{"name":"wp","href":"https:\/\/api.w.org\/{rel}","templated":true}]}}