{"id":2236,"date":"2014-06-10T19:07:21","date_gmt":"2014-06-10T18:07:21","guid":{"rendered":"http:\/\/pietra-communication.com\/ventesengros.fr\/?post_type=product&#038;p=2236"},"modified":"2023-01-22T19:06:52","modified_gmt":"2023-01-22T18:06:52","slug":"huile-de-serpent-haya","status":"publish","type":"product","link":"https:\/\/ventesengros.fr\/pt\/grossiste\/oleo-de-cobra-haya\/","title":{"rendered":"\u00d3leo de Serpente 125 ml AL-HAYA X 12"},"content":{"rendered":"<p><strong>Propriedade:<\/strong><\/p>\n<p>El Hayah (\u00f3leo de cobra) \u00e9 uma mistura adequada de \u00f3leos vegetais com efeitos particularmente ben\u00e9ficos para o cabelo, protegendo, fortalecendo, hidratando, prevenindo a queda de cabelo e combatendo a caspa.<\/p>\n<p>O El-Hayah \u00e9 composto pelos seguintes \u00f3leos:<\/p>\n<p>-\u00d3leo de castor<\/p>\n<p>-\u00d3leo de am\u00eandoas doces<\/p>\n<p>-\u00d3leo de abacate<\/p>\n<p>-\u00d3leo de laranja<\/p>\n<p>-\u00d3leo de s\u00e9samo<\/p>\n<p>-\u00d3leo de coco<\/p>\n<p>-\u00d3leo de soja<\/p>\n<p>-\u00d3leo de r\u00facula<\/p>\n<p>Como o utilizar:<\/p>\n<p>Aplicar uma quantidade suficiente de \u00f3leo capilar El Hayah em todo o comprimento do cabelo e no couro cabeludo. Massajar cuidadosamente para cobrir toda a cabe\u00e7a do cabelo e secar com uma toalha, se necess\u00e1rio. Utilizar a cura no dia anterior a cada champ\u00f4 ou dia ap\u00f3s dia, sempre que desejar.<\/p>\n<h5><b>Capacidade :<\/b>125mL<br \/>\n<b><\/b><\/h5>\n<p><b>Nome da marca:<\/b>\u00a0 A vida<\/p>\n<p><b>Proveni\u00eancia:<\/b>Marrocos<\/p>","protected":false},"excerpt":{"rendered":"<p>Oferecemos-lhe este <strong>\u00d3leo de Serpente 125ml<\/strong>\u00a0vendido em embalagens de 12 unidades.<\/p>\n<p>pre\u00e7o de retalho recomendado 14,90 euros.<\/p>\n<p>1 lote : <span style=\"color: #0ad227;\">3,80\/pe\u00e7a X 12 = 45,60 euros<\/span><\/p>","protected":false},"featured_media":2427,"template":"","meta":[],"product_brand":[],"product_cat":[1458,290,201,59],"product_tag":[173,972,172],"class_list":{"0":"post-2236","1":"product","2":"type-product","3":"status-publish","4":"has-post-thumbnail","6":"product_cat-huile-de-serpent","7":"product_cat-autre","8":"product_cat-huiles-soin-et-bien-etre","9":"product_cat-soin-et-bien-etre","10":"product_tag-haya","11":"product_tag-huile","12":"product_tag-serpent","13":"pa_lot-158","14":"pa_lot-160","15":"pa_lot-159","17":"first","18":"instock","19":"shipping-taxable","20":"purchasable","21":"product-type-simple"},"_links":{"self":[{"href":"https:\/\/ventesengros.fr\/pt\/wp-json\/wp\/v2\/product\/2236","targetHints":{"allow":["GET"]}}],"collection":[{"href":"https:\/\/ventesengros.fr\/pt\/wp-json\/wp\/v2\/product"}],"about":[{"href":"https:\/\/ventesengros.fr\/pt\/wp-json\/wp\/v2\/types\/product"}],"wp:featuredmedia":[{"embeddable":true,"href":"https:\/\/ventesengros.fr\/pt\/wp-json\/wp\/v2\/media\/2427"}],"wp:attachment":[{"href":"https:\/\/ventesengros.fr\/pt\/wp-json\/wp\/v2\/media?parent=2236"}],"wp:term":[{"taxonomy":"product_brand","embeddable":true,"href":"https:\/\/ventesengros.fr\/pt\/wp-json\/wp\/v2\/product_brand?post=2236"},{"taxonomy":"product_cat","embeddable":true,"href":"https:\/\/ventesengros.fr\/pt\/wp-json\/wp\/v2\/product_cat?post=2236"},{"taxonomy":"product_tag","embeddable":true,"href":"https:\/\/ventesengros.fr\/pt\/wp-json\/wp\/v2\/product_tag?post=2236"}],"curies":[{"name":"wp","href":"https:\/\/api.w.org\/{rel}","templated":true}]}}