{"id":2095,"date":"2015-03-26T09:10:28","date_gmt":"2015-03-26T08:10:28","guid":{"rendered":"http:\/\/pietra-communication.com\/ventesengros.fr\/?post_type=product&#038;p=2095"},"modified":"2024-12-19T21:33:51","modified_gmt":"2024-12-19T20:33:51","slug":"poudre-graine-de-nigelle-gros","status":"publish","type":"product","link":"https:\/\/ventesengros.fr\/pt\/grossiste\/sementes-de-cominho-preto-em-po-grande\/","title":{"rendered":"Sementes de Nigella em p\u00f3 (por kg em sacos de 100 g)"},"content":{"rendered":"<p><strong>Propriedade:<\/strong><\/p>\n<p>-Melhora o sistema imunit\u00e1rio e d\u00e1 energia ao corpo.<\/p>\n<p>-Combate a astenia f\u00edsica, intelectual e sexual.<\/p>\n<p>-Tonifica\u00e7\u00e3o<\/p>\n<p>Para um efeito completo e eficaz, \u00e9 aconselh\u00e1vel tomar cominho preto em p\u00f3 numa base permanente.<\/p>\n<p><b>Nome da marca:<\/b>\u00a0AL AFIA<\/p>\n<p><b>Proveni\u00eancia:<\/b>Marrocos<\/p>\n<p><b>Peso:<\/b>50g\/unidade<\/p>\n<p>&nbsp;<\/p>","protected":false},"excerpt":{"rendered":"<p>Oferecemos sementes de cominho preto em p\u00f3 nos seguintes sabores <strong><span style=\"color: #0000ff;\">quilo<\/span><\/strong>\u00a0<span style=\"color: #0000ff;\"><b>ou em embalagens de 12 saquetas de 100 gramas<\/b>. <span style=\"color: #000000;\"><strong>Pre\u00e7o de afilamento<\/strong><\/span>.<\/span><\/p>\n<ul>\n<li><b>Pre\u00e7o por quilo :<\/b>\u00a0<span style=\"color: #ff0000;\"><strong>11\u20ac<\/strong><\/span><\/li>\n<li><b>Pre\u00e7o por saqueta de 100 gramas :<\/b>\u00a0<strong><span style=\"color: #ff0000;\">1,49\u20ac<\/span><\/strong><\/li>\n<\/ul>\n<p><span style=\"color: #ff0000;\"><b>Para mais de 3 lotes, selecionar uma quantidade no cesto.\u00a0<\/b><\/span><\/p>\n<p>Receba um desconto de 10% nas encomendas de mais de 10 lotes (<span style=\"color: #ff0000;\"><a style=\"color: #ff0000;\" href=\"https:\/\/ventesengros.fr\/pt\/contacto\/\"><strong>contactar-nos<\/strong><\/a><\/span>).<\/p>\n<p>&nbsp;<\/p>","protected":false},"featured_media":38518,"template":"","meta":[],"product_brand":[],"product_cat":[59,206,873],"product_tag":[146],"class_list":{"0":"post-2095","1":"product","2":"type-product","3":"status-publish","4":"has-post-thumbnail","6":"product_cat-soin-et-bien-etre","7":"product_cat-alimentation","8":"product_cat-habba-sawda-alimentation","9":"product_tag-poudre-graine-de-nigelle-grossiste","10":"pa_lot-1-lot-12-sachets-de-100-grammes-2028e-soit-169e-le-sachet","11":"pa_lot-1-lot-1kg-13e-soit-13e-le-kilo","12":"pa_lot-2-lots-24-sachets-de-100-grammes-3816e-soit-159e-le-sachet","13":"pa_lot-2-lots-2kg-24e-soit-12e-le-kilo","14":"pa_lot-3-lots-36-sachets-de-100-grammes-5364e-soit-149e-le-sachet","15":"pa_lot-3-lots-3kg-33e-soit-11e-le-kilo","17":"first","18":"instock","19":"shipping-taxable","20":"purchasable","21":"product-type-variable"},"_links":{"self":[{"href":"https:\/\/ventesengros.fr\/pt\/wp-json\/wp\/v2\/product\/2095","targetHints":{"allow":["GET"]}}],"collection":[{"href":"https:\/\/ventesengros.fr\/pt\/wp-json\/wp\/v2\/product"}],"about":[{"href":"https:\/\/ventesengros.fr\/pt\/wp-json\/wp\/v2\/types\/product"}],"wp:featuredmedia":[{"embeddable":true,"href":"https:\/\/ventesengros.fr\/pt\/wp-json\/wp\/v2\/media\/38518"}],"wp:attachment":[{"href":"https:\/\/ventesengros.fr\/pt\/wp-json\/wp\/v2\/media?parent=2095"}],"wp:term":[{"taxonomy":"product_brand","embeddable":true,"href":"https:\/\/ventesengros.fr\/pt\/wp-json\/wp\/v2\/product_brand?post=2095"},{"taxonomy":"product_cat","embeddable":true,"href":"https:\/\/ventesengros.fr\/pt\/wp-json\/wp\/v2\/product_cat?post=2095"},{"taxonomy":"product_tag","embeddable":true,"href":"https:\/\/ventesengros.fr\/pt\/wp-json\/wp\/v2\/product_tag?post=2095"}],"curies":[{"name":"wp","href":"https:\/\/api.w.org\/{rel}","templated":true}]}}