{"id":2078,"date":"2015-02-07T18:46:39","date_gmt":"2015-02-07T17:46:39","guid":{"rendered":"http:\/\/pietra-communication.com\/ventesengros.fr\/?post_type=product&#038;p=2078"},"modified":"2022-06-30T23:21:15","modified_gmt":"2022-06-30T22:21:15","slug":"tapis-de-priere-uni-couleur","status":"publish","type":"product","link":"https:\/\/ventesengros.fr\/pt\/grossiste\/tapete-de-oracao-de-cor-lisa\/","title":{"rendered":"Tapete de ora\u00e7\u00e3o de cor \u00fanica X 12"},"content":{"rendered":"<p>Est\u00e1 \u00e0 procura de um <a href=\"https:\/\/www.islamstores.fr\/461-tapis-de-priere\" rel=\"noopener\"><strong>tapetes de ora\u00e7\u00e3o<\/strong><\/a> qualidade? A um pre\u00e7o mais baixo? Chegou ao s\u00edtio certo na Orient grossiste!<\/p>","protected":false},"excerpt":{"rendered":"<p>Oferecemos-lhe estas belas<strong>\u00a0Tapete de ora\u00e7\u00e3o de uma cor\u00a0<\/strong>vendido em embalagens de 12 unidades.<\/p>\n<p>Pre\u00e7o de venda recomendado: 15,90 euros.<\/p>\n<p>1 lote : <span style=\"color: #0ad227;\">6,99\/pe\u00e7a X 12 = 71,88 euros<\/span><\/p>\n<p>&nbsp;<\/p>\n<p>&nbsp;<\/p>\n<p style=\"text-align: center;\">","protected":false},"featured_media":30299,"template":"","meta":[],"product_brand":[],"product_cat":[60,1047,1521],"product_tag":[127,126,128],"class_list":{"0":"post-2078","1":"product","2":"type-product","3":"status-publish","4":"has-post-thumbnail","6":"product_cat-bazar","7":"product_cat-autres-bazar","8":"product_cat-grossiste-tapis-de-priere","9":"product_tag-sadjada","10":"product_tag-tapis-de-priere","11":"product_tag-uni-couleur","12":"pa_lot-158","13":"pa_lot-160","14":"pa_lot-159","16":"first","17":"instock","18":"shipping-taxable","19":"purchasable","20":"product-type-simple"},"_links":{"self":[{"href":"https:\/\/ventesengros.fr\/pt\/wp-json\/wp\/v2\/product\/2078","targetHints":{"allow":["GET"]}}],"collection":[{"href":"https:\/\/ventesengros.fr\/pt\/wp-json\/wp\/v2\/product"}],"about":[{"href":"https:\/\/ventesengros.fr\/pt\/wp-json\/wp\/v2\/types\/product"}],"wp:featuredmedia":[{"embeddable":true,"href":"https:\/\/ventesengros.fr\/pt\/wp-json\/wp\/v2\/media\/30299"}],"wp:attachment":[{"href":"https:\/\/ventesengros.fr\/pt\/wp-json\/wp\/v2\/media?parent=2078"}],"wp:term":[{"taxonomy":"product_brand","embeddable":true,"href":"https:\/\/ventesengros.fr\/pt\/wp-json\/wp\/v2\/product_brand?post=2078"},{"taxonomy":"product_cat","embeddable":true,"href":"https:\/\/ventesengros.fr\/pt\/wp-json\/wp\/v2\/product_cat?post=2078"},{"taxonomy":"product_tag","embeddable":true,"href":"https:\/\/ventesengros.fr\/pt\/wp-json\/wp\/v2\/product_tag?post=2078"}],"curies":[{"name":"wp","href":"https:\/\/api.w.org\/{rel}","templated":true}]}}