{"id":1773,"date":"2014-03-19T12:56:00","date_gmt":"2014-03-19T11:56:00","guid":{"rendered":"http:\/\/pietra-communication.com\/ventesengros.fr\/?post_type=product&#038;p=1773"},"modified":"2023-06-15T10:09:22","modified_gmt":"2023-06-15T09:09:22","slug":"confiture-habbasawda-gingembre","status":"publish","type":"product","link":"https:\/\/ventesengros.fr\/pt\/grossiste\/doce-de-gengibre-habbasawda\/","title":{"rendered":"Compota Habba Sawda Gengibre 210 g (lote de 12 unidades)"},"content":{"rendered":"<p><strong>Propriedade:<\/strong><\/p>\n<p><strong>\u00d3leo de cominho preto<\/strong> ou cominho preto, \u00e9 utilizado h\u00e1 milhares de anos para aliviar uma grande variedade de doen\u00e7as em todas as partes do mundo (M\u00e9dio Oriente, \u00c1sia, \u00cdndia, etc.).<\/p>\n<p>\u00d3leo essencial de<strong>\u00a0gengibre biol\u00f3gico<\/strong>\u00a0\u00e9 utilizado para tratar perturba\u00e7\u00f5es g\u00e1stricas, diarreia e n\u00e1useas, como estimulante sexual e t\u00f3nico, como aperitivo, mas tamb\u00e9m \u00e9 muito utilizado para fins culin\u00e1rios...<\/p>\n<p>Benef\u00edcios da habba sawda e do gengibre:<\/p>\n<p>1) Contra os micr\u00f3bios<\/p>\n<p>2) Antibi\u00f3tico para o sistema respirat\u00f3rio<\/p>\n<p>3) A\u00e7\u00facar no sangue<\/p>\n<p>4) Sa\u00edda geral<\/p>\n<p>5) Evacua\u00e7\u00e3o de gases<\/p>\n<p><strong>\u00a0<\/strong><\/p>\n<p><strong>Nome da marca:<\/strong>\u00a0Al moumtaz<\/p>\n<p><strong>Proveni\u00eancia:\u00a0<\/strong>Marrocos<\/p>\n<p><strong>Peso:<\/strong>210 g<\/p>\n<p><strong><span style=\"color: #ff0000;\">Este produto \u00e9 entregue com uma tampa branca.<\/span><\/strong><\/p>","protected":false},"excerpt":{"rendered":"<p>Oferecemos-lhe <strong>Compota de Nigella e Gengibre<\/strong><strong>\u00a0<\/strong>vendido em embalagens de 12 unidades.<\/p>\n<p>Pre\u00e7o de venda recomendado: 10,00 euros.<\/p>\n<p>1 lote :\u00a0<span style=\"color: #0ad227;\">2,99\/pe\u00e7a X 12 = 35,88 e<\/span><\/p>","protected":false},"featured_media":1921,"template":"","meta":[],"product_brand":[],"product_cat":[206,284,59],"product_tag":[684,91,76,92,88],"class_list":{"0":"post-1773","1":"product","2":"type-product","3":"status-publish","4":"has-post-thumbnail","6":"product_cat-alimentation","7":"product_cat-confitures","8":"product_cat-soin-et-bien-etre","9":"product_tag-210g","10":"product_tag-confiture","11":"product_tag-gingembre","12":"product_tag-habbasawda","13":"product_tag-nigelle","14":"pa_lot-158","15":"pa_lot-160","16":"pa_lot-159","18":"first","19":"instock","20":"shipping-taxable","21":"purchasable","22":"product-type-simple"},"_links":{"self":[{"href":"https:\/\/ventesengros.fr\/pt\/wp-json\/wp\/v2\/product\/1773","targetHints":{"allow":["GET"]}}],"collection":[{"href":"https:\/\/ventesengros.fr\/pt\/wp-json\/wp\/v2\/product"}],"about":[{"href":"https:\/\/ventesengros.fr\/pt\/wp-json\/wp\/v2\/types\/product"}],"wp:featuredmedia":[{"embeddable":true,"href":"https:\/\/ventesengros.fr\/pt\/wp-json\/wp\/v2\/media\/1921"}],"wp:attachment":[{"href":"https:\/\/ventesengros.fr\/pt\/wp-json\/wp\/v2\/media?parent=1773"}],"wp:term":[{"taxonomy":"product_brand","embeddable":true,"href":"https:\/\/ventesengros.fr\/pt\/wp-json\/wp\/v2\/product_brand?post=1773"},{"taxonomy":"product_cat","embeddable":true,"href":"https:\/\/ventesengros.fr\/pt\/wp-json\/wp\/v2\/product_cat?post=1773"},{"taxonomy":"product_tag","embeddable":true,"href":"https:\/\/ventesengros.fr\/pt\/wp-json\/wp\/v2\/product_tag?post=1773"}],"curies":[{"name":"wp","href":"https:\/\/api.w.org\/{rel}","templated":true}]}}