{"id":36729,"date":"2018-05-08T01:25:30","date_gmt":"2018-05-08T00:25:30","guid":{"rendered":"https:\/\/ventesengros.fr\/?page_id=36729"},"modified":"2020-01-09T17:31:01","modified_gmt":"2020-01-09T16:31:01","slug":"qui-sommes-nous","status":"publish","type":"page","link":"https:\/\/ventesengros.fr\/pt\/quem-somos\/","title":{"rendered":"Quem somos n\u00f3s?"},"content":{"rendered":"<p>Somos uma loja em linha que funciona como grossista em linha. Oferecemos uma variedade de produtos para comprar ao quilograma ou em lotes, consoante o artigo. Somos muito profissionais e queremos que beneficie dos nossos pre\u00e7os atractivos sem perder a qualidade. <b>Orient Wholesaler <\/b>quer ser reativo e estar sempre \u00e0 procura de novas formas de o satisfazer. Assim, o grossista em linha \u00e9 o aliado ideal para o ajudar a lan\u00e7ar a sua atividade.<\/p>\n<h4><strong>Pode consultar todos os nossos artigos organizados em diferentes rubricas:<\/strong><\/h4>\n<ul>\n<li><b>Pronto-a-vestir :<\/b>Descubra v\u00e1rios artigos para homem, mulher e crian\u00e7a.<\/li>\n<li><b>Cuidados e bem-estar :<\/b>Encontrar\u00e1 uma vasta gama de produtos de cuidados da pele, \u00f3leos, cremes e outros cosm\u00e9ticos naturais.<\/li>\n<li><b>Bazar :<\/b>Esta categoria oferece-lhe doces halal, perfumes ou mesmo tapetes de ora\u00e7\u00e3o, e muitos outros produtos que deixamos \u00e0 sua descoberta.<\/li>\n<li><b>Livros :<\/b>Uma livraria isl\u00e2mica com os escritos dos Shouyoukhs da Sunna.<\/li>\n<li><b>Artesanato :<\/b>Produtos imperd\u00edveis de Marrocos.<\/li>\n<li><b>Apuramento<\/b>\u00a0: Nesta sec\u00e7\u00e3o, pode informar-se sobre os produtos que vendemos a pre\u00e7os especiais.<\/li>\n<\/ul>\n<h4><strong>O grossista em linha para retalhistas e particulares:<\/strong><\/h4>\n<p>Os nossos hor\u00e1rios de trabalho flex\u00edveis facilitam o contacto com a nossa equipa. Actualizamos regularmente a nossa loja grossista online para lhe oferecer ainda mais escolha, para que possa responder facilmente aos pedidos dos seus clientes.<\/p>\n<h4><strong>Um grossista em linha muito profissional situado em Marrocos:<\/strong><\/h4>\n<p>A nossa equipa de vendas esfor\u00e7a-se por lhe fornecer os pre\u00e7os de venda a retalho recomendados para cada produto, com base no mercado atual, para sua conveni\u00eancia. Todas as informa\u00e7\u00f5es necess\u00e1rias sobre os produtos est\u00e3o especificadas nas descri\u00e7\u00f5es.<\/p>\n<p>O seu grossista especializado em linha \u00ab\u00a0<b>Orient Grossiste \u00bb<\/b>d\u00e1-lhe as boas-vindas ao seu s\u00edtio Web e mant\u00e9m-se \u00e0 sua disposi\u00e7\u00e3o para qualquer informa\u00e7\u00e3o que possa necessitar.<\/p>","protected":false},"excerpt":{"rendered":"<p>Nous sommes une boutique en ligne qui exerce une activit\u00e9 en qualit\u00e9 de grossiste en ligne. Nous vous proposons divers produits \u00e0 acheter au kilogramme ou en lots selon les articles. Nous sommes tr\u00e8s professionnels et nous tenons \u00e0 vous faire profiter de nos prix attractifs sans l\u00e9siner sur la qualit\u00e9. Orient Grossiste se veut [&#8230;]\n","protected":false},"author":1,"featured_media":0,"parent":0,"menu_order":0,"comment_status":"closed","ping_status":"closed","template":"","meta":{"footnotes":""},"class_list":["post-36729","page","type-page","status-publish","hentry"],"_links":{"self":[{"href":"https:\/\/ventesengros.fr\/pt\/wp-json\/wp\/v2\/pages\/36729","targetHints":{"allow":["GET"]}}],"collection":[{"href":"https:\/\/ventesengros.fr\/pt\/wp-json\/wp\/v2\/pages"}],"about":[{"href":"https:\/\/ventesengros.fr\/pt\/wp-json\/wp\/v2\/types\/page"}],"author":[{"embeddable":true,"href":"https:\/\/ventesengros.fr\/pt\/wp-json\/wp\/v2\/users\/1"}],"replies":[{"embeddable":true,"href":"https:\/\/ventesengros.fr\/pt\/wp-json\/wp\/v2\/comments?post=36729"}],"version-history":[{"count":2,"href":"https:\/\/ventesengros.fr\/pt\/wp-json\/wp\/v2\/pages\/36729\/revisions"}],"predecessor-version":[{"id":37738,"href":"https:\/\/ventesengros.fr\/pt\/wp-json\/wp\/v2\/pages\/36729\/revisions\/37738"}],"wp:attachment":[{"href":"https:\/\/ventesengros.fr\/pt\/wp-json\/wp\/v2\/media?parent=36729"}],"curies":[{"name":"wp","href":"https:\/\/api.w.org\/{rel}","templated":true}]}}