{"id":1771,"date":"2014-03-17T12:02:13","date_gmt":"2014-03-17T11:02:13","guid":{"rendered":"http:\/\/pietra-communication.com\/ventesengros.fr\/?page_id=1771"},"modified":"2016-01-01T12:28:51","modified_gmt":"2016-01-01T11:28:51","slug":"commander","status":"publish","type":"page","link":"https:\/\/ventesengros.fr\/pt\/ordem\/","title":{"rendered":"Encomendar"},"content":{"rendered":"<h1 style=\"text-align: center;\"><strong><span style=\"text-decoration: underline;\">Como \u00e9 que &lt;&gt;?<\/span><\/strong><\/h1>\n<p>&nbsp;<\/p>\n<p>&nbsp;<\/p>\n<p><span style=\"text-decoration: underline; color: #ff0000;\">1. encomenda<\/span><\/p>\n<p>O comprador ter\u00e1 de escolher diretamente no site os artigos indicando o n\u00famero de lote pretendido, este compromete-se a preencher o formul\u00e1rio de encomenda registando todas as informa\u00e7\u00f5es solicitadas.<span style=\"font-size: 16px;\">.<\/span><\/p>\n<p><span style=\"text-decoration: underline; color: #ff0000;\">2 Tarifas e facturas<\/span><\/p>\n<p>Todos os pre\u00e7os do s\u00edtio incluem IVA.<br \/>\nFornecemos uma fatura para cada encomenda, incluindo o IVA.<\/p>\n<p><span style=\"text-decoration: underline; color: #ff0000;\">3.encomenda m\u00ednima<\/span><\/p>\n<p>A encomenda m\u00ednima \u00e9 de 10 kg e o peso dos seus artigos \u00e9 calculado automaticamente \u00e0 medida que efectua a compra.<\/p>\n<p><span style=\"text-decoration: underline; color: #ff0000;\">4.pagamento<\/span><\/p>\n<p>O pagamento pode ser efectuado por :<\/p>\n<p>-Cart\u00e3o de cr\u00e9dito<br \/>\n-Paypal<br \/>\n-Ordem de pagamento.<\/p>\n<p><span style=\"text-decoration: underline; color: #ff0000;\">5. despesas de envio e entrega<\/span><\/p>\n<p>Os custos de envio variam consoante o m\u00e9todo de entrega escolhido:<\/p>\n<p>-<strong>Recolha no local: <\/strong><span style=\"text-decoration: underline;\">Sem despesas de envio<\/span> + <strong><span style=\"color: #ff0000;\">10% desconto na encomenda<\/span><\/strong><br \/>\n-<strong>Pontos de estafetas de parceiros<\/strong>:<strong> <span style=\"color: #ff0000;\">os portes de envio s\u00e3o GR\u00c1TIS<\/span><\/strong><br \/>\n-<strong>Entrega em Marrocos<\/strong> : <strong><span style=\"color: #ff0000;\">\u00a0os portes de envio s\u00e3o GR\u00c1TIS<\/span><\/strong><br \/>\n-<strong>Mondial Relay\/Colissimo<\/strong> As taxas s\u00e3o baseadas no peso:<\/p>\n<p>-Entre 10 kg e 20 kg: 2 euros\/kg<br \/>\n-Entre 20 kg e 30 kg: 1,75 euros\/kg<br \/>\n-Mais de 30 kg: 1,5 euros\/kg<\/p>\n<p>A isto acrescem os custos espec\u00edficos de cada meio de entrega, em fun\u00e7\u00e3o do peso da encomenda (os custos s\u00e3o calculados automaticamente quando se escolhe o meio de entrega pretendido).<\/p>\n<p>Os custos de transporte s\u00e3o calculados com base numa estimativa (que corresponde \u00e0 realidade ou, pelo menos, muito pr\u00f3xima dela) do peso total da encomenda. A conven\u00e7\u00e3o baseia-se, por conseguinte, no montante das despesas de transporte.<\/p>\n<h2>Lista dos nossos pontos de afeta\u00e7\u00e3o parceiros:<\/h2>\n<p><strong><span style=\"color: #0000ff; text-decoration: underline;\">FRAN\u00c7A :<\/span><\/strong><br \/>\n-AGEN<br \/>\n-BORDEAUX<br \/>\n-DIJON<br \/>\n-FORBACH<br \/>\n-LIBERCOURT<br \/>\n-LILLE<br \/>\n-LYON<br \/>\n-METZ<br \/>\n-MONTAUBAN<br \/>\n-MONTPELLIER<br \/>\n-MULHOUSE<br \/>\n-NANCY<br \/>\n-PAU<br \/>\n-PERPIGNAN<br \/>\n-REGI\u00c3O DE PARIS ( <i style=\"color: #222222;\">Argenteuil (95) <i>,\u00a0<i style=\"color: #222222;\">Clichy (92), Les Mureaux (78)\u00a0<\/i><\/i><\/i>)<br \/>\n-ROUEN<br \/>\n-ESTRASBURGO<br \/>\n-TOULOUSE<br \/>\n-TURISMOS<\/p>\n<p><strong><span style=\"text-decoration: underline;\"><span style=\"color: #3366ff; text-decoration: underline;\">B\u00c9LGICA :<\/span><\/span><\/strong><br \/>\n-ANTWERP<br \/>\n-LI\u00c8GE<br \/>\n-BRUXELAS<\/p>\n<p><strong><span style=\"text-decoration: underline;\"><span style=\"color: #3366ff; text-decoration: underline;\">HOLLANDE :<\/span><\/span><\/strong><br \/>\n-AMSTERD\u00c3O<\/p>\n<p>&nbsp;<\/p>\n<p><span style=\"text-decoration: underline; color: #ff0000;\">7 Prazo de entrega<\/span><\/p>\n<p>Os prazos de entrega, desde a encomenda at\u00e9 \u00e0 entrega, dependem do m\u00e9todo de entrega:<br \/>\n-Entre 10 e 14 dias \u00fateis num ponto de liga\u00e7\u00e3o<br \/>\n-Entre 12 e 16 dias \u00fateis por Colissimo<\/p>\n<p><span style=\"text-decoration: underline; color: #ff0000;\">8. custos adicionais<\/span><\/p>\n<p>Dependendo do m\u00e9todo de pagamento escolhido, podem ser aplicadas taxas adicionais:<br \/>\n-Ordem de pagamento: Os custos variam consoante a empresa utilizada (Western Union\/Moneygram) e o montante enviado. Contacte estas empresas para obter mais informa\u00e7\u00f5es.<br \/>\n-Paypal : Os custos adicionais s\u00e3o 1.7% do montante total da encomenda +0.12 Euros<\/p>\n<p><span style=\"text-decoration: underline; color: #ff0000;\">9.Responsabilidade<\/span><\/p>\n<p>Todas as reivindica\u00e7\u00f5es feitas no <strong>mais de 10 dias<\/strong> ap\u00f3s a notifica\u00e7\u00e3o da disponibilidade da encomenda num ponto de entrega ou da rece\u00e7\u00e3o do Colissimo, n\u00e3o podem ser processadas pela Orient grossiste.<\/p>\n<h2 style=\"text-align: right;\">\u00a0 \u00a0 \u00a0 \u00a0 \u00a0 \u00a0 \u00a0 \u00a0 \u00a0 \u00a0 \u00a0 \u00a0 \u00a0 \u00a0 \u00a0 \u00a0 \u00a0 \u00a0 \u00a0 \u00a0 \u00a0 \u00a0 \u00a0 \u00a0 \u00a0 \u00a0 \u00a0<span style=\"text-decoration: underline;\">Orient Wholesaler<\/span><\/h2>\n<p>&nbsp;<\/p>\n<p>&nbsp;<\/p>","protected":false},"excerpt":{"rendered":"<p>Comment faire pour &lt;&lt;commander&gt;&gt;? &nbsp; &nbsp; 1.Commande L&rsquo;acheteur devra choisir directement sur le site les articles\u00a0en y indiquant le\u00a0nombre de lot voulut, celui-ci s&rsquo;engage \u00e0 bien remplir le bon de commande en inscrivant toutes les informations demand\u00e9s. 2.Tarif et factures Les tarifs pr\u00e9sent sur le site sont exprim\u00e9s en TTC. Nous fournissons pour chaque commande [&#8230;]\n","protected":false},"author":1,"featured_media":0,"parent":0,"menu_order":0,"comment_status":"open","ping_status":"open","template":"","meta":{"footnotes":""},"class_list":["post-1771","page","type-page","status-publish","hentry"],"_links":{"self":[{"href":"https:\/\/ventesengros.fr\/pt\/wp-json\/wp\/v2\/pages\/1771","targetHints":{"allow":["GET"]}}],"collection":[{"href":"https:\/\/ventesengros.fr\/pt\/wp-json\/wp\/v2\/pages"}],"about":[{"href":"https:\/\/ventesengros.fr\/pt\/wp-json\/wp\/v2\/types\/page"}],"author":[{"embeddable":true,"href":"https:\/\/ventesengros.fr\/pt\/wp-json\/wp\/v2\/users\/1"}],"replies":[{"embeddable":true,"href":"https:\/\/ventesengros.fr\/pt\/wp-json\/wp\/v2\/comments?post=1771"}],"version-history":[{"count":0,"href":"https:\/\/ventesengros.fr\/pt\/wp-json\/wp\/v2\/pages\/1771\/revisions"}],"wp:attachment":[{"href":"https:\/\/ventesengros.fr\/pt\/wp-json\/wp\/v2\/media?parent=1771"}],"curies":[{"name":"wp","href":"https:\/\/api.w.org\/{rel}","templated":true}]}}