{"id":9436,"date":"2014-06-15T12:39:53","date_gmt":"2014-06-15T11:39:53","guid":{"rendered":"http:\/\/pietra-communication.com\/ventesengros.fr\/?post_type=product&#038;p=9436"},"modified":"2025-02-08T13:34:22","modified_gmt":"2025-02-08T12:34:22","slug":"savon-lhuile-nigelle","status":"publish","type":"product","link":"https:\/\/ventesengros.fr\/nl\/grossiste\/savon-lhuile-nigelle\/","title":{"rendered":"Nigella Zeep"},"content":{"rendered":"<p>Le savon \u00e0 l\u2019huile de nigelle est un <b>produit d\u2019hygi\u00e8ne et de bien-\u00eatre. \u00c0<\/b>\u00a0la fois tr\u00e8s <i>\u00e9conomique, \u00e9cologique et surtout respectueux de la peau.<\/i><span class=\"Apple-converted-space\">\u00a0<\/span><\/p>\n<p>Deze <a href=\"https:\/\/ventesengros.fr\/nl\/grossiste\/savon-lhuile-nigelle\/\"><strong>savon solide\u00a0\u00e0 la nigelle<\/strong><\/a> pour le corps est un pur <i>produit du Maroc<\/i>, fabriqu\u00e9 \u00e0 base d\u2019huile de nigelle et rempli de bienfaits. Votre boutique Orient Grossiste vous propose ce <b>savon naturel <\/b>\u00e0 la vente en gros qui plaira sans aucun doute \u00e0 vos clients !<span class=\"Apple-converted-space\">\u00a0<\/span><\/p>\n<h2><b>Le savon \u00e0 l&rsquo;huile de nigelle<span class=\"Apple-converted-space\">\u00a0<\/span><\/b><\/h2>\n<p>Le savon \u00e0 la nigelle, que l\u2019on peut aussi nommer savon au cumin noir, est enrichi \u00e0 l\u2019<a href=\"https:\/\/www.miel-imperial.com\/huiles-naturelles-et-bio\/30-huile-de-haba-saouda-habachia-.html\" target=\"_blank\" rel=\"noopener\"><strong>zwarte komijnolie<\/strong><\/a>. Cette <b>huile v\u00e9g\u00e9tale cosm\u00e9tique<\/b> est r\u00e9put\u00e9e pour ses innombrables vertus pour la peau.<span class=\"Apple-converted-space\">\u00a0<\/span><\/p>\n<p>Notre savon \u00e0 la nigelle est compos\u00e9 uniquement d\u2019<b>ingr\u00e9dients naturels et bons pour le corps.<span class=\"Apple-converted-space\">\u00a0<\/span><\/b><\/p>\n<ul>\n<li><b>Ingr\u00e9dients<span class=\"Apple-converted-space\">\u00a0<\/span><\/b><\/li>\n<\/ul>\n<p>Les ingr\u00e9dients de ce savon sont : Eau, Huile de nigelle cultiv\u00e9e, Sodium hydroxyde<span class=\"Apple-converted-space\">\u00a0<\/span><\/p>\n<p>A savoir que le sodium hydroxide est simplement un r\u00e9gulateur de pH et n\u2019est <b>absolument pas irritant pour la peau.<span class=\"Apple-converted-space\">\u00a0<\/span><\/b><\/p>\n<h2><b>Les bienfaits du savon \u00e0 la nigelle<span class=\"Apple-converted-space\">\u00a0<\/span><\/b><\/h2>\n<p>Le savon \u00e0 la nigelle convient <b>pour tous les types de peaux.<\/b> Toutefois, ses propri\u00e9t\u00e9s en font un <b>savon dermatologique<\/b> <i>excellent pour les peaux irrit\u00e9es, atopiques et\/ou s\u00e8ches.<\/i><span class=\"Apple-converted-space\">\u00a0<\/span><\/p>\n<ul>\n<li>Il est excellent contre les <b>maladies de la peau<\/b> als de <i>psoriasis, l\u2019ecz\u00e9ma, les plaques de s\u00e9cheresse ou encore les mycoses<span class=\"Apple-converted-space\">\u00a0<\/span><\/i><\/li>\n<li>Il permet de lutter efficacement <b>contre l\u2019acn\u00e9<span class=\"Apple-converted-space\">\u00a0<\/span><\/b><\/li>\n<li>Nettoie et nourrit votre peau tout en la prot\u00e9geant<span class=\"Apple-converted-space\">\u00a0<\/span><\/li>\n<li>Il est r\u00e9g\u00e9n\u00e9rant, purifiant et aide la peau \u00e0 cicatriser<span class=\"Apple-converted-space\">\u00a0<\/span><\/li>\n<li>Il rend la peau plus douce et plus souple, la prot\u00e9geant ainsi du <b>vieillissement cutan\u00e9e<span class=\"Apple-converted-space\">\u00a0<\/span><\/b><\/li>\n<li>Ce savon au cumin noir a des propri\u00e9t\u00e9s <i>anti-oxydantes, anti-infectieuses et anti-inflammatoires<span class=\"Apple-converted-space\">\u00a0<\/span><\/i><\/li>\n<\/ul>\n<h2><b>Comment l\u2019utiliser<span class=\"Apple-converted-space\">\u00a0 <\/span>?<\/b><\/h2>\n<p>Le savon noir \u00e0 la nigelle s\u2019utilise comme n\u2019importe quel <b>pain de savon<\/b>. Il vous suffira donc simplement de le mouiller sous l\u2019eau. Ceci afin de pouvoir le faire mousser sur votre gant ou entre vos mains. Lavez-vous le corps puis rincez abondamment. Vous pouvez <b>l\u2019utiliser au quotidien<\/b> pour en appr\u00e9cier les b\u00e9n\u00e9fices.<span class=\"Apple-converted-space\">\u00a0<\/span><\/p>\n<p><b>A savoir : <\/b>Le savon \u00e0 la nigelle \u00e0 la particularit\u00e9 d\u2019\u00eatre noir, couleur directement li\u00e9e aux <b>zwarte komijnzaadjes<\/b> qui sont elles-m\u00eames noires. Veillez simplement \u00e0 bien vous rincer afin de ne laisser aucune trace sur votre corps ou sur votre serviette de bain.<span class=\"Apple-converted-space\">\u00a0<\/span><\/p>","protected":false},"excerpt":{"rendered":"<p>Nous vous proposons le savon \u00e0 l&rsquo;huile de nigelle\u00a0<span style=\"color: #0000ff;\"><strong>verkocht in verpakkingen van 12<\/strong><\/span>. <span style=\"color: #000000;\"><strong>Tapering prijzen.<\/strong><\/span><\/p>\n<p><b>Prix du savon \u00e0 l&rsquo;unit\u00e9<span class=\"Apple-converted-space\">*<\/span>:<\/b>\u00a0<strong><span style=\"color: #ff0000;\">1,09\u20ac<\/span><\/strong><\/p>\n<p><span style=\"color: #ff0000;\"><b>Voor meer dan 3 loten, kies een hoeveelheid in het winkelmandje.<\/b><\/span><\/p>\n<p>Ontvang een korting van 10% op bestellingen van meer dan 10 lots (<span style=\"color: #ff0000;\"><a style=\"color: #ff0000;\" href=\"https:\/\/ventesengros.fr\/nl\/contact\/\"><strong>contact met ons opnemen<\/strong><\/a><\/span>).<\/p>\n<p>&nbsp;<\/p>\n<p>*\u00e0 partir de<\/p>","protected":false},"featured_media":9440,"template":"","meta":[],"product_brand":[],"product_cat":[200,59],"product_tag":[258,974,458,459],"class_list":{"0":"post-9436","1":"product","2":"type-product","3":"status-publish","4":"has-post-thumbnail","6":"product_cat-savon-soin-et-bien-etre","7":"product_cat-soin-et-bien-etre","8":"product_tag-en-gros","9":"product_tag-grossiste","10":"product_tag-savon-a-l-huile-de-nigelle","11":"product_tag-savon-habba-sawda","12":"pa_lot-1-lot-12-savons-1548e-soit-129e-le-savon","13":"pa_lot-2-lots-24-savons-2856e-soit-119e-le-savon","14":"pa_lot-3-lots-36-savons-3924e-soit-109e-le-savon","16":"first","17":"instock","18":"featured","19":"shipping-taxable","20":"purchasable","21":"product-type-variable"},"_links":{"self":[{"href":"https:\/\/ventesengros.fr\/nl\/wp-json\/wp\/v2\/product\/9436","targetHints":{"allow":["GET"]}}],"collection":[{"href":"https:\/\/ventesengros.fr\/nl\/wp-json\/wp\/v2\/product"}],"about":[{"href":"https:\/\/ventesengros.fr\/nl\/wp-json\/wp\/v2\/types\/product"}],"wp:featuredmedia":[{"embeddable":true,"href":"https:\/\/ventesengros.fr\/nl\/wp-json\/wp\/v2\/media\/9440"}],"wp:attachment":[{"href":"https:\/\/ventesengros.fr\/nl\/wp-json\/wp\/v2\/media?parent=9436"}],"wp:term":[{"taxonomy":"product_brand","embeddable":true,"href":"https:\/\/ventesengros.fr\/nl\/wp-json\/wp\/v2\/product_brand?post=9436"},{"taxonomy":"product_cat","embeddable":true,"href":"https:\/\/ventesengros.fr\/nl\/wp-json\/wp\/v2\/product_cat?post=9436"},{"taxonomy":"product_tag","embeddable":true,"href":"https:\/\/ventesengros.fr\/nl\/wp-json\/wp\/v2\/product_tag?post=9436"}],"curies":[{"name":"wp","href":"https:\/\/api.w.org\/{rel}","templated":true}]}}