{"id":9359,"date":"2014-06-14T06:54:44","date_gmt":"2014-06-14T05:54:44","guid":{"rendered":"http:\/\/pietra-communication.com\/ventesengros.fr\/?post_type=product&#038;p=9359"},"modified":"2023-03-25T15:06:29","modified_gmt":"2023-03-25T14:06:29","slug":"shampoing-au-henne-al-hourra-250ml","status":"publish","type":"product","link":"https:\/\/ventesengros.fr\/nl\/grossiste\/shampoing-au-henne-al-hourra-250ml\/","title":{"rendered":"AL-HOURRA Henna Shampoo (verpakking van 6)"},"content":{"rendered":"<p><strong>Eigendom:<\/strong><\/p>\n<p>Formule exclusive \u00e0 base de henn\u00e9 naturel, r\u00e9put\u00e9 pour sa propri\u00e9t\u00e9 exceptionnel pour la beaut\u00e9 des cheveux et le soin du cuir chevelu. Le henn\u00e9 est un produit naturel \u00e0 la fois tonifiant, adoucissant, antiseptique et antiseborr\u00e9hique. Il combat les pellicules et entretient le cuir chevelu. Il convient \u00e0 tout type de cheveux, notamment gras, ab\u00eem\u00e9s et cassan<\/p>\n<h5><b>Capaciteit :<\/b>250 ml<br \/>\n<b><\/b><\/h5>\n<p><b>Merknaam:<\/b>\u00a0 Al hourra<\/p>\n<p><b>Herkomst:<\/b>Marokko<\/p>\n<p><b>Gewicht:<\/b>300g<\/p>","protected":false},"excerpt":{"rendered":"<p>Wij bieden u deze <strong>Shampoing au Henn\u00e9 AL-HOURRA 250mL<\/strong><strong>\u00a0<\/strong>verkocht in verpakkingen van 6.<\/p>\n<p>Adviesprijs: 5,50-6,50 euro.<\/p>\n<p>1 kavel :\u00a0<span style=\"color: #0ad227;\">1,79\u20ac\/Pi\u00e8ce X 6 = 10,74\u20ac<\/span><\/p>","protected":false},"featured_media":9364,"template":"","meta":[],"product_brand":[],"product_cat":[59],"product_tag":[175,340,258,974,448],"class_list":{"0":"post-9359","1":"product","2":"type-product","3":"status-publish","4":"has-post-thumbnail","6":"product_cat-soin-et-bien-etre","7":"product_tag-250ml","8":"product_tag-al-hourra","9":"product_tag-en-gros","10":"product_tag-grossiste","11":"product_tag-shampoing-au-henne","12":"pa_lot-158","13":"pa_lot-160","14":"pa_lot-159","16":"first","17":"instock","18":"featured","19":"shipping-taxable","20":"purchasable","21":"product-type-simple"},"_links":{"self":[{"href":"https:\/\/ventesengros.fr\/nl\/wp-json\/wp\/v2\/product\/9359","targetHints":{"allow":["GET"]}}],"collection":[{"href":"https:\/\/ventesengros.fr\/nl\/wp-json\/wp\/v2\/product"}],"about":[{"href":"https:\/\/ventesengros.fr\/nl\/wp-json\/wp\/v2\/types\/product"}],"wp:featuredmedia":[{"embeddable":true,"href":"https:\/\/ventesengros.fr\/nl\/wp-json\/wp\/v2\/media\/9364"}],"wp:attachment":[{"href":"https:\/\/ventesengros.fr\/nl\/wp-json\/wp\/v2\/media?parent=9359"}],"wp:term":[{"taxonomy":"product_brand","embeddable":true,"href":"https:\/\/ventesengros.fr\/nl\/wp-json\/wp\/v2\/product_brand?post=9359"},{"taxonomy":"product_cat","embeddable":true,"href":"https:\/\/ventesengros.fr\/nl\/wp-json\/wp\/v2\/product_cat?post=9359"},{"taxonomy":"product_tag","embeddable":true,"href":"https:\/\/ventesengros.fr\/nl\/wp-json\/wp\/v2\/product_tag?post=9359"}],"curies":[{"name":"wp","href":"https:\/\/api.w.org\/{rel}","templated":true}]}}