{"id":77707,"date":"2025-12-16T19:42:32","date_gmt":"2025-12-16T18:42:32","guid":{"rendered":"https:\/\/ventesengros.fr\/?post_type=product&#038;p=77707"},"modified":"2026-04-20T16:17:58","modified_gmt":"2026-04-20T15:17:58","slug":"sauge-sechee-en-gros-lot-de-6","status":"publish","type":"product","link":"https:\/\/ventesengros.fr\/nl\/grossiste\/sauge-sechee-en-gros-lot-de-6\/","title":{"rendered":"Groothandel gedroogde salie - 50g (6 st.)"},"content":{"rendered":"","protected":false},"excerpt":{"rendered":"<p>Nous vous proposons cette sauge s\u00e9ch\u00e9e d\u2019origine Maroc, soigneusement s\u00e9lectionn\u00e9e pour ses propri\u00e9t\u00e9s purifiantes et apaisantes. Elle est id\u00e9ale en infusion. Vendue par lot de 6 sachets de 50g.<\/p>\n<p>Prix unitaire : 0,65\u20ac<\/p>\n<p>Prix du lot : 3,90\u20ac<\/p>","protected":false},"featured_media":77708,"template":"","meta":[],"product_brand":[],"product_cat":[1571,606],"product_tag":[],"class_list":{"0":"post-77707","1":"product","2":"type-product","3":"status-publish","4":"has-post-thumbnail","6":"product_cat-grossiste-produits-nabaty","7":"product_cat-vrac-par-litre","9":"first","10":"instock","11":"shipping-taxable","12":"purchasable","13":"product-type-simple"},"_links":{"self":[{"href":"https:\/\/ventesengros.fr\/nl\/wp-json\/wp\/v2\/product\/77707","targetHints":{"allow":["GET"]}}],"collection":[{"href":"https:\/\/ventesengros.fr\/nl\/wp-json\/wp\/v2\/product"}],"about":[{"href":"https:\/\/ventesengros.fr\/nl\/wp-json\/wp\/v2\/types\/product"}],"wp:featuredmedia":[{"embeddable":true,"href":"https:\/\/ventesengros.fr\/nl\/wp-json\/wp\/v2\/media\/77708"}],"wp:attachment":[{"href":"https:\/\/ventesengros.fr\/nl\/wp-json\/wp\/v2\/media?parent=77707"}],"wp:term":[{"taxonomy":"product_brand","embeddable":true,"href":"https:\/\/ventesengros.fr\/nl\/wp-json\/wp\/v2\/product_brand?post=77707"},{"taxonomy":"product_cat","embeddable":true,"href":"https:\/\/ventesengros.fr\/nl\/wp-json\/wp\/v2\/product_cat?post=77707"},{"taxonomy":"product_tag","embeddable":true,"href":"https:\/\/ventesengros.fr\/nl\/wp-json\/wp\/v2\/product_tag?post=77707"}],"curies":[{"name":"wp","href":"https:\/\/api.w.org\/{rel}","templated":true}]}}