{"id":64620,"date":"2024-09-28T10:34:45","date_gmt":"2024-09-28T09:34:45","guid":{"rendered":"https:\/\/ventesengros.fr\/?post_type=product&#038;p=64620"},"modified":"2025-08-29T15:57:07","modified_gmt":"2025-08-29T14:57:07","slug":"huile-de-soufre-en-gros","status":"publish","type":"product","link":"https:\/\/ventesengros.fr\/nl\/grossiste\/huile-de-soufre-en-gros\/","title":{"rendered":"Groothandel zwavelolie (verpakking van 12 x 30ml flesjes)"},"content":{"rendered":"<p>L\u2019huile de soufre en gros est <strong>l\u2019indispensable<\/strong> \u00e0 avoir dans sa pharmacie naturelle. En effet, c\u2019est le produit recherch\u00e9 pour soigner les maladies de <strong>peau<\/strong>. Car, il a des propri\u00e9t\u00e9s <strong>antibact\u00e9riennes<\/strong> en <strong>apaisantes<\/strong>. Ainsi, vous viendrez \u00e0 bout de vos soucis dermatologiques. Et, ceci sans avoir recours \u00e0 des rem\u00e8des chimiques.<\/p>\n<h2><strong>Soignez-vous avec l\u2019huile de soufre en gros<\/strong><\/h2>\n<p>Si votre \u00e9piderme vous joue des tours, vous \u00eates au bon endroit. En effet, cette \u00e9mulsion va venir \u00e0 bout de tous vos soucis. Ainsi, <a href=\"https:\/\/www.pause-au-naturelle.com\/produit\/creme-au-soufre\/\" target=\"_blank\" rel=\"noopener\"><strong>elle apaisera vos d\u00e9mangeaisons<\/strong><\/a>. Et, ainsi vous \u00e9vitera d\u2019aggraver vos l\u00e9sions cutan\u00e9es. Mais, ce n\u2019est pas tout. En effet, elle sera votre meilleur alli\u00e9e pour lutter contre les taches <strong>brunes<\/strong> dues au m\u00e9lasma.<\/p>\n<p>De plus, elle aide efficacement \u00e0 stopper la <strong>chute<\/strong> des cheveux. Ceci, surtout, en cas d\u2019infection bact\u00e9rienne ou mycosique. Ainsi, elle d\u00e9barrassera votre cuir chevelu de toutes affections. Et, de cette fa\u00e7on, permettra \u00e0 la fibre <strong>capillair<\/strong> de se d\u00e9velopper.<\/p>\n<h2><strong>Optez pour le meilleur avec l\u2019huile de soufre en gros<\/strong><\/h2>\n<p>L\u2019\u00e9tat huileux est id\u00e9al pour la pr\u00e9paration de <strong>rem\u00e8des<\/strong>. En effet, gr\u00e2ce \u00e0 lui les ingr\u00e9dients se m\u00e9langeront plus facilement qu\u2019avec de la <a href=\"https:\/\/ventesengros.fr\/nl\/grossiste\/creme-de-soufre-en-gros\/\"><strong>cr\u00e8me<\/strong><\/a> ou des <strong>morceaux<\/strong>. De plus, sachez que le mac\u00e9rat est le proc\u00e9d\u00e9 optimal pour r\u00e9colter les <strong>principes<\/strong> <strong>actifs<\/strong> que vous recherchez. Enfin, l\u2019application sera chose <strong>simple<\/strong>. Et, ceci sur la peau comme le cuir chevelu.<\/p>\n<h3><strong>Venez d\u00e9couvrir nos autres huiles<\/strong><\/h3>\n<p>A Orient Grossiste, nous avons pour cr\u00e9do de vous proposer un panel diversifi\u00e9 de produits <strong>naturels<\/strong>. Et, les huiles sont en haut de l\u2019\u00e9chelle surtout quand il s\u2019agit de <strong>bien<\/strong>&#8211;<strong>\u00eatre<\/strong>. Ainsi, nous vous recommandons les m\u00e9langes <strong>capillaires<\/strong> ou pour la <strong>baard<\/strong>.<\/p>\n<p>Sinon, vous avez \u00e0 disposition des mac\u00e9rats vierges. Comme celui de <strong>Safran<\/strong> parfait pour enlever les points noirs. Ou celui <strong>d\u2019akpi<\/strong> qui vous aidera \u00e0 avoir une belle beau et une chevelure resplendissante. Mais, ceci n\u2019est qu\u2019un aper\u00e7u du large choix que vous avez.<\/p>","protected":false},"excerpt":{"rendered":"<p>Nous vous proposons cette\u00a0huile de Soufre\u00a0en\u00a0flacon de 30ml, vendue par\u00a0lot de\u00a012 flacons\u00a0.<\/p>\n<p><i><span style=\"color: #ff0000;\">Prijs van flesje 30ml: \u20ac1,05<\/span><\/i><\/p>","protected":false},"featured_media":64621,"template":"","meta":[],"product_brand":[],"product_cat":[201,1556],"product_tag":[],"class_list":{"0":"post-64620","1":"product","2":"type-product","3":"status-publish","4":"has-post-thumbnail","6":"product_cat-huiles-soin-et-bien-etre","7":"product_cat-grossiste-produits-a-base-de-soufre","9":"first","10":"instock","11":"shipping-taxable","12":"purchasable","13":"product-type-simple"},"_links":{"self":[{"href":"https:\/\/ventesengros.fr\/nl\/wp-json\/wp\/v2\/product\/64620","targetHints":{"allow":["GET"]}}],"collection":[{"href":"https:\/\/ventesengros.fr\/nl\/wp-json\/wp\/v2\/product"}],"about":[{"href":"https:\/\/ventesengros.fr\/nl\/wp-json\/wp\/v2\/types\/product"}],"wp:featuredmedia":[{"embeddable":true,"href":"https:\/\/ventesengros.fr\/nl\/wp-json\/wp\/v2\/media\/64621"}],"wp:attachment":[{"href":"https:\/\/ventesengros.fr\/nl\/wp-json\/wp\/v2\/media?parent=64620"}],"wp:term":[{"taxonomy":"product_brand","embeddable":true,"href":"https:\/\/ventesengros.fr\/nl\/wp-json\/wp\/v2\/product_brand?post=64620"},{"taxonomy":"product_cat","embeddable":true,"href":"https:\/\/ventesengros.fr\/nl\/wp-json\/wp\/v2\/product_cat?post=64620"},{"taxonomy":"product_tag","embeddable":true,"href":"https:\/\/ventesengros.fr\/nl\/wp-json\/wp\/v2\/product_tag?post=64620"}],"curies":[{"name":"wp","href":"https:\/\/api.w.org\/{rel}","templated":true}]}}