{"id":63575,"date":"2024-08-11T19:34:59","date_gmt":"2024-08-11T18:34:59","guid":{"rendered":"https:\/\/ventesengros.fr\/?post_type=product&#038;p=63575"},"modified":"2025-09-22T10:45:38","modified_gmt":"2025-09-22T09:45:38","slug":"shilajit-en-vrac","status":"publish","type":"product","link":"https:\/\/ventesengros.fr\/nl\/grossiste\/shilajit-en-vrac\/","title":{"rendered":"Shilajit bulk 1kg"},"content":{"rendered":"<p>Le <a href=\"https:\/\/www.herbabarona.com\/\" target=\"_blank\" rel=\"noopener\"><strong>shilajit<\/strong><\/a> est une substance r\u00e9sineuse naturelle qui se forme dans les montagnes, notamment dans l&rsquo;Himalaya, \u00e0 partir de la d\u00e9composition de plantes sur des milliers d&rsquo;ann\u00e9es. Riche en min\u00e9raux, en acide fulvique et en compos\u00e9s organiques, il est utilis\u00e9 dans la m\u00e9decine ayurv\u00e9dique pour ses suppos\u00e9s bienfaits sur l&rsquo;\u00e9nergie, la vitalit\u00e9 et la sant\u00e9 globale.<\/p>","protected":false},"excerpt":{"rendered":"<p>Nous vous proposons cette Shilajit vendu par kilo \u00e0 55\u20ac.<\/p>","protected":false},"featured_media":63576,"template":"","meta":[],"product_brand":[],"product_cat":[1507],"product_tag":[],"class_list":{"0":"post-63575","1":"product","2":"type-product","3":"status-publish","4":"has-post-thumbnail","6":"product_cat-uncategorized","8":"first","9":"instock","10":"shipping-taxable","11":"purchasable","12":"product-type-simple"},"_links":{"self":[{"href":"https:\/\/ventesengros.fr\/nl\/wp-json\/wp\/v2\/product\/63575","targetHints":{"allow":["GET"]}}],"collection":[{"href":"https:\/\/ventesengros.fr\/nl\/wp-json\/wp\/v2\/product"}],"about":[{"href":"https:\/\/ventesengros.fr\/nl\/wp-json\/wp\/v2\/types\/product"}],"wp:featuredmedia":[{"embeddable":true,"href":"https:\/\/ventesengros.fr\/nl\/wp-json\/wp\/v2\/media\/63576"}],"wp:attachment":[{"href":"https:\/\/ventesengros.fr\/nl\/wp-json\/wp\/v2\/media?parent=63575"}],"wp:term":[{"taxonomy":"product_brand","embeddable":true,"href":"https:\/\/ventesengros.fr\/nl\/wp-json\/wp\/v2\/product_brand?post=63575"},{"taxonomy":"product_cat","embeddable":true,"href":"https:\/\/ventesengros.fr\/nl\/wp-json\/wp\/v2\/product_cat?post=63575"},{"taxonomy":"product_tag","embeddable":true,"href":"https:\/\/ventesengros.fr\/nl\/wp-json\/wp\/v2\/product_tag?post=63575"}],"curies":[{"name":"wp","href":"https:\/\/api.w.org\/{rel}","templated":true}]}}