{"id":63243,"date":"2024-08-01T08:20:08","date_gmt":"2024-08-01T07:20:08","guid":{"rendered":"https:\/\/ventesengros.fr\/?post_type=product&#038;p=63243"},"modified":"2025-01-11T07:57:04","modified_gmt":"2025-01-11T06:57:04","slug":"poudre-de-shikakai","status":"publish","type":"product","link":"https:\/\/ventesengros.fr\/nl\/grossiste\/shikakaipoeder\/","title":{"rendered":"Shikakai poeder (verpakking van 1 kilo)"},"content":{"rendered":"<p>Shikakai poeder, een oude Indiase traditie, is een populair alternatief geworden in de wereld van moderne haarverzorging. Dit natuurlijke poeder wordt al eeuwenlang gebruikt vanwege zijn onvergelijkbare deugden en biedt <strong>reinheid, vitaliteit en glans<\/strong> voor het haar. Laten we eens meer te weten komen over de voordelen van shikakai, de beste manier om het te gebruiken en waarom groot inkopen voordelig kan zijn.<\/p>\n<h2><strong>Oorsprong van shikakaipoeder<\/strong><\/h2>\n<h3><strong>De Shikakai-boom<\/strong><\/h3>\n<p>Shikakai is afgeleid van de vrucht van een struik genaamd <em>Acacia concinna<\/em>, komt oorspronkelijk uit tropische gebieden in Azi\u00eb, met name India. Sinds mensenheugenis gebruiken inheemse volkeren de zaden en schors als een essentieel voedingssupplement. <strong>natuurlijke, zachte haarreiniger<\/strong>.<\/p>\n<h3><strong>Een voorouderlijke Indiaanse praktijk<\/strong><\/h3>\n<p>In de Indiase traditie worden bereidingen op basis van shikakai niet alleen gebruikt om het haar te wassen, maar ook om <strong>hun groei stimuleren<\/strong>, <strong>roos voorkomen<\/strong> en <strong>een gezonde hoofdhuid behouden<\/strong>. Deze kostbare kennis is van generatie op generatie doorgegeven. Hierdoor is shikakai een essentieel onderdeel geworden van haarverzorgingsrituelen.<\/p>\n<h2><strong>De voordelen van shikakai poeder voor het haar<\/strong><\/h2>\n<ul>\n<li><strong>Een zacht en effectief reinigingsmiddel: <\/strong>In tegenstelling tot conventionele shampoos, die vaak <strong style=\"color: #555555;\">agressieve sulfaten<\/strong><span style=\"color: #555555;\">, Shikakai poeder reinigt het haar op milde wijze zonder het te ontdoen van zijn natuurlijke oli\u00ebn. <\/span><strong style=\"color: #555555;\">natuurlijke oli\u00ebn<\/strong><span style=\"color: #555555;\">. Dit maakt het een uitstekende keuze voor mensen met droog of gevoelig haar.<\/span><\/li>\n<\/ul>\n<ul>\n<li><strong>Bevordert haargroei: <\/strong>Rijk aan <strong style=\"color: #555555;\">antioxidanten en vitaminen<\/strong><span style=\"color: #555555;\">, Shikakai poeder voedt de haarzakjes en stimuleert de haargroei. Regelmatig gebruik kan de haarschachten versterken en haaruitval aanzienlijk verminderen.<\/span><\/li>\n<\/ul>\n<ul>\n<li><strong>Voorkomt en behandelt roos: <\/strong>Dankzij de <strong style=\"color: #555555;\">schimmelwerende en antibacteri\u00eble eigenschappen<\/strong><span style=\"color: #555555;\">, Shikakai helpt de hoofdhuid gezond te houden door infecties en irritaties die roos kunnen veroorzaken te bestrijden. Een evenwichtige hoofdhuid betekent sterker, glanzender haar.<\/span><\/li>\n<\/ul>\n<h2><strong>Hoe gebruik je shikakai poeder dagelijks?<\/strong><\/h2>\n<ul>\n<li><strong>De shikakaipasta bereiden : <\/strong>Om een pasta te maken van shikakai poeder. Meng twee eetlepels poeder met warm water tot je een dikke, homogene consistentie krijgt. Deze pasta kan vervolgens worden aangebracht op de hoofdhuid en nat haar.<\/li>\n<\/ul>\n<ul>\n<li><strong>Aanbrengen en spoelen : <\/strong>Breng de shikakai pasta royaal aan op de hoofdhuid en masseer zachtjes met ronddraaiende bewegingen. Laat het 10 tot 15 minuten intrekken voordat je het grondig afspoelt met warm water. Voor de beste resultaten kun je dit ritueel twee keer per week herhalen.<\/li>\n<\/ul>\n<ul>\n<li><strong>Zelfgemaakte shampoos en maskers : <\/strong>Naast het traditionele gebruik als pasta kan shikakai ook worden verwerkt in <strong style=\"color: #555555;\">zelfgemaakte droogshampoo en haarmasker recepten<\/strong><span style=\"color: #555555;\"> in combinatie met andere natuurlijke ingredi\u00ebnten zoals amla, hibiscus en henna.<\/span><\/li>\n<\/ul>\n<h2><strong>Voordelen van groothandel shikakaipoeder<\/strong><\/h2>\n<ul>\n<li><strong>Kosten en besparingen : <\/strong>In bulk kopen betekent vaak <strong style=\"color: #555555;\">Voordeligere tarieven<\/strong><span style=\"color: #555555;\">, Dit verlaagt de gemiddelde kosten per gram product. Dit is vooral handig als je shikakai poeder onderdeel maakt van je vaste haarroutine.<\/span><\/li>\n<\/ul>\n<ul>\n<li><strong>Kwaliteit en duurzaamheid: <\/strong>Groot inkopen garandeert over het algemeen een constante aanvoer van kwaliteitsproducten, vooral wanneer producenten voldoen aan de hoge eisen die consumenten stellen aan de zuiverheid en werkzaamheid van shikakaipoeder.<\/li>\n<\/ul>\n<ul>\n<li><strong>Duurzame en ecologische inkoop : <\/strong>Door in bulk te kopen, help je ook mee om <strong style=\"color: #555555;\">onnodige plastic verpakking verminderen<\/strong><span style=\"color: #555555;\">, Het is een kleine stap naar een milieuvriendelijkere levensstijl. Het is een kleine stap naar een milieuvriendelijkere levensstijl.<\/span><\/li>\n<\/ul>\n<h3><strong>Verschillende toepassingen voor shikakaipoeder<\/strong><\/h3>\n<ul>\n<li><strong>Gezichtsverzorging : <\/strong>Minder bekend is dat shikakai ook gebruikt kan worden voor gezichtsverzorging. Dankzij zijn <strong style=\"color: #555555;\">antimicrobi\u00eble eigenschappen<\/strong><span style=\"color: #555555;\">, Het helpt de huid te zuiveren en puistjes te voorkomen. Meng gewoon een kleine hoeveelheid poeder met water om een zachte scrubpasta te maken.<\/span><\/li>\n<\/ul>\n<ul>\n<li><strong>Kleding wassen : <\/strong>Naast de voordelen voor het haar en de huid, wordt shikakai ook traditioneel gebruikt als een milieuvriendelijke reiniger voor <a href=\"https:\/\/ventesengros.fr\/nl\/djellaba-marocaine\/\"><strong>delicate kleding<\/strong><\/a><span style=\"color: #555555;\">. De natuurlijke ingredi\u00ebnten garanderen een wasmiddel dat de stoffen respecteert en hun kleuren behoudt.<\/span><\/li>\n<\/ul>\n<ul>\n<li><strong>Gebruik in tuinen : <\/strong>Restjes shikakaipoeder kunnen worden toegevoegd aan huishoudcompost. Door resten van shikakai-cosmeticapreparaten te verwerken. Je voegt waardevolle voedingsstoffen toe die je grond verrijken en een gezonde plantengroei bevorderen.<\/li>\n<\/ul>","protected":false},"excerpt":{"rendered":"<p>La poudre de shikakai, une tradition ancienne issue des pratiques indiennes, est devenue une alternative populaire dans le monde du soin capillaire moderne. Utilis\u00e9e depuis des si\u00e8cles pour ses vertus incomparables, cette poudre naturelle apporte propret\u00e9, vitalit\u00e9 et brillance aux cheveux. D\u00e9couvrons ensemble les bienfaits du shikakai, la meilleure mani\u00e8re de l&rsquo;utiliser, et pourquoi opter [&#8230;]\n","protected":false},"featured_media":63244,"template":"","meta":[],"product_brand":[],"product_cat":[360,59],"product_tag":[],"class_list":{"0":"post-63243","1":"product","2":"type-product","3":"status-publish","4":"has-post-thumbnail","6":"product_cat-produit-naturel-en-vrac","7":"product_cat-soin-et-bien-etre","9":"first","10":"instock","11":"shipping-taxable","12":"purchasable","13":"product-type-simple"},"_links":{"self":[{"href":"https:\/\/ventesengros.fr\/nl\/wp-json\/wp\/v2\/product\/63243","targetHints":{"allow":["GET"]}}],"collection":[{"href":"https:\/\/ventesengros.fr\/nl\/wp-json\/wp\/v2\/product"}],"about":[{"href":"https:\/\/ventesengros.fr\/nl\/wp-json\/wp\/v2\/types\/product"}],"wp:featuredmedia":[{"embeddable":true,"href":"https:\/\/ventesengros.fr\/nl\/wp-json\/wp\/v2\/media\/63244"}],"wp:attachment":[{"href":"https:\/\/ventesengros.fr\/nl\/wp-json\/wp\/v2\/media?parent=63243"}],"wp:term":[{"taxonomy":"product_brand","embeddable":true,"href":"https:\/\/ventesengros.fr\/nl\/wp-json\/wp\/v2\/product_brand?post=63243"},{"taxonomy":"product_cat","embeddable":true,"href":"https:\/\/ventesengros.fr\/nl\/wp-json\/wp\/v2\/product_cat?post=63243"},{"taxonomy":"product_tag","embeddable":true,"href":"https:\/\/ventesengros.fr\/nl\/wp-json\/wp\/v2\/product_tag?post=63243"}],"curies":[{"name":"wp","href":"https:\/\/api.w.org\/{rel}","templated":true}]}}